{"id":382,"date":"2025-01-29T10:15:27","date_gmt":"2025-01-29T08:15:27","guid":{"rendered":"https:\/\/webs.uab.cat\/jornadas-cau\/conference-venue\/the-architects\/"},"modified":"2025-01-29T10:15:27","modified_gmt":"2025-01-29T08:15:27","slug":"the-architects","status":"publish","type":"page","link":"https:\/\/webs.uab.cat\/jornadas-cau\/en\/conference-venue\/the-architects\/","title":{"rendered":"The Architects"},"content":{"rendered":"\n<div class=\"wp-block-columns is-layout-flex wp-container-core-columns-is-layout-9d6595d7 wp-block-columns-is-layout-flex\">\n<div class=\"wp-block-column is-layout-flow wp-block-column-is-layout-flow\" style=\"flex-basis:66.66%\">\n<p><strong>Llu\u00eds Dom\u00e8nech i Montaner (1850-1923)<\/strong><\/p>\n\n\n\n<p>The Hospital de la Santa Creu i Sant Pau is the most significant civil building of Catalan Modernism and the architect\u2019s most ambitious work. Llu\u00eds Dom\u00e8nech i Montaner is also known for other masterpieces, such as the Palau de la M\u00fasica Catalana, Casa Lle\u00f3 i Morera, Fonda Espa\u00f1a, Casa Fuster, Casa Nav\u00e0s, and Casa Thomas, among many others.<\/p>\n\n\n\n<p>You can find more information about Llu\u00eds Dom\u00e8nech i Montaner at the following link:<\/p>\n\n\n\n<div class=\"wp-block-buttons is-content-justification-center is-layout-flex wp-container-core-buttons-is-layout-16018d1d wp-block-buttons-is-layout-flex\">\n<div class=\"wp-block-button\"><a class=\"wp-block-button__link wp-element-button\" href=\"https:\/\/www.arquitecturacatalana.cat\/ca\/autors\/lluis-domenech-i-montaner\" target=\"_blank\" rel=\"noreferrer noopener\">Click here<\/a><\/div>\n<\/div>\n<\/div>\n\n\n\n<div class=\"wp-block-column is-layout-flow wp-block-column-is-layout-flow\" style=\"flex-basis:33.33%\">\n<figure class=\"wp-block-image size-full\"><img loading=\"lazy\" decoding=\"async\" width=\"450\" height=\"600\" src=\"https:\/\/webs.uab.cat\/jornadas-cau\/wp-content\/uploads\/sites\/570\/2025\/01\/Domenech-i-Muntaner.jpg\" alt=\"\" class=\"wp-image-166\" srcset=\"https:\/\/webs.uab.cat\/jornadas-cau\/wp-content\/uploads\/sites\/570\/2025\/01\/Domenech-i-Muntaner.jpg 450w, https:\/\/webs.uab.cat\/jornadas-cau\/wp-content\/uploads\/sites\/570\/2025\/01\/Domenech-i-Muntaner-225x300.jpg 225w\" sizes=\"auto, (max-width: 450px) 100vw, 450px\" \/><\/figure>\n<\/div>\n<\/div>\n\n\n\n<div class=\"wp-block-columns is-layout-flex wp-container-core-columns-is-layout-9d6595d7 wp-block-columns-is-layout-flex\">\n<div class=\"wp-block-column is-layout-flow wp-block-column-is-layout-flow\" style=\"flex-basis:33.33%\"><\/div>\n\n\n\n<div class=\"wp-block-column is-layout-flow wp-block-column-is-layout-flow\" style=\"flex-basis:66.66%\">\n<p><strong>Pere Dom\u00e8nech i Roura (1881-1962)<\/strong><\/p>\n\n\n\n<p>His son, Pere, is the author of the facade of the Montju\u00efc Olympic Stadium, the Casa de la Prensa for the 1929 International Exposition, and the Agricultural Cooperatives of l\u2019Espluga de Francol\u00ed and Sarral.<\/p>\n\n\n\n<p>You can find more information about Pere Dom\u00e8nech at the following link:<\/p>\n\n\n\n<div class=\"wp-block-buttons is-content-justification-center is-layout-flex wp-container-core-buttons-is-layout-16018d1d wp-block-buttons-is-layout-flex\">\n<div class=\"wp-block-button\"><a class=\"wp-block-button__link wp-element-button\" href=\"https:\/\/www.arquitecturacatalana.cat\/ca\/autors\/pere-domenech-i-roura#anchor2\">Click here<\/a><\/div>\n<\/div>\n<\/div>\n<\/div>\n\n\n\n<p><\/p>\n","protected":false},"excerpt":{"rendered":"<p>Llu\u00eds Dom\u00e8nech i Montaner (1850-1923) The Hospital de la Santa Creu i Sant Pau is the most significant civil building of Catalan Modernism and the architect\u2019s most ambitious work. Llu\u00eds Dom\u00e8nech i Montaner is also known for other masterpieces, such as the Palau de la M\u00fasica Catalana, Casa Lle\u00f3 i Morera, Fonda Espa\u00f1a, Casa Fuster, [&hellip;]<\/p>\n","protected":false},"author":3028,"featured_media":0,"parent":380,"menu_order":1,"comment_status":"closed","ping_status":"closed","template":"","meta":{"footnotes":""},"class_list":["post-382","page","type-page","status-publish","hentry"],"_links":{"self":[{"href":"https:\/\/webs.uab.cat\/jornadas-cau\/en\/wp-json\/wp\/v2\/pages\/382","targetHints":{"allow":["GET"]}}],"collection":[{"href":"https:\/\/webs.uab.cat\/jornadas-cau\/en\/wp-json\/wp\/v2\/pages"}],"about":[{"href":"https:\/\/webs.uab.cat\/jornadas-cau\/en\/wp-json\/wp\/v2\/types\/page"}],"author":[{"embeddable":true,"href":"https:\/\/webs.uab.cat\/jornadas-cau\/en\/wp-json\/wp\/v2\/users\/3028"}],"replies":[{"embeddable":true,"href":"https:\/\/webs.uab.cat\/jornadas-cau\/en\/wp-json\/wp\/v2\/comments?post=382"}],"version-history":[{"count":0,"href":"https:\/\/webs.uab.cat\/jornadas-cau\/en\/wp-json\/wp\/v2\/pages\/382\/revisions"}],"up":[{"embeddable":true,"href":"https:\/\/webs.uab.cat\/jornadas-cau\/en\/wp-json\/wp\/v2\/pages\/380"}],"wp:attachment":[{"href":"https:\/\/webs.uab.cat\/jornadas-cau\/en\/wp-json\/wp\/v2\/media?parent=382"}],"curies":[{"name":"wp","href":"https:\/\/api.w.org\/{rel}","templated":true}]}}