{"id":911,"date":"2025-06-18T10:09:43","date_gmt":"2025-06-18T08:09:43","guid":{"rendered":"https:\/\/webs.uab.cat\/jornadas-cau\/aurele-nicolet\/"},"modified":"2025-06-18T10:09:43","modified_gmt":"2025-06-18T08:09:43","slug":"aurele-nicolet","status":"publish","type":"page","link":"https:\/\/webs.uab.cat\/jornadas-cau\/en\/aurele-nicolet\/","title":{"rendered":"Aur\u00e8le Nicolet"},"content":{"rendered":"\n<p><strong>Researcher at the Haute \u00e9cole de gestion de Gen\u00e8ve (HEG-GE) \u2013 University of Applied Sciences and Arts Western Switzerland (HES-SO)<\/strong><br><\/p>\n\n\n\n<p>Aur\u00e8le Nicolet is a researcher in the Department of Information Sciences at the Haute \u00e9cole de gestion de Gen\u00e8ve \u2013 HES-SO. He earned his master\u2019s degree from the same institution in 2016 and has since been involved in archival science teaching and various research projects and professional mandates related to information governance in public and private institutions. In 2023, he began a PhD in information systems focused on the environmental impact of research data.  <\/p>\n","protected":false},"excerpt":{"rendered":"<p>Researcher at the Haute \u00e9cole de gestion de Gen\u00e8ve (HEG-GE) \u2013 University of Applied Sciences and Arts Western Switzerland (HES-SO) Aur\u00e8le Nicolet is a researcher in the Department of Information Sciences at the Haute \u00e9cole de gestion de Gen\u00e8ve \u2013 HES-SO. He earned his master\u2019s degree from the same institution in 2016 and has since [&hellip;]<\/p>\n","protected":false},"author":3028,"featured_media":0,"parent":0,"menu_order":0,"comment_status":"closed","ping_status":"closed","template":"","meta":{"footnotes":""},"class_list":["post-911","page","type-page","status-publish","hentry"],"_links":{"self":[{"href":"https:\/\/webs.uab.cat\/jornadas-cau\/en\/wp-json\/wp\/v2\/pages\/911","targetHints":{"allow":["GET"]}}],"collection":[{"href":"https:\/\/webs.uab.cat\/jornadas-cau\/en\/wp-json\/wp\/v2\/pages"}],"about":[{"href":"https:\/\/webs.uab.cat\/jornadas-cau\/en\/wp-json\/wp\/v2\/types\/page"}],"author":[{"embeddable":true,"href":"https:\/\/webs.uab.cat\/jornadas-cau\/en\/wp-json\/wp\/v2\/users\/3028"}],"replies":[{"embeddable":true,"href":"https:\/\/webs.uab.cat\/jornadas-cau\/en\/wp-json\/wp\/v2\/comments?post=911"}],"version-history":[{"count":0,"href":"https:\/\/webs.uab.cat\/jornadas-cau\/en\/wp-json\/wp\/v2\/pages\/911\/revisions"}],"wp:attachment":[{"href":"https:\/\/webs.uab.cat\/jornadas-cau\/en\/wp-json\/wp\/v2\/media?parent=911"}],"curies":[{"name":"wp","href":"https:\/\/api.w.org\/{rel}","templated":true}]}}