{"id":1033,"date":"2025-06-19T09:05:47","date_gmt":"2025-06-19T07:05:47","guid":{"rendered":"https:\/\/webs.uab.cat\/jornadas-cau\/?page_id=1033"},"modified":"2025-06-19T09:05:48","modified_gmt":"2025-06-19T07:05:48","slug":"karen-j-trivette","status":"publish","type":"page","link":"https:\/\/webs.uab.cat\/jornadas-cau\/karen-j-trivette\/","title":{"rendered":"Karen J. Trivette"},"content":{"rendered":"\n<p><strong>Profesora Visitante, Paris-Sorbonne Universit\u00e9 Abu Dhabi, y candidata a doctorado, EE. UU<\/strong><\/p>\n\n\n\n<p>Karen J. Trivette, MLS, PhD, es reclutadora de profesorado y facilitadora del registro de estudiantes en el programa de M\u00e1ster en Ciencias Archiv\u00edsticas impartido en ingl\u00e9s en la Universidad Alma Mater Europaea, Maribor, Eslovenia (AMEU). Tambi\u00e9n es profesora visitante en la Universidad Paris Sorbonne-Abu Dhabi, Emiratos \u00c1rabes Unidos. Trivette se jubil\u00f3 recientemente como profesora titular y jefa de Colecciones Especiales y Archivos Universitarios en el Fashion Institute of Technology-State University of New York, EE. UU. (2008-2024). Obtuvo su doctorado en Ciencias Archiv\u00edsticas en AMEU en mayo de 2025. Ha presentado en congresos archiv\u00edsticos locales, nacionales e internacionales, y ha escrito y editado numerosas publicaciones sobre archiv\u00edstica.<\/p>\n","protected":false},"excerpt":{"rendered":"<p>Profesora Visitante, Paris-Sorbonne Universit\u00e9 Abu Dhabi, y candidata a doctorado, EE. UU Karen J. Trivette, MLS, PhD, es reclutadora de profesorado y facilitadora del registro de estudiantes en el programa de M\u00e1ster en Ciencias Archiv\u00edsticas impartido en ingl\u00e9s en la Universidad Alma Mater Europaea, Maribor, Eslovenia (AMEU). Tambi\u00e9n es profesora visitante en la Universidad Paris [&hellip;]<\/p>\n","protected":false},"author":3028,"featured_media":0,"parent":0,"menu_order":0,"comment_status":"closed","ping_status":"closed","template":"","meta":{"footnotes":""},"class_list":["post-1033","page","type-page","status-publish","hentry"],"_links":{"self":[{"href":"https:\/\/webs.uab.cat\/jornadas-cau\/wp-json\/wp\/v2\/pages\/1033","targetHints":{"allow":["GET"]}}],"collection":[{"href":"https:\/\/webs.uab.cat\/jornadas-cau\/wp-json\/wp\/v2\/pages"}],"about":[{"href":"https:\/\/webs.uab.cat\/jornadas-cau\/wp-json\/wp\/v2\/types\/page"}],"author":[{"embeddable":true,"href":"https:\/\/webs.uab.cat\/jornadas-cau\/wp-json\/wp\/v2\/users\/3028"}],"replies":[{"embeddable":true,"href":"https:\/\/webs.uab.cat\/jornadas-cau\/wp-json\/wp\/v2\/comments?post=1033"}],"version-history":[{"count":1,"href":"https:\/\/webs.uab.cat\/jornadas-cau\/wp-json\/wp\/v2\/pages\/1033\/revisions"}],"predecessor-version":[{"id":1034,"href":"https:\/\/webs.uab.cat\/jornadas-cau\/wp-json\/wp\/v2\/pages\/1033\/revisions\/1034"}],"wp:attachment":[{"href":"https:\/\/webs.uab.cat\/jornadas-cau\/wp-json\/wp\/v2\/media?parent=1033"}],"curies":[{"name":"wp","href":"https:\/\/api.w.org\/{rel}","templated":true}]}}