{"id":118,"date":"2025-01-21T16:37:54","date_gmt":"2025-01-21T14:37:54","guid":{"rendered":"https:\/\/webs.uab.cat\/jornadas-cau\/?page_id=118"},"modified":"2025-10-13T14:23:39","modified_gmt":"2025-10-13T12:23:39","slug":"portada","status":"publish","type":"page","link":"https:\/\/webs.uab.cat\/jornadas-cau\/","title":{"rendered":"Presentaci\u00f3n"},"content":{"rendered":"\n<div class=\"wp-block-columns is-layout-flex wp-container-core-columns-is-layout-9d6595d7 wp-block-columns-is-layout-flex\">\n<div class=\"wp-block-column is-layout-flow wp-block-column-is-layout-flow\">\n<p><\/p>\n\n\n\n<p>En 1994, se celebraron en Valladolid las primeras <em>Jornadas de Archivos Universitarios<\/em>, organizadas por la <em>Conferencia de Archivos de las Universidades Espa\u00f1olas (CAU)<\/em>. Este evento naci\u00f3 con la finalidad de fomentar la colaboraci\u00f3n entre los archivos universitarios. Con un enfoque t\u00e9cnico, las jornadas se han consolidado como una herramienta esencial para el desarrollo y la consolidaci\u00f3n de los archivos en las universidades espa\u00f1olas. Adem\u00e1s, se han convertido en un importante punto de encuentro para los profesionales del \u00e1mbito de los archivos y la gesti\u00f3n documental, permitiendo compartir experiencias, inquietudes y proyectos.<\/p>\n<\/div>\n\n\n\n<div class=\"wp-block-column is-layout-flow wp-block-column-is-layout-flow\">\n<figure class=\"wp-block-image size-full\"><img loading=\"lazy\" decoding=\"async\" width=\"683\" height=\"1024\" src=\"https:\/\/webs.uab.cat\/jornadas-cau\/wp-content\/uploads\/sites\/570\/2025\/01\/ColumnesBellaterra07_a2014.jpg\" alt=\"Columnes de la UAB\" class=\"wp-image-123\" srcset=\"https:\/\/webs.uab.cat\/jornadas-cau\/wp-content\/uploads\/sites\/570\/2025\/01\/ColumnesBellaterra07_a2014.jpg 683w, https:\/\/webs.uab.cat\/jornadas-cau\/wp-content\/uploads\/sites\/570\/2025\/01\/ColumnesBellaterra07_a2014-200x300.jpg 200w\" sizes=\"auto, (max-width: 683px) 100vw, 683px\" \/><\/figure>\n<\/div>\n<\/div>\n\n\n\n<p>Este a\u00f1o 2025, las <strong>XXX Jornadas de Archivos Universitarios<\/strong> (CAU CRUE)  <strong>ICA\/SUV 2025 Annual International Conference<\/strong> tendr\u00e1n lugar los d\u00edas <strong>27 y 28 de octubre<\/strong> en la ciudad de <strong>Barcelona<\/strong>. Esta ser\u00e1 una oportunidad profesional perfecta para participar en ambos eventos, dos citas fundamentales para nuestra profesi\u00f3n.<\/p>\n\n\n\n<p>Las jornadas han sido organizadas conjuntamente por la <strong>Conferencia de Archivos de las Universidades Espa\u00f1olas (CAU CRUE)<\/strong> ,  <strong>la Secci\u00f3n de Archivos Universitarios del Consejo Internacional de Archivos (ICA\/SUV)<\/strong> y por la <strong>Universidad Aut\u00f3noma de Barcelona<\/strong> y tendr\u00e1n su sede en la <strong>Casa de Convalecencia del Hospital de la Santa Creu i Sant Pau<\/strong>.<\/p>\n\n\n\n<p><strong>Bajo el t\u00edtulo<\/strong> <em>\u00abArchivos de Universidades e Investigaci\u00f3n Innovadores. Retos para la Sostenibilidad\u00bb<\/em>, se tratar\u00e1n los desaf\u00edos y perspectivas que enfrentan los archivos universitarios relacionados con temas como el <strong>cambio clim\u00e1tico<\/strong> y la <strong>sostenibilidad<\/strong>. Estos retos pueden generar cambios significativos tanto en las infraestructuras de nuestros centros como en las pr\u00e1cticas archiv\u00edsticas. Un ejemplo de ello son las dificultades que enfrentan los archivos ante episodios clim\u00e1ticos como olas de calor o inundaciones. Estos son temas de actualidad que podr\u00edan implicar un replanteamiento profundo de aspectos como la <strong>preservaci\u00f3n y conservaci\u00f3n de los soportes<\/strong> o incluso la <strong>ubicaci\u00f3n y condiciones<\/strong> de los dep\u00f3sitos de archivo, con el fin de afrontar estas dificultades.<\/p>\n\n\n\n<p>Tambi\u00e9n se abordar\u00e1n temas relacionados con el <strong>creciente consumo energ\u00e9tico<\/strong>, que, dentro de la administraci\u00f3n electr\u00f3nica, hace que la evaluaci\u00f3n documental sea a\u00fan m\u00e1s clave para avanzar hacia la <strong>sostenibilidad<\/strong> de las administraciones.<\/p>\n\n\n\n<p>Las conferencias ser\u00e1n en castellano e ingl\u00e9s y habr\u00e1 traducci\u00f3n simult\u00e1nea.<\/p>\n\n\n\n<p>Fecha: 27 y 28 de octubre de 2025<\/p>\n\n\n\n<p>Lugar: Casa Convalecencia  (<a href=\"https:\/\/www.google.com\/maps\/place\/\/data=!4m2!3m1!1s0x12a4a2d105b682a3:0xf6aacc4955cd1d47?sa=X&amp;ved=1t:8290&amp;ictx=111\">Carrer de Sant Antoni Maria Claret, 171, Horta-Guinard\u00f3, 08041 Barcelona<\/a>)<\/p>\n\n\n\n<p><\/p>\n\n\n\n<p><strong>ORGANIZA: <\/strong><\/p>\n\n\n\n<div class=\"wp-block-group is-nowrap is-layout-flex wp-container-core-group-is-layout-ad2f72ca wp-block-group-is-layout-flex\">\n<figure class=\"wp-block-image size-medium\"><img loading=\"lazy\" decoding=\"async\" width=\"300\" height=\"169\" src=\"https:\/\/webs.uab.cat\/jornadas-cau\/wp-content\/uploads\/sites\/570\/2025\/10\/ica-1-1024x576-4-300x169.png\" alt=\"\" class=\"wp-image-1709\" srcset=\"https:\/\/webs.uab.cat\/jornadas-cau\/wp-content\/uploads\/sites\/570\/2025\/10\/ica-1-1024x576-4-300x169.png 300w, https:\/\/webs.uab.cat\/jornadas-cau\/wp-content\/uploads\/sites\/570\/2025\/10\/ica-1-1024x576-4-768x432.png 768w, https:\/\/webs.uab.cat\/jornadas-cau\/wp-content\/uploads\/sites\/570\/2025\/10\/ica-1-1024x576-4.png 1024w\" sizes=\"auto, (max-width: 300px) 100vw, 300px\" \/><\/figure>\n\n\n\n<figure class=\"wp-block-image size-full is-resized\"><img loading=\"lazy\" decoding=\"async\" width=\"1881\" height=\"706\" src=\"https:\/\/webs.uab.cat\/jornadas-cau\/wp-content\/uploads\/sites\/570\/2025\/09\/logotip-versio-1-principal-verd-8.jpg\" alt=\"\" class=\"wp-image-1609\" style=\"width:346px;height:auto\" srcset=\"https:\/\/webs.uab.cat\/jornadas-cau\/wp-content\/uploads\/sites\/570\/2025\/09\/logotip-versio-1-principal-verd-8.jpg 1881w, https:\/\/webs.uab.cat\/jornadas-cau\/wp-content\/uploads\/sites\/570\/2025\/09\/logotip-versio-1-principal-verd-8-300x113.jpg 300w, https:\/\/webs.uab.cat\/jornadas-cau\/wp-content\/uploads\/sites\/570\/2025\/09\/logotip-versio-1-principal-verd-8-1024x384.jpg 1024w, https:\/\/webs.uab.cat\/jornadas-cau\/wp-content\/uploads\/sites\/570\/2025\/09\/logotip-versio-1-principal-verd-8-768x288.jpg 768w, https:\/\/webs.uab.cat\/jornadas-cau\/wp-content\/uploads\/sites\/570\/2025\/09\/logotip-versio-1-principal-verd-8-1536x577.jpg 1536w, https:\/\/webs.uab.cat\/jornadas-cau\/wp-content\/uploads\/sites\/570\/2025\/09\/logotip-versio-1-principal-verd-8-1200x450.jpg 1200w\" sizes=\"auto, (max-width: 1881px) 100vw, 1881px\" \/><\/figure>\n<\/div>\n\n\n\n<div class=\"wp-block-group is-nowrap is-layout-flex wp-container-core-group-is-layout-ad2f72ca wp-block-group-is-layout-flex\">\n<figure class=\"wp-block-image size-large\"><img loading=\"lazy\" decoding=\"async\" width=\"1024\" height=\"410\" src=\"https:\/\/webs.uab.cat\/jornadas-cau\/wp-content\/uploads\/sites\/570\/2025\/10\/Secundario2_GT_Archivos_RGB-1-1024x410.jpg\" alt=\"\" class=\"wp-image-1706\" srcset=\"https:\/\/webs.uab.cat\/jornadas-cau\/wp-content\/uploads\/sites\/570\/2025\/10\/Secundario2_GT_Archivos_RGB-1-1024x410.jpg 1024w, https:\/\/webs.uab.cat\/jornadas-cau\/wp-content\/uploads\/sites\/570\/2025\/10\/Secundario2_GT_Archivos_RGB-1-300x120.jpg 300w, https:\/\/webs.uab.cat\/jornadas-cau\/wp-content\/uploads\/sites\/570\/2025\/10\/Secundario2_GT_Archivos_RGB-1-768x307.jpg 768w, https:\/\/webs.uab.cat\/jornadas-cau\/wp-content\/uploads\/sites\/570\/2025\/10\/Secundario2_GT_Archivos_RGB-1-1536x615.jpg 1536w, https:\/\/webs.uab.cat\/jornadas-cau\/wp-content\/uploads\/sites\/570\/2025\/10\/Secundario2_GT_Archivos_RGB-1-1200x480.jpg 1200w, https:\/\/webs.uab.cat\/jornadas-cau\/wp-content\/uploads\/sites\/570\/2025\/10\/Secundario2_GT_Archivos_RGB-1.jpg 1772w\" sizes=\"auto, (max-width: 1024px) 100vw, 1024px\" \/><\/figure>\n\n\n\n<figure class=\"wp-block-image size-large\"><img loading=\"lazy\" decoding=\"async\" width=\"1024\" height=\"236\" src=\"https:\/\/webs.uab.cat\/jornadas-cau\/wp-content\/uploads\/sites\/570\/2025\/10\/ministerio-cultura-sgae-1-1024x236.jpg\" alt=\"\" class=\"wp-image-1703\" srcset=\"https:\/\/webs.uab.cat\/jornadas-cau\/wp-content\/uploads\/sites\/570\/2025\/10\/ministerio-cultura-sgae-1-1024x236.jpg 1024w, https:\/\/webs.uab.cat\/jornadas-cau\/wp-content\/uploads\/sites\/570\/2025\/10\/ministerio-cultura-sgae-1-300x69.jpg 300w, https:\/\/webs.uab.cat\/jornadas-cau\/wp-content\/uploads\/sites\/570\/2025\/10\/ministerio-cultura-sgae-1-768x177.jpg 768w, https:\/\/webs.uab.cat\/jornadas-cau\/wp-content\/uploads\/sites\/570\/2025\/10\/ministerio-cultura-sgae-1-1536x354.jpg 1536w, https:\/\/webs.uab.cat\/jornadas-cau\/wp-content\/uploads\/sites\/570\/2025\/10\/ministerio-cultura-sgae-1-2048x472.jpg 2048w, https:\/\/webs.uab.cat\/jornadas-cau\/wp-content\/uploads\/sites\/570\/2025\/10\/ministerio-cultura-sgae-1-1200x277.jpg 1200w, https:\/\/webs.uab.cat\/jornadas-cau\/wp-content\/uploads\/sites\/570\/2025\/10\/ministerio-cultura-sgae-1-1980x456.jpg 1980w\" sizes=\"auto, (max-width: 1024px) 100vw, 1024px\" \/><\/figure>\n<\/div>\n\n\n\n<p><strong>PATROCINADORES:<\/strong><\/p>\n\n\n\n<div class=\"wp-block-group is-nowrap is-layout-flex wp-container-core-group-is-layout-ad2f72ca wp-block-group-is-layout-flex\">\n<figure class=\"wp-block-image size-medium wp-container-content-69bc4bdf\"><a href=\"https:\/\/www.ironmountain.com\/es-es\" target=\"_blank\" rel=\" noreferrer noopener\"><img loading=\"lazy\" decoding=\"async\" width=\"300\" height=\"78\" src=\"https:\/\/webs.uab.cat\/jornadas-cau\/wp-content\/uploads\/sites\/570\/2025\/09\/Iron-Mountain-3-300x78.jpg\" alt=\"\" class=\"wp-image-1509\" srcset=\"https:\/\/webs.uab.cat\/jornadas-cau\/wp-content\/uploads\/sites\/570\/2025\/09\/Iron-Mountain-3-300x78.jpg 300w, https:\/\/webs.uab.cat\/jornadas-cau\/wp-content\/uploads\/sites\/570\/2025\/09\/Iron-Mountain-3.jpg 420w\" sizes=\"auto, (max-width: 300px) 100vw, 300px\" \/><\/a><\/figure>\n\n\n\n<figure class=\"wp-block-image size-medium\"><a href=\"https:\/\/www.albadoc.com\/\" target=\"_blank\" rel=\" noreferrer noopener\"><img loading=\"lazy\" decoding=\"async\" width=\"300\" height=\"160\" src=\"https:\/\/webs.uab.cat\/jornadas-cau\/wp-content\/uploads\/sites\/570\/2025\/07\/Logo-albadoc-color-4-300x160.png\" alt=\"\" class=\"wp-image-1157\" srcset=\"https:\/\/webs.uab.cat\/jornadas-cau\/wp-content\/uploads\/sites\/570\/2025\/07\/Logo-albadoc-color-4-300x160.png 300w, https:\/\/webs.uab.cat\/jornadas-cau\/wp-content\/uploads\/sites\/570\/2025\/07\/Logo-albadoc-color-4-1024x547.png 1024w, https:\/\/webs.uab.cat\/jornadas-cau\/wp-content\/uploads\/sites\/570\/2025\/07\/Logo-albadoc-color-4-768x410.png 768w, https:\/\/webs.uab.cat\/jornadas-cau\/wp-content\/uploads\/sites\/570\/2025\/07\/Logo-albadoc-color-4-1536x820.png 1536w, https:\/\/webs.uab.cat\/jornadas-cau\/wp-content\/uploads\/sites\/570\/2025\/07\/Logo-albadoc-color-4-1200x641.png 1200w, https:\/\/webs.uab.cat\/jornadas-cau\/wp-content\/uploads\/sites\/570\/2025\/07\/Logo-albadoc-color-4.png 1772w\" sizes=\"auto, (max-width: 300px) 100vw, 300px\" \/><\/a><\/figure>\n\n\n\n<figure class=\"wp-block-image size-medium\"><img loading=\"lazy\" decoding=\"async\" width=\"300\" height=\"123\" src=\"https:\/\/webs.uab.cat\/jornadas-cau\/wp-content\/uploads\/sites\/570\/2025\/09\/Agtic_Logo_Blau-2-300x123.png\" alt=\"\" class=\"wp-image-1512\" srcset=\"https:\/\/webs.uab.cat\/jornadas-cau\/wp-content\/uploads\/sites\/570\/2025\/09\/Agtic_Logo_Blau-2-300x123.png 300w, https:\/\/webs.uab.cat\/jornadas-cau\/wp-content\/uploads\/sites\/570\/2025\/09\/Agtic_Logo_Blau-2-1024x421.png 1024w, https:\/\/webs.uab.cat\/jornadas-cau\/wp-content\/uploads\/sites\/570\/2025\/09\/Agtic_Logo_Blau-2-768x316.png 768w, https:\/\/webs.uab.cat\/jornadas-cau\/wp-content\/uploads\/sites\/570\/2025\/09\/Agtic_Logo_Blau-2-1536x631.png 1536w, https:\/\/webs.uab.cat\/jornadas-cau\/wp-content\/uploads\/sites\/570\/2025\/09\/Agtic_Logo_Blau-2-1200x493.png 1200w, https:\/\/webs.uab.cat\/jornadas-cau\/wp-content\/uploads\/sites\/570\/2025\/09\/Agtic_Logo_Blau-2.png 1845w\" sizes=\"auto, (max-width: 300px) 100vw, 300px\" \/><\/figure>\n<\/div>\n\n\n\n<div class=\"wp-block-group is-nowrap is-layout-flex wp-container-core-group-is-layout-ad2f72ca wp-block-group-is-layout-flex\">\n<figure class=\"wp-block-image size-full\"><a href=\"https:\/\/gircontrols.com\/\" target=\"_blank\" rel=\" noreferrer noopener\"><img loading=\"lazy\" decoding=\"async\" width=\"216\" height=\"118\" src=\"https:\/\/webs.uab.cat\/jornadas-cau\/wp-content\/uploads\/sites\/570\/2025\/09\/Captura-de-pantalla-2025-08-04-100203-1.jpg\" alt=\"\" class=\"wp-image-1515\" \/><\/a><\/figure>\n\n\n\n<figure class=\"wp-block-image size-medium wp-container-content-69bc4bdf\"><a href=\"https:\/\/www.universitasxxi.com\/\" target=\"_blank\" rel=\" noreferrer noopener\"><img loading=\"lazy\" decoding=\"async\" width=\"300\" height=\"150\" src=\"https:\/\/webs.uab.cat\/jornadas-cau\/wp-content\/uploads\/sites\/570\/2025\/09\/Logo-UNIVERSITAS-XXI-Vertical-Color-L-3-300x150.jpg\" alt=\"\" class=\"wp-image-1521\" srcset=\"https:\/\/webs.uab.cat\/jornadas-cau\/wp-content\/uploads\/sites\/570\/2025\/09\/Logo-UNIVERSITAS-XXI-Vertical-Color-L-3-300x150.jpg 300w, https:\/\/webs.uab.cat\/jornadas-cau\/wp-content\/uploads\/sites\/570\/2025\/09\/Logo-UNIVERSITAS-XXI-Vertical-Color-L-3-1024x513.jpg 1024w, https:\/\/webs.uab.cat\/jornadas-cau\/wp-content\/uploads\/sites\/570\/2025\/09\/Logo-UNIVERSITAS-XXI-Vertical-Color-L-3-768x384.jpg 768w, https:\/\/webs.uab.cat\/jornadas-cau\/wp-content\/uploads\/sites\/570\/2025\/09\/Logo-UNIVERSITAS-XXI-Vertical-Color-L-3-1536x769.jpg 1536w, https:\/\/webs.uab.cat\/jornadas-cau\/wp-content\/uploads\/sites\/570\/2025\/09\/Logo-UNIVERSITAS-XXI-Vertical-Color-L-3-2048x1025.jpg 2048w, https:\/\/webs.uab.cat\/jornadas-cau\/wp-content\/uploads\/sites\/570\/2025\/09\/Logo-UNIVERSITAS-XXI-Vertical-Color-L-3-1200x601.jpg 1200w, https:\/\/webs.uab.cat\/jornadas-cau\/wp-content\/uploads\/sites\/570\/2025\/09\/Logo-UNIVERSITAS-XXI-Vertical-Color-L-3-1980x991.jpg 1980w\" sizes=\"auto, (max-width: 300px) 100vw, 300px\" \/><\/a><\/figure>\n\n\n\n<figure class=\"wp-block-image size-medium is-style-rounded wp-container-content-69bc4bdf\"><a href=\"https:\/\/www.guadaltel.com\/\" target=\"_blank\" rel=\" noreferrer noopener\"><img loading=\"lazy\" decoding=\"async\" width=\"300\" height=\"111\" src=\"https:\/\/webs.uab.cat\/jornadas-cau\/wp-content\/uploads\/sites\/570\/2025\/09\/Logo-horizontal-1-300x111.png\" alt=\"\" class=\"wp-image-1524\" style=\"object-fit:cover\" srcset=\"https:\/\/webs.uab.cat\/jornadas-cau\/wp-content\/uploads\/sites\/570\/2025\/09\/Logo-horizontal-1-300x111.png 300w, https:\/\/webs.uab.cat\/jornadas-cau\/wp-content\/uploads\/sites\/570\/2025\/09\/Logo-horizontal-1.png 507w\" sizes=\"auto, (max-width: 300px) 100vw, 300px\" \/><\/a><\/figure>\n<\/div>\n\n\n\n<div class=\"wp-block-group is-nowrap is-layout-flex wp-container-core-group-is-layout-ad2f72ca wp-block-group-is-layout-flex\">\n<figure class=\"wp-block-image size-medium\"><a href=\"https:\/\/www.nageru.com\/es_ES\/\" target=\"_blank\" rel=\" noreferrer noopener\"><img loading=\"lazy\" decoding=\"async\" width=\"300\" height=\"212\" src=\"https:\/\/webs.uab.cat\/jornadas-cau\/wp-content\/uploads\/sites\/570\/2025\/09\/LogoNageru-azul-7-300x212.png\" alt=\"\" class=\"wp-image-1528\" srcset=\"https:\/\/webs.uab.cat\/jornadas-cau\/wp-content\/uploads\/sites\/570\/2025\/09\/LogoNageru-azul-7-300x212.png 300w, https:\/\/webs.uab.cat\/jornadas-cau\/wp-content\/uploads\/sites\/570\/2025\/09\/LogoNageru-azul-7-1024x724.png 1024w, https:\/\/webs.uab.cat\/jornadas-cau\/wp-content\/uploads\/sites\/570\/2025\/09\/LogoNageru-azul-7-768x543.png 768w, https:\/\/webs.uab.cat\/jornadas-cau\/wp-content\/uploads\/sites\/570\/2025\/09\/LogoNageru-azul-7-1536x1086.png 1536w, https:\/\/webs.uab.cat\/jornadas-cau\/wp-content\/uploads\/sites\/570\/2025\/09\/LogoNageru-azul-7-1200x849.png 1200w, https:\/\/webs.uab.cat\/jornadas-cau\/wp-content\/uploads\/sites\/570\/2025\/09\/LogoNageru-azul-7.png 1653w\" sizes=\"auto, (max-width: 300px) 100vw, 300px\" \/><\/a><\/figure>\n\n\n\n<figure class=\"wp-block-image size-medium\"><a href=\"https:\/\/eypar.com\/\" target=\"_blank\" rel=\" noreferrer noopener\"><img loading=\"lazy\" decoding=\"async\" width=\"300\" height=\"169\" src=\"https:\/\/webs.uab.cat\/jornadas-cau\/wp-content\/uploads\/sites\/570\/2025\/09\/EYPAR-1-300x169.jpg\" alt=\"\" class=\"wp-image-1531\" style=\"object-fit:cover\" srcset=\"https:\/\/webs.uab.cat\/jornadas-cau\/wp-content\/uploads\/sites\/570\/2025\/09\/EYPAR-1-300x169.jpg 300w, https:\/\/webs.uab.cat\/jornadas-cau\/wp-content\/uploads\/sites\/570\/2025\/09\/EYPAR-1-1024x576.jpg 1024w, https:\/\/webs.uab.cat\/jornadas-cau\/wp-content\/uploads\/sites\/570\/2025\/09\/EYPAR-1-768x432.jpg 768w, https:\/\/webs.uab.cat\/jornadas-cau\/wp-content\/uploads\/sites\/570\/2025\/09\/EYPAR-1-1536x864.jpg 1536w, https:\/\/webs.uab.cat\/jornadas-cau\/wp-content\/uploads\/sites\/570\/2025\/09\/EYPAR-1-1200x675.jpg 1200w, https:\/\/webs.uab.cat\/jornadas-cau\/wp-content\/uploads\/sites\/570\/2025\/09\/EYPAR-1.jpg 1920w\" sizes=\"auto, (max-width: 300px) 100vw, 300px\" \/><\/a><\/figure>\n\n\n\n<figure class=\"wp-block-image size-medium\"><a href=\"https:\/\/destruccioconfidencial.org\/\" target=\"_blank\" rel=\" noreferrer noopener\"><img loading=\"lazy\" decoding=\"async\" width=\"300\" height=\"105\" src=\"https:\/\/webs.uab.cat\/jornadas-cau\/wp-content\/uploads\/sites\/570\/2025\/09\/Junan-1-300x105.png\" alt=\"\" class=\"wp-image-1534\" srcset=\"https:\/\/webs.uab.cat\/jornadas-cau\/wp-content\/uploads\/sites\/570\/2025\/09\/Junan-1-300x105.png 300w, https:\/\/webs.uab.cat\/jornadas-cau\/wp-content\/uploads\/sites\/570\/2025\/09\/Junan-1-1024x357.png 1024w, https:\/\/webs.uab.cat\/jornadas-cau\/wp-content\/uploads\/sites\/570\/2025\/09\/Junan-1-768x268.png 768w, https:\/\/webs.uab.cat\/jornadas-cau\/wp-content\/uploads\/sites\/570\/2025\/09\/Junan-1-1536x536.png 1536w, https:\/\/webs.uab.cat\/jornadas-cau\/wp-content\/uploads\/sites\/570\/2025\/09\/Junan-1-1200x418.png 1200w, https:\/\/webs.uab.cat\/jornadas-cau\/wp-content\/uploads\/sites\/570\/2025\/09\/Junan-1.png 1764w\" sizes=\"auto, (max-width: 300px) 100vw, 300px\" \/><\/a><\/figure>\n<\/div>\n\n\n\n<p><\/p>\n","protected":false},"excerpt":{"rendered":"<p>En 1994, se celebraron en Valladolid las primeras Jornadas de Archivos Universitarios, organizadas por la Conferencia de Archivos de las Universidades Espa\u00f1olas (CAU). Este evento naci\u00f3 con la finalidad de fomentar la colaboraci\u00f3n entre los archivos universitarios. Con un enfoque t\u00e9cnico, las jornadas se han consolidado como una herramienta esencial para el desarrollo y la [&hellip;]<\/p>\n","protected":false},"author":8,"featured_media":0,"parent":0,"menu_order":0,"comment_status":"closed","ping_status":"closed","template":"","meta":{"footnotes":""},"class_list":["post-118","page","type-page","status-publish","hentry"],"_links":{"self":[{"href":"https:\/\/webs.uab.cat\/jornadas-cau\/wp-json\/wp\/v2\/pages\/118","targetHints":{"allow":["GET"]}}],"collection":[{"href":"https:\/\/webs.uab.cat\/jornadas-cau\/wp-json\/wp\/v2\/pages"}],"about":[{"href":"https:\/\/webs.uab.cat\/jornadas-cau\/wp-json\/wp\/v2\/types\/page"}],"author":[{"embeddable":true,"href":"https:\/\/webs.uab.cat\/jornadas-cau\/wp-json\/wp\/v2\/users\/8"}],"replies":[{"embeddable":true,"href":"https:\/\/webs.uab.cat\/jornadas-cau\/wp-json\/wp\/v2\/comments?post=118"}],"version-history":[{"count":56,"href":"https:\/\/webs.uab.cat\/jornadas-cau\/wp-json\/wp\/v2\/pages\/118\/revisions"}],"predecessor-version":[{"id":1745,"href":"https:\/\/webs.uab.cat\/jornadas-cau\/wp-json\/wp\/v2\/pages\/118\/revisions\/1745"}],"wp:attachment":[{"href":"https:\/\/webs.uab.cat\/jornadas-cau\/wp-json\/wp\/v2\/media?parent=118"}],"curies":[{"name":"wp","href":"https:\/\/api.w.org\/{rel}","templated":true}]}}