{"id":1383,"date":"2025-09-12T13:13:22","date_gmt":"2025-09-12T11:13:22","guid":{"rendered":"https:\/\/webs.uab.cat\/jornadas-cau\/jennifer-pelose\/"},"modified":"2025-09-12T13:13:22","modified_gmt":"2025-09-12T11:13:22","slug":"jennifer-pelose","status":"publish","type":"page","link":"https:\/\/webs.uab.cat\/jornadas-cau\/jennifer-pelose\/","title":{"rendered":"Jennifer Pelose"},"content":{"rendered":"\n<p><strong>Jefa de Proyectos Archiv\u00edsticos para los Servicios T\u00e9cnicos de Archivos, Artes y Colecciones Especiales, Universidad de Harvard <\/strong><\/p>\n\n\n\n<p>Jennifer Pelose es Jefa de Proyectos Archiv\u00edsticos para los Servicios T\u00e9cnicos de Archivos, Artes y Colecciones Especiales, donde gestiona proyectos de procesamiento a gran escala y a largo plazo en los Archivos de la Universidad de Harvard y la Biblioteca Houghton.&nbsp; Anteriormente, Jennifer ocup\u00f3 cargos de liderazgo en procesamiento en los Archivos de la Universidad de Harvard y en la Biblioteca de Medicina Countway.&nbsp; Jennifer posee un MSLIS y una Maestr\u00eda en Historia por la Universidad Simmons, as\u00ed como licenciaturas en Historia y Franc\u00e9s por Union College, Nueva York.<\/p>\n","protected":false},"excerpt":{"rendered":"<p>Jefa de Proyectos Archiv\u00edsticos para los Servicios T\u00e9cnicos de Archivos, Artes y Colecciones Especiales, Universidad de Harvard Jennifer Pelose es Jefa de Proyectos Archiv\u00edsticos para los Servicios T\u00e9cnicos de Archivos, Artes y Colecciones Especiales, donde gestiona proyectos de procesamiento a gran escala y a largo plazo en los Archivos de la Universidad de Harvard y [&hellip;]<\/p>\n","protected":false},"author":3028,"featured_media":0,"parent":0,"menu_order":0,"comment_status":"closed","ping_status":"closed","template":"","meta":{"footnotes":""},"class_list":["post-1383","page","type-page","status-publish","hentry"],"_links":{"self":[{"href":"https:\/\/webs.uab.cat\/jornadas-cau\/wp-json\/wp\/v2\/pages\/1383","targetHints":{"allow":["GET"]}}],"collection":[{"href":"https:\/\/webs.uab.cat\/jornadas-cau\/wp-json\/wp\/v2\/pages"}],"about":[{"href":"https:\/\/webs.uab.cat\/jornadas-cau\/wp-json\/wp\/v2\/types\/page"}],"author":[{"embeddable":true,"href":"https:\/\/webs.uab.cat\/jornadas-cau\/wp-json\/wp\/v2\/users\/3028"}],"replies":[{"embeddable":true,"href":"https:\/\/webs.uab.cat\/jornadas-cau\/wp-json\/wp\/v2\/comments?post=1383"}],"version-history":[{"count":0,"href":"https:\/\/webs.uab.cat\/jornadas-cau\/wp-json\/wp\/v2\/pages\/1383\/revisions"}],"wp:attachment":[{"href":"https:\/\/webs.uab.cat\/jornadas-cau\/wp-json\/wp\/v2\/media?parent=1383"}],"curies":[{"name":"wp","href":"https:\/\/api.w.org\/{rel}","templated":true}]}}