{"id":1395,"date":"2025-09-12T13:35:55","date_gmt":"2025-09-12T11:35:55","guid":{"rendered":"https:\/\/webs.uab.cat\/jornadas-cau\/lucia-yalla\/"},"modified":"2025-09-12T13:35:55","modified_gmt":"2025-09-12T11:35:55","slug":"lucia-yalla","status":"publish","type":"page","link":"https:\/\/webs.uab.cat\/jornadas-cau\/lucia-yalla\/","title":{"rendered":"Lucia Yalla"},"content":{"rendered":"\n<p><strong>Directora Interina de Biblioteca, Archivos y Exposiciones en el Centro Ellen Johnson Sirleaf para la Mujer y el Desarrollo<\/strong><\/p>\n\n\n\n<p>Lucia Yalla es la Directora Interina de Biblioteca, Archivos y Exposiciones en el Centro Ellen Johnson Sirleaf para la Mujer y el Desarrollo, y es responsable de supervisar el proceso de adquisici\u00f3n de archivos en el Centro para la Mujer y el Desarrollo. Lucia posee una Maestr\u00eda en Estudios de la Mujer y de G\u00e9nero por Eastern Michigan University (EE. UU.) y una Licenciatura en Ciencias en Agricultura por la Universidad de Liberia. <\/p>\n","protected":false},"excerpt":{"rendered":"<p>Directora Interina de Biblioteca, Archivos y Exposiciones en el Centro Ellen Johnson Sirleaf para la Mujer y el Desarrollo Lucia Yalla es la Directora Interina de Biblioteca, Archivos y Exposiciones en el Centro Ellen Johnson Sirleaf para la Mujer y el Desarrollo, y es responsable de supervisar el proceso de adquisici\u00f3n de archivos en el [&hellip;]<\/p>\n","protected":false},"author":3028,"featured_media":0,"parent":0,"menu_order":0,"comment_status":"closed","ping_status":"closed","template":"","meta":{"footnotes":""},"class_list":["post-1395","page","type-page","status-publish","hentry"],"_links":{"self":[{"href":"https:\/\/webs.uab.cat\/jornadas-cau\/wp-json\/wp\/v2\/pages\/1395","targetHints":{"allow":["GET"]}}],"collection":[{"href":"https:\/\/webs.uab.cat\/jornadas-cau\/wp-json\/wp\/v2\/pages"}],"about":[{"href":"https:\/\/webs.uab.cat\/jornadas-cau\/wp-json\/wp\/v2\/types\/page"}],"author":[{"embeddable":true,"href":"https:\/\/webs.uab.cat\/jornadas-cau\/wp-json\/wp\/v2\/users\/3028"}],"replies":[{"embeddable":true,"href":"https:\/\/webs.uab.cat\/jornadas-cau\/wp-json\/wp\/v2\/comments?post=1395"}],"version-history":[{"count":0,"href":"https:\/\/webs.uab.cat\/jornadas-cau\/wp-json\/wp\/v2\/pages\/1395\/revisions"}],"wp:attachment":[{"href":"https:\/\/webs.uab.cat\/jornadas-cau\/wp-json\/wp\/v2\/media?parent=1395"}],"curies":[{"name":"wp","href":"https:\/\/api.w.org\/{rel}","templated":true}]}}