{"id":1396,"date":"2025-09-12T13:34:16","date_gmt":"2025-09-12T11:34:16","guid":{"rendered":"https:\/\/webs.uab.cat\/jornadas-cau\/riain-ross-hager\/"},"modified":"2025-09-12T13:34:16","modified_gmt":"2025-09-12T11:34:16","slug":"riain-ross-hager","status":"publish","type":"page","link":"https:\/\/webs.uab.cat\/jornadas-cau\/riain-ross-hager\/","title":{"rendered":"Riain Ross-Hager"},"content":{"rendered":"\n<p><strong>Archivero del Proyecto Ellen Johnson Sirleaf en los Archivos de la Universidad de Harvard<\/strong><\/p>\n\n\n\n<p>Riain Ross-Hager se desempe\u00f1a como Archivero del Proyecto Ellen Johnson Sirleaf en los Archivos de la Universidad de Harvard. En este cargo, Riain es responsable de procesar m\u00e1s de 50 pies c\u00fabicos de documentos que conforman el archivo personal de Ellen Johnson Sirleaf. Los documentos de Ellen Johnson Sirleaf registran su vida y su hist\u00f3rica carrera pol\u00edtica como Presidenta de Liberia y como la primera mujer jefa de estado elegida democr\u00e1ticamente en \u00c1frica, cargo que desempe\u00f1\u00f3 de 2006 a 2018.  <\/p>\n","protected":false},"excerpt":{"rendered":"<p>Archivero del Proyecto Ellen Johnson Sirleaf en los Archivos de la Universidad de Harvard Riain Ross-Hager se desempe\u00f1a como Archivero del Proyecto Ellen Johnson Sirleaf en los Archivos de la Universidad de Harvard. En este cargo, Riain es responsable de procesar m\u00e1s de 50 pies c\u00fabicos de documentos que conforman el archivo personal de Ellen [&hellip;]<\/p>\n","protected":false},"author":3028,"featured_media":0,"parent":0,"menu_order":0,"comment_status":"closed","ping_status":"closed","template":"","meta":{"footnotes":""},"class_list":["post-1396","page","type-page","status-publish","hentry"],"_links":{"self":[{"href":"https:\/\/webs.uab.cat\/jornadas-cau\/wp-json\/wp\/v2\/pages\/1396","targetHints":{"allow":["GET"]}}],"collection":[{"href":"https:\/\/webs.uab.cat\/jornadas-cau\/wp-json\/wp\/v2\/pages"}],"about":[{"href":"https:\/\/webs.uab.cat\/jornadas-cau\/wp-json\/wp\/v2\/types\/page"}],"author":[{"embeddable":true,"href":"https:\/\/webs.uab.cat\/jornadas-cau\/wp-json\/wp\/v2\/users\/3028"}],"replies":[{"embeddable":true,"href":"https:\/\/webs.uab.cat\/jornadas-cau\/wp-json\/wp\/v2\/comments?post=1396"}],"version-history":[{"count":0,"href":"https:\/\/webs.uab.cat\/jornadas-cau\/wp-json\/wp\/v2\/pages\/1396\/revisions"}],"wp:attachment":[{"href":"https:\/\/webs.uab.cat\/jornadas-cau\/wp-json\/wp\/v2\/media?parent=1396"}],"curies":[{"name":"wp","href":"https:\/\/api.w.org\/{rel}","templated":true}]}}