{"id":731,"date":"2025-06-18T08:45:51","date_gmt":"2025-06-18T06:45:51","guid":{"rendered":"https:\/\/webs.uab.cat\/jornadas-cau\/?page_id=731"},"modified":"2026-01-19T10:26:00","modified_gmt":"2026-01-19T08:26:00","slug":"731-2","status":"publish","type":"page","link":"https:\/\/webs.uab.cat\/jornadas-cau\/731-2\/","title":{"rendered":"C\u00f3mo contribuir a la formaci\u00f3n de ciudadanos desde los archivos. La experiencia del Archivo General de la Universidad de Navarra"},"content":{"rendered":"\n<p>El objetivo de esta comunicaci\u00f3n es dar a conocer el trabajo realizado desde el Archivo General de la Universidad de Navarra para acercar el patrimonio documental que conserva a la sociedad y contribuir as\u00ed a una educaci\u00f3n de calidad, formando ciudadanos que conozcan y valoren su pasado. <\/p>\n\n\n\n<p>A lo largo de la comunicaci\u00f3n, se expondr\u00e1n y analizar\u00e1n algunos de los proyectos realizados, primero con los estudiantes de grado y M\u00e1ster de la propia Universidad y despu\u00e9s con los de los centros navarros que ofrecen el bachillerato de investigaci\u00f3n. Se desglosar\u00e1 la metodolog\u00eda propuesta a los centros como sistema de trabajo y se estudiar\u00e1n casos concretos de las dos modalidades y sus resultados.<\/p>\n\n\n\n<p>Para desarrollar estos proyectos se ha contado con los m\u00e1s de 360 fondos  personales que se conservan en el Archivo General de la UNAV, que una vez organizados, clasificados, descritos y valorados, son los que se ofrecen al profesorado y al alumnado para realizar los distintos proyectos y experiencias: https:\/\/www.unav.edu\/web\/fondos-personales.<\/p>\n\n\n\n<p>De esta manera, se ha conseguido acercar al alumnado a las fuentes primarias fomentando el uso de materiales originales en la investigaci\u00f3n, a trav\u00e9s de la voz de los propios protagonistas de los hechos, contribuyendo as\u00ed a formar personas informadas, con criterio y esp\u00edritu cr\u00edtico.<\/p>\n\n\n\n<p>Con esta comunicaci\u00f3n se pretende mostrar c\u00f3mo los Archivos pueden colaborar con distintos sectores de la sociedad, haci\u00e9ndose m\u00e1s visibles y ofreciendo un servicio innovador<\/p>\n\n\n\n<figure class=\"wp-block-embed is-type-video is-provider-youtube wp-block-embed-youtube wp-embed-aspect-16-9 wp-has-aspect-ratio\"><div class=\"wp-block-embed__wrapper\">\n<iframe loading=\"lazy\" title=\"Confer\u00e8ncia In\u00e9s Irurita (Univ.de Navarra)\" width=\"580\" height=\"326\" src=\"https:\/\/www.youtube.com\/embed\/RkjPn39IdQU?feature=oembed\" frameborder=\"0\" allow=\"accelerometer; autoplay; clipboard-write; encrypted-media; gyroscope; picture-in-picture; web-share\" referrerpolicy=\"strict-origin-when-cross-origin\" allowfullscreen><\/iframe>\n<\/div><\/figure>\n","protected":false},"excerpt":{"rendered":"<p>El objetivo de esta comunicaci\u00f3n es dar a conocer el trabajo realizado desde el Archivo General de la Universidad de Navarra para acercar el patrimonio documental que conserva a la sociedad y contribuir as\u00ed a una educaci\u00f3n de calidad, formando ciudadanos que conozcan y valoren su pasado. A lo largo de la comunicaci\u00f3n, se expondr\u00e1n [&hellip;]<\/p>\n","protected":false},"author":3028,"featured_media":0,"parent":0,"menu_order":0,"comment_status":"closed","ping_status":"closed","template":"","meta":{"footnotes":""},"class_list":["post-731","page","type-page","status-publish","hentry"],"_links":{"self":[{"href":"https:\/\/webs.uab.cat\/jornadas-cau\/wp-json\/wp\/v2\/pages\/731","targetHints":{"allow":["GET"]}}],"collection":[{"href":"https:\/\/webs.uab.cat\/jornadas-cau\/wp-json\/wp\/v2\/pages"}],"about":[{"href":"https:\/\/webs.uab.cat\/jornadas-cau\/wp-json\/wp\/v2\/types\/page"}],"author":[{"embeddable":true,"href":"https:\/\/webs.uab.cat\/jornadas-cau\/wp-json\/wp\/v2\/users\/3028"}],"replies":[{"embeddable":true,"href":"https:\/\/webs.uab.cat\/jornadas-cau\/wp-json\/wp\/v2\/comments?post=731"}],"version-history":[{"count":3,"href":"https:\/\/webs.uab.cat\/jornadas-cau\/wp-json\/wp\/v2\/pages\/731\/revisions"}],"predecessor-version":[{"id":2044,"href":"https:\/\/webs.uab.cat\/jornadas-cau\/wp-json\/wp\/v2\/pages\/731\/revisions\/2044"}],"wp:attachment":[{"href":"https:\/\/webs.uab.cat\/jornadas-cau\/wp-json\/wp\/v2\/media?parent=731"}],"curies":[{"name":"wp","href":"https:\/\/api.w.org\/{rel}","templated":true}]}}