{"id":734,"date":"2025-06-18T08:52:40","date_gmt":"2025-06-18T06:52:40","guid":{"rendered":"https:\/\/webs.uab.cat\/jornadas-cau\/?page_id=734"},"modified":"2025-06-18T08:52:40","modified_gmt":"2025-06-18T06:52:40","slug":"carrie-schwier","status":"publish","type":"page","link":"https:\/\/webs.uab.cat\/jornadas-cau\/carrie-schwier\/","title":{"rendered":"Carrie Schwier"},"content":{"rendered":"\n<p><strong>Directora Asociada y Jefa de Colecciones Especiales en la Universidad de Indiana.<\/strong><\/p>\n\n\n\n<p>Recientemente, su trabajo se ha centrado en la planificaci\u00f3n estrat\u00e9gica, la supervisi\u00f3n de los servicios de acceso, la colaboraci\u00f3n con el profesorado para dise\u00f1ar e implementar ense\u00f1anza basada en fuentes primarias, y la coordinaci\u00f3n de actividades de divulgaci\u00f3n. Cuenta con m\u00e1s de 15 a\u00f1os de experiencia en la profesi\u00f3n. Carrie posee un M.L.S. con especializaci\u00f3n en archivos y un M.A. en Historia del Arte, ambos por la Universidad de Indiana. Imparte conferencias y escribe sobre alfabetizaci\u00f3n en fuentes primarias, equidad educativa, iniciativas de divulgaci\u00f3n archiv\u00edstica e historia universitaria.<\/p>\n","protected":false},"excerpt":{"rendered":"<p>Directora Asociada y Jefa de Colecciones Especiales en la Universidad de Indiana. Recientemente, su trabajo se ha centrado en la planificaci\u00f3n estrat\u00e9gica, la supervisi\u00f3n de los servicios de acceso, la colaboraci\u00f3n con el profesorado para dise\u00f1ar e implementar ense\u00f1anza basada en fuentes primarias, y la coordinaci\u00f3n de actividades de divulgaci\u00f3n. Cuenta con m\u00e1s de 15 [&hellip;]<\/p>\n","protected":false},"author":3028,"featured_media":0,"parent":0,"menu_order":0,"comment_status":"closed","ping_status":"closed","template":"","meta":{"footnotes":""},"class_list":["post-734","page","type-page","status-publish","hentry"],"_links":{"self":[{"href":"https:\/\/webs.uab.cat\/jornadas-cau\/wp-json\/wp\/v2\/pages\/734","targetHints":{"allow":["GET"]}}],"collection":[{"href":"https:\/\/webs.uab.cat\/jornadas-cau\/wp-json\/wp\/v2\/pages"}],"about":[{"href":"https:\/\/webs.uab.cat\/jornadas-cau\/wp-json\/wp\/v2\/types\/page"}],"author":[{"embeddable":true,"href":"https:\/\/webs.uab.cat\/jornadas-cau\/wp-json\/wp\/v2\/users\/3028"}],"replies":[{"embeddable":true,"href":"https:\/\/webs.uab.cat\/jornadas-cau\/wp-json\/wp\/v2\/comments?post=734"}],"version-history":[{"count":1,"href":"https:\/\/webs.uab.cat\/jornadas-cau\/wp-json\/wp\/v2\/pages\/734\/revisions"}],"predecessor-version":[{"id":735,"href":"https:\/\/webs.uab.cat\/jornadas-cau\/wp-json\/wp\/v2\/pages\/734\/revisions\/735"}],"wp:attachment":[{"href":"https:\/\/webs.uab.cat\/jornadas-cau\/wp-json\/wp\/v2\/media?parent=734"}],"curies":[{"name":"wp","href":"https:\/\/api.w.org\/{rel}","templated":true}]}}