{"id":772,"date":"2025-06-18T09:02:27","date_gmt":"2025-06-18T07:02:27","guid":{"rendered":"https:\/\/webs.uab.cat\/jornadas-cau\/?page_id=772"},"modified":"2025-06-18T09:02:28","modified_gmt":"2025-06-18T07:02:28","slug":"ariadna-morente-pages","status":"publish","type":"page","link":"https:\/\/webs.uab.cat\/jornadas-cau\/ariadna-morente-pages\/","title":{"rendered":"Ariadna Morente Pag\u00e8s"},"content":{"rendered":"\n<p><strong>Coordinadora de formaci\u00f3n continua en Escuela FUAB Formaci\u00f3 de la Universidad Aut\u00f3noma de Barcelona<\/strong><\/p>\n\n\n\n<p>M\u00e1ster en Archiv\u00edstica y gesti\u00f3n de documentos por la ESAGED de la Universidad<br>Aut\u00f3noma de Barcelona. Desde 2021 es Coordinadora de formaci\u00f3n continua en ESAGED, donde se encarga de elaborar las propuestas formativas en el \u00e1mbito de la archiv\u00edstica y la gesti\u00f3n de los documentos. Tambi\u00e9n realiza docencia y consultor\u00edas. Desde 2024 ocupa el cargo de Coordinadora de Formaci\u00f3n Permanente en la Escuela FUAB Formaci\u00f3, donde se encarga de la toma de decisiones estrat\u00e9gicas, as\u00ed como de la innovaci\u00f3n docente y la implantaci\u00f3n del Plan de Microcredenciales en la instituci\u00f3n.<\/p>\n","protected":false},"excerpt":{"rendered":"<p>Coordinadora de formaci\u00f3n continua en Escuela FUAB Formaci\u00f3 de la Universidad Aut\u00f3noma de Barcelona M\u00e1ster en Archiv\u00edstica y gesti\u00f3n de documentos por la ESAGED de la UniversidadAut\u00f3noma de Barcelona. Desde 2021 es Coordinadora de formaci\u00f3n continua en ESAGED, donde se encarga de elaborar las propuestas formativas en el \u00e1mbito de la archiv\u00edstica y la gesti\u00f3n [&hellip;]<\/p>\n","protected":false},"author":3028,"featured_media":0,"parent":0,"menu_order":0,"comment_status":"closed","ping_status":"closed","template":"","meta":{"footnotes":""},"class_list":["post-772","page","type-page","status-publish","hentry"],"_links":{"self":[{"href":"https:\/\/webs.uab.cat\/jornadas-cau\/wp-json\/wp\/v2\/pages\/772","targetHints":{"allow":["GET"]}}],"collection":[{"href":"https:\/\/webs.uab.cat\/jornadas-cau\/wp-json\/wp\/v2\/pages"}],"about":[{"href":"https:\/\/webs.uab.cat\/jornadas-cau\/wp-json\/wp\/v2\/types\/page"}],"author":[{"embeddable":true,"href":"https:\/\/webs.uab.cat\/jornadas-cau\/wp-json\/wp\/v2\/users\/3028"}],"replies":[{"embeddable":true,"href":"https:\/\/webs.uab.cat\/jornadas-cau\/wp-json\/wp\/v2\/comments?post=772"}],"version-history":[{"count":1,"href":"https:\/\/webs.uab.cat\/jornadas-cau\/wp-json\/wp\/v2\/pages\/772\/revisions"}],"predecessor-version":[{"id":774,"href":"https:\/\/webs.uab.cat\/jornadas-cau\/wp-json\/wp\/v2\/pages\/772\/revisions\/774"}],"wp:attachment":[{"href":"https:\/\/webs.uab.cat\/jornadas-cau\/wp-json\/wp\/v2\/media?parent=772"}],"curies":[{"name":"wp","href":"https:\/\/api.w.org\/{rel}","templated":true}]}}