{"id":779,"date":"2025-06-18T09:08:20","date_gmt":"2025-06-18T07:08:20","guid":{"rendered":"https:\/\/webs.uab.cat\/jornadas-cau\/?page_id=779"},"modified":"2025-06-18T09:09:39","modified_gmt":"2025-06-18T07:09:39","slug":"irina-schmid","status":"publish","type":"page","link":"https:\/\/webs.uab.cat\/jornadas-cau\/irina-schmid\/","title":{"rendered":"Irina Schmid"},"content":{"rendered":"\n<p><strong>L\u00edder de Digitalizaci\u00f3n, Universidad Americana de El Cairo<\/strong><\/p>\n\n\n\n<p>Irina dirige el Centro de Digitalizaci\u00f3n de la Universidad Americana de El Cairo, siendo responsable de formular y aplicar estrategias tecnol\u00f3gicas para la conversi\u00f3n digital y los procesos asociados. Colabora con su colega en el desarrollo de estrategias para ofrecer colecciones digitales a los departamentos educativos. Estas estrategias emplean flujos de trabajo impulsados por la tecnolog\u00eda para mejorar la producci\u00f3n, preservaci\u00f3n y gesti\u00f3n de datos, al tiempo que fomentan la creatividad, el aprendizaje, la comprensi\u00f3n y la innovaci\u00f3n. Antes de incorporarse a la AUC, Irina colabor\u00f3 con organizaciones culturales, asesor\u00e1ndolas en estrategias operativas eficaces y aspectos log\u00edsticos.<\/p>\n","protected":false},"excerpt":{"rendered":"<p>L\u00edder de Digitalizaci\u00f3n, Universidad Americana de El Cairo Irina dirige el Centro de Digitalizaci\u00f3n de la Universidad Americana de El Cairo, siendo responsable de formular y aplicar estrategias tecnol\u00f3gicas para la conversi\u00f3n digital y los procesos asociados. Colabora con su colega en el desarrollo de estrategias para ofrecer colecciones digitales a los departamentos educativos. Estas [&hellip;]<\/p>\n","protected":false},"author":3028,"featured_media":0,"parent":0,"menu_order":0,"comment_status":"closed","ping_status":"closed","template":"","meta":{"footnotes":""},"class_list":["post-779","page","type-page","status-publish","hentry"],"_links":{"self":[{"href":"https:\/\/webs.uab.cat\/jornadas-cau\/wp-json\/wp\/v2\/pages\/779","targetHints":{"allow":["GET"]}}],"collection":[{"href":"https:\/\/webs.uab.cat\/jornadas-cau\/wp-json\/wp\/v2\/pages"}],"about":[{"href":"https:\/\/webs.uab.cat\/jornadas-cau\/wp-json\/wp\/v2\/types\/page"}],"author":[{"embeddable":true,"href":"https:\/\/webs.uab.cat\/jornadas-cau\/wp-json\/wp\/v2\/users\/3028"}],"replies":[{"embeddable":true,"href":"https:\/\/webs.uab.cat\/jornadas-cau\/wp-json\/wp\/v2\/comments?post=779"}],"version-history":[{"count":2,"href":"https:\/\/webs.uab.cat\/jornadas-cau\/wp-json\/wp\/v2\/pages\/779\/revisions"}],"predecessor-version":[{"id":782,"href":"https:\/\/webs.uab.cat\/jornadas-cau\/wp-json\/wp\/v2\/pages\/779\/revisions\/782"}],"wp:attachment":[{"href":"https:\/\/webs.uab.cat\/jornadas-cau\/wp-json\/wp\/v2\/media?parent=779"}],"curies":[{"name":"wp","href":"https:\/\/api.w.org\/{rel}","templated":true}]}}