{"id":792,"date":"2025-06-18T09:20:00","date_gmt":"2025-06-18T07:20:00","guid":{"rendered":"https:\/\/webs.uab.cat\/jornadas-cau\/?page_id=792"},"modified":"2025-06-18T09:20:01","modified_gmt":"2025-06-18T07:20:01","slug":"ruth-e-bryan","status":"publish","type":"page","link":"https:\/\/webs.uab.cat\/jornadas-cau\/ruth-e-bryan\/","title":{"rendered":"Ruth E. Bryan"},"content":{"rendered":"\n<p><strong>Archivera del Centro de Investigaci\u00f3n de Colecciones Especiales de las Bibliotecas de la Universidad de Kentucky, en Lexington, EE. UU<\/strong><\/p>\n\n\n\n<p>Ruth E. Bryan\u00a0es Archivera Certificada y Archivera Universitaria en el Centro de Investigaci\u00f3n de Colecciones Especiales de las Bibliotecas de la Universidad de Kentucky, en Lexington, EE. UU. Lidera las relaciones con donantes, la valoraci\u00f3n archiv\u00edstica, la gesti\u00f3n de colecciones y los servicios p\u00fablicos y de divulgaci\u00f3n relacionados con los registros de la universidad y colecciones asociadas.<\/p>\n\n\n\n<p><\/p>\n","protected":false},"excerpt":{"rendered":"<p>Archivera del Centro de Investigaci\u00f3n de Colecciones Especiales de las Bibliotecas de la Universidad de Kentucky, en Lexington, EE. UU Ruth E. Bryan\u00a0es Archivera Certificada y Archivera Universitaria en el Centro de Investigaci\u00f3n de Colecciones Especiales de las Bibliotecas de la Universidad de Kentucky, en Lexington, EE. UU. Lidera las relaciones con donantes, la valoraci\u00f3n [&hellip;]<\/p>\n","protected":false},"author":3028,"featured_media":0,"parent":0,"menu_order":0,"comment_status":"closed","ping_status":"closed","template":"","meta":{"footnotes":""},"class_list":["post-792","page","type-page","status-publish","hentry"],"_links":{"self":[{"href":"https:\/\/webs.uab.cat\/jornadas-cau\/wp-json\/wp\/v2\/pages\/792","targetHints":{"allow":["GET"]}}],"collection":[{"href":"https:\/\/webs.uab.cat\/jornadas-cau\/wp-json\/wp\/v2\/pages"}],"about":[{"href":"https:\/\/webs.uab.cat\/jornadas-cau\/wp-json\/wp\/v2\/types\/page"}],"author":[{"embeddable":true,"href":"https:\/\/webs.uab.cat\/jornadas-cau\/wp-json\/wp\/v2\/users\/3028"}],"replies":[{"embeddable":true,"href":"https:\/\/webs.uab.cat\/jornadas-cau\/wp-json\/wp\/v2\/comments?post=792"}],"version-history":[{"count":1,"href":"https:\/\/webs.uab.cat\/jornadas-cau\/wp-json\/wp\/v2\/pages\/792\/revisions"}],"predecessor-version":[{"id":793,"href":"https:\/\/webs.uab.cat\/jornadas-cau\/wp-json\/wp\/v2\/pages\/792\/revisions\/793"}],"wp:attachment":[{"href":"https:\/\/webs.uab.cat\/jornadas-cau\/wp-json\/wp\/v2\/media?parent=792"}],"curies":[{"name":"wp","href":"https:\/\/api.w.org\/{rel}","templated":true}]}}