{"id":833,"date":"2025-06-18T09:46:49","date_gmt":"2025-06-18T07:46:49","guid":{"rendered":"https:\/\/webs.uab.cat\/jornadas-cau\/?page_id=833"},"modified":"2025-06-18T09:46:49","modified_gmt":"2025-06-18T07:46:49","slug":"elizabeth-day","status":"publish","type":"page","link":"https:\/\/webs.uab.cat\/jornadas-cau\/elizabeth-day\/","title":{"rendered":"Elizabeth Day"},"content":{"rendered":"\n<p><strong>Archivera Adjunta de Gesti\u00f3n de Documentos, Universidad Americana de El Cairo, Egipto<\/strong><\/p>\n\n\n\n<p>Elizabeth H. Day es Archivera Adjunta para la Gesti\u00f3n Documental en la Universidad Americana de El Cairo. Se encarga de la gesti\u00f3n de la informaci\u00f3n tanto f\u00edsica como digital de la universidad, y apoya la colecci\u00f3n de registros universitarios de la Biblioteca de Libros Raros y Colecciones Especiales. Es licenciada en Relaciones Internacionales y Estudios Religiosos, y obtuvo su m\u00e1ster en Estudios Archiv\u00edsticos en la Universidad de Columbia Brit\u00e1nica, con enfoque en gesti\u00f3n documental, archivos p\u00fablicos y \u00e9tica archiv\u00edstica. Su trabajo previo se centr\u00f3 en el acceso abierto y los derechos de privacidad en los registros p\u00fablicos<\/p>\n","protected":false},"excerpt":{"rendered":"<p>Archivera Adjunta de Gesti\u00f3n de Documentos, Universidad Americana de El Cairo, Egipto Elizabeth H. Day es Archivera Adjunta para la Gesti\u00f3n Documental en la Universidad Americana de El Cairo. Se encarga de la gesti\u00f3n de la informaci\u00f3n tanto f\u00edsica como digital de la universidad, y apoya la colecci\u00f3n de registros universitarios de la Biblioteca de [&hellip;]<\/p>\n","protected":false},"author":3028,"featured_media":0,"parent":0,"menu_order":0,"comment_status":"closed","ping_status":"closed","template":"","meta":{"footnotes":""},"class_list":["post-833","page","type-page","status-publish","hentry"],"_links":{"self":[{"href":"https:\/\/webs.uab.cat\/jornadas-cau\/wp-json\/wp\/v2\/pages\/833","targetHints":{"allow":["GET"]}}],"collection":[{"href":"https:\/\/webs.uab.cat\/jornadas-cau\/wp-json\/wp\/v2\/pages"}],"about":[{"href":"https:\/\/webs.uab.cat\/jornadas-cau\/wp-json\/wp\/v2\/types\/page"}],"author":[{"embeddable":true,"href":"https:\/\/webs.uab.cat\/jornadas-cau\/wp-json\/wp\/v2\/users\/3028"}],"replies":[{"embeddable":true,"href":"https:\/\/webs.uab.cat\/jornadas-cau\/wp-json\/wp\/v2\/comments?post=833"}],"version-history":[{"count":1,"href":"https:\/\/webs.uab.cat\/jornadas-cau\/wp-json\/wp\/v2\/pages\/833\/revisions"}],"predecessor-version":[{"id":834,"href":"https:\/\/webs.uab.cat\/jornadas-cau\/wp-json\/wp\/v2\/pages\/833\/revisions\/834"}],"wp:attachment":[{"href":"https:\/\/webs.uab.cat\/jornadas-cau\/wp-json\/wp\/v2\/media?parent=833"}],"curies":[{"name":"wp","href":"https:\/\/api.w.org\/{rel}","templated":true}]}}