{"id":849,"date":"2025-06-18T10:09:43","date_gmt":"2025-06-18T08:09:43","guid":{"rendered":"https:\/\/webs.uab.cat\/jornadas-cau\/?page_id=849"},"modified":"2025-06-18T10:09:43","modified_gmt":"2025-06-18T08:09:43","slug":"aurele-nicolet","status":"publish","type":"page","link":"https:\/\/webs.uab.cat\/jornadas-cau\/aurele-nicolet\/","title":{"rendered":"Aur\u00e8le Nicolet"},"content":{"rendered":"\n<p><strong>Investigador en la Haute \u00e9cole de gestion de Gen\u00e8ve (HEG-GE) \u2013 Universidad de Ciencias Aplicadas y Artes de Suiza Occidental (HES-SO)<\/strong><br><\/p>\n\n\n\n<p>Aur\u00e8le Nicolet\u00a0es investigador en el Departamento de Ciencias de la Informaci\u00f3n de la Haute \u00e9cole de gestion de Gen\u00e8ve \u2013 HES-SO. En 2016 obtuvo su m\u00e1ster en la misma instituci\u00f3n y desde entonces colabora en la docencia archiv\u00edstica y participa en diversos proyectos de investigaci\u00f3n y mandatos profesionales relacionados con la gobernanza de la informaci\u00f3n en instituciones p\u00fablicas y privadas. En 2023 inici\u00f3 un doctorado en sistemas de informaci\u00f3n centrado en el impacto medioambiental de los datos de investigaci\u00f3n.<\/p>\n","protected":false},"excerpt":{"rendered":"<p>Investigador en la Haute \u00e9cole de gestion de Gen\u00e8ve (HEG-GE) \u2013 Universidad de Ciencias Aplicadas y Artes de Suiza Occidental (HES-SO) Aur\u00e8le Nicolet\u00a0es investigador en el Departamento de Ciencias de la Informaci\u00f3n de la Haute \u00e9cole de gestion de Gen\u00e8ve \u2013 HES-SO. En 2016 obtuvo su m\u00e1ster en la misma instituci\u00f3n y desde entonces colabora [&hellip;]<\/p>\n","protected":false},"author":3028,"featured_media":0,"parent":0,"menu_order":0,"comment_status":"closed","ping_status":"closed","template":"","meta":{"footnotes":""},"class_list":["post-849","page","type-page","status-publish","hentry"],"_links":{"self":[{"href":"https:\/\/webs.uab.cat\/jornadas-cau\/wp-json\/wp\/v2\/pages\/849","targetHints":{"allow":["GET"]}}],"collection":[{"href":"https:\/\/webs.uab.cat\/jornadas-cau\/wp-json\/wp\/v2\/pages"}],"about":[{"href":"https:\/\/webs.uab.cat\/jornadas-cau\/wp-json\/wp\/v2\/types\/page"}],"author":[{"embeddable":true,"href":"https:\/\/webs.uab.cat\/jornadas-cau\/wp-json\/wp\/v2\/users\/3028"}],"replies":[{"embeddable":true,"href":"https:\/\/webs.uab.cat\/jornadas-cau\/wp-json\/wp\/v2\/comments?post=849"}],"version-history":[{"count":1,"href":"https:\/\/webs.uab.cat\/jornadas-cau\/wp-json\/wp\/v2\/pages\/849\/revisions"}],"predecessor-version":[{"id":850,"href":"https:\/\/webs.uab.cat\/jornadas-cau\/wp-json\/wp\/v2\/pages\/849\/revisions\/850"}],"wp:attachment":[{"href":"https:\/\/webs.uab.cat\/jornadas-cau\/wp-json\/wp\/v2\/media?parent=849"}],"curies":[{"name":"wp","href":"https:\/\/api.w.org\/{rel}","templated":true}]}}