{"id":878,"date":"2025-06-18T10:24:50","date_gmt":"2025-06-18T08:24:50","guid":{"rendered":"https:\/\/webs.uab.cat\/jornadas-cau\/?page_id=878"},"modified":"2025-06-18T10:24:51","modified_gmt":"2025-06-18T08:24:51","slug":"awesome-konneh","status":"publish","type":"page","link":"https:\/\/webs.uab.cat\/jornadas-cau\/awesome-konneh\/","title":{"rendered":"Awesome Konneh"},"content":{"rendered":"\n<p><strong>Miembro del Equipo del Proyecto, Centro Ellen Johnson Sirleaf para la Mujer y el Desarrollo, Liberia<\/strong><\/p>\n\n\n\n<p>Miembro del equipo del proyecto Sirleaf, apoya el procesamiento y digitalizaci\u00f3n de los registros presidenciales de Ellen Johnson Sirleaf. Profesional de tecnolog\u00edas de la informaci\u00f3n con m\u00e1s de 14 a\u00f1os de experiencia en administraci\u00f3n de sistemas, gesti\u00f3n de proyectos y operaciones de red.<\/p>\n","protected":false},"excerpt":{"rendered":"<p>Miembro del Equipo del Proyecto, Centro Ellen Johnson Sirleaf para la Mujer y el Desarrollo, Liberia Miembro del equipo del proyecto Sirleaf, apoya el procesamiento y digitalizaci\u00f3n de los registros presidenciales de Ellen Johnson Sirleaf. Profesional de tecnolog\u00edas de la informaci\u00f3n con m\u00e1s de 14 a\u00f1os de experiencia en administraci\u00f3n de sistemas, gesti\u00f3n de proyectos [&hellip;]<\/p>\n","protected":false},"author":3028,"featured_media":0,"parent":0,"menu_order":0,"comment_status":"closed","ping_status":"closed","template":"","meta":{"footnotes":""},"class_list":["post-878","page","type-page","status-publish","hentry"],"_links":{"self":[{"href":"https:\/\/webs.uab.cat\/jornadas-cau\/wp-json\/wp\/v2\/pages\/878","targetHints":{"allow":["GET"]}}],"collection":[{"href":"https:\/\/webs.uab.cat\/jornadas-cau\/wp-json\/wp\/v2\/pages"}],"about":[{"href":"https:\/\/webs.uab.cat\/jornadas-cau\/wp-json\/wp\/v2\/types\/page"}],"author":[{"embeddable":true,"href":"https:\/\/webs.uab.cat\/jornadas-cau\/wp-json\/wp\/v2\/users\/3028"}],"replies":[{"embeddable":true,"href":"https:\/\/webs.uab.cat\/jornadas-cau\/wp-json\/wp\/v2\/comments?post=878"}],"version-history":[{"count":1,"href":"https:\/\/webs.uab.cat\/jornadas-cau\/wp-json\/wp\/v2\/pages\/878\/revisions"}],"predecessor-version":[{"id":880,"href":"https:\/\/webs.uab.cat\/jornadas-cau\/wp-json\/wp\/v2\/pages\/878\/revisions\/880"}],"wp:attachment":[{"href":"https:\/\/webs.uab.cat\/jornadas-cau\/wp-json\/wp\/v2\/media?parent=878"}],"curies":[{"name":"wp","href":"https:\/\/api.w.org\/{rel}","templated":true}]}}