{"id":224,"date":"2010-11-12T13:08:26","date_gmt":"2010-11-12T13:08:26","guid":{"rendered":"https:\/\/webs.uab.cat\/dcs\/organitzacio-0-2\/"},"modified":"2015-12-13T09:15:29","modified_gmt":"2015-12-13T09:15:29","slug":"organitzacio-0-2","status":"publish","type":"page","link":"https:\/\/webs.uab.cat\/jornadesdcs\/es\/organitzacio-0-2\/","title":{"rendered":"Organizaci\u00f3n"},"content":{"rendered":"<p><span style=\"color:#008000\"><strong>Comit\u00e9 cient\u00edfico:<\/strong><\/span><\/p>\n<p>Daniel Schugurensky<\/p>\n<p>Consuelo D\u00edez&nbsp;<\/p>\n<p>Encarna&nbsp;Atienza&nbsp;<\/p>\n<p>Angn\u00e8s Boixader<\/p>\n<p>Neus Gonz\u00e1lez-Monfort<\/p>\n<p>Joan Pag\u00e8s<\/p>\n<p>Antoni Santisteban<\/p>\n<p>Gustavo Gonz\u00e1lez-Valencia&nbsp;<\/p>\n<p>&nbsp;<\/p>\n<p><span style=\"color:#008000\"><strong>Comit\u00e9 Organizador de las Jornadas:&nbsp;<\/strong><\/span><\/p>\n<p>Neus Gonz\u00e1lez-Monfort&nbsp;<\/p>\n<p>Mariona Massip<\/p>\n<p>Antoni Santisteban&nbsp;<\/p>\n<p>Gustavo Gonz\u00e1lez-Valencia&nbsp;<\/p>\n<p>Jordi Castellv\u00ed&nbsp;<\/p>\n<p>&nbsp;<\/p>\n<p>&nbsp;<\/p>\n<p>&nbsp;<\/p>\n<p>&nbsp;<\/p>\n","protected":false},"excerpt":{"rendered":"<p>Comit\u00e9 cient\u00edfico: Daniel Schugurensky Consuelo D\u00edez&nbsp; Encarna&nbsp;Atienza&nbsp; Angn\u00e8s Boixader Neus Gonz\u00e1lez-Monfort Joan Pag\u00e8s Antoni Santisteban Gustavo Gonz\u00e1lez-Valencia&nbsp; &nbsp; Comit\u00e9 Organizador de las Jornadas:&nbsp; Neus Gonz\u00e1lez-Monfort&nbsp; Mariona Massip Antoni Santisteban&nbsp; Gustavo Gonz\u00e1lez-Valencia&nbsp; Jordi Castellv\u00ed&nbsp; &nbsp; &nbsp; &nbsp; &nbsp;<\/p>\n","protected":false},"author":20,"featured_media":0,"parent":0,"menu_order":0,"comment_status":"closed","ping_status":"closed","template":"","meta":{"footnotes":""},"class_list":["post-224","page","type-page","status-publish","hentry"],"_links":{"self":[{"href":"https:\/\/webs.uab.cat\/jornadesdcs\/es\/wp-json\/wp\/v2\/pages\/224","targetHints":{"allow":["GET"]}}],"collection":[{"href":"https:\/\/webs.uab.cat\/jornadesdcs\/es\/wp-json\/wp\/v2\/pages"}],"about":[{"href":"https:\/\/webs.uab.cat\/jornadesdcs\/es\/wp-json\/wp\/v2\/types\/page"}],"author":[{"embeddable":true,"href":"https:\/\/webs.uab.cat\/jornadesdcs\/es\/wp-json\/wp\/v2\/users\/20"}],"replies":[{"embeddable":true,"href":"https:\/\/webs.uab.cat\/jornadesdcs\/es\/wp-json\/wp\/v2\/comments?post=224"}],"version-history":[{"count":0,"href":"https:\/\/webs.uab.cat\/jornadesdcs\/es\/wp-json\/wp\/v2\/pages\/224\/revisions"}],"wp:attachment":[{"href":"https:\/\/webs.uab.cat\/jornadesdcs\/es\/wp-json\/wp\/v2\/media?parent=224"}],"curies":[{"name":"wp","href":"https:\/\/api.w.org\/{rel}","templated":true}]}}