{"id":201,"date":"2015-11-03T18:10:06","date_gmt":"2015-11-03T18:10:06","guid":{"rendered":"https:\/\/webs.uab.cat\/dcs\/presentacio-x-jornades\/"},"modified":"2022-08-04T09:10:29","modified_gmt":"2022-08-04T09:10:29","slug":"presentacio-x-jornades","status":"publish","type":"page","link":"https:\/\/webs.uab.cat\/jornadesdcs\/presentacio-x-jornades\/","title":{"rendered":"X Jornades"},"content":{"rendered":"\n<h2 class=\"wp-block-heading\">Presentaci\u00f3<\/h2>\n\n\n\n<p>L\u2019ensenyament de les Ci\u00e8ncies Socials, de la Geografia i de la Hist\u00f2ria necessita actualitzar constantment els seus continguts per a poder donar resposta a la seva finalitat principal: ubicar a la ciutadania en el seu m\u00f3n i preparar-la per participar en la construcci\u00f3 del seu futur personal i social. Aquesta finalitat es desenvolupa a partir d\u2019uns continguts geogr\u00e0fics, hist\u00f2rics i socials, la selecci\u00f3 dels quals ha estat objecte d\u2019an\u00e0lisi i de debat en anteriors jornades. Les X Jornades pretenen focalitzar-se en dos aspectes clau del desenvolupament de la personalitat: la construcci\u00f3 de la consci\u00e8ncia temporal o consci\u00e8ncia hist\u00f2ria, i la construcci\u00f3 de la consci\u00e8ncia de territorialitat, d\u2019espacialitat. Temps i espai, espai i temps, s\u00f3n dos eixos vertebradors del coneixement social, del coneixement hist\u00f2ric i geogr\u00e0fic.<\/p>\n\n\n\n<p>L\u2019actual crisi econ\u00f2mica i l\u2019exist\u00e8ncia d\u2019un m\u00f3n cada vegada m\u00e9s globalitzat, i en xarxa, fa imprescindible repensar aquests ensenyaments a la llum de la recerca existent i de les innovacions educatives. El temps hist\u00f2ric i l\u2019espai geogr\u00e0fic s\u00f3n, a m\u00e9s, dues variables que han estat tractades tradicionalment per diferents disciplines i tendeixen a la interdisciplinarietat -com es pot comprovar, per exemple, en el treball editat per Maryline Coquid\u00e9 i Mich\u00e8le Prieur <em>Enseigner l\u2019espace et le temps \u00e0 l\u2019\u00e9cole et au coll\u00e8ge<\/em>, publicat per l\u2019Institut National de Recherche P\u00e9dagogique (2010)-.<\/p>\n\n\n\n<h2 class=\"wp-block-heading\"><em>Documents de treball:<\/em><\/h2>\n\n\n\n<ul class=\"wp-block-list\"><li><a href=\"https:\/\/ddd.uab.cat\/pub\/jorconmatpro\/2013\/200628\/2013-dossier-jornades-X.pdf\" target=\"_blank\" rel=\"noopener\"><em>Resums de les pon\u00e8ncies, recerques i comunicacions<\/em><\/a><\/li><\/ul>\n\n\n\n<p>La import\u00e0ncia d\u2019actualitzar el curr\u00edculum escolar en aquests dos eixos claus \u00e9s la ra\u00f3 fonamental de la tem\u00e0tica seleccionada per les X Jornades Internacionals de Recerca en Did\u00e0ctica de les Ci\u00e8ncies Socials, els objectius de les quals s\u00f3n els seg\u00fcents:<\/p>\n\n\n\n<ul class=\"wp-block-list\"><li>Presentar, analitzar i debatre resultats de recerques i d\u2019innovacions educatives en l\u2019ensenyament i l\u2019aprenentatge de l\u2019espai geogr\u00e0fic i del temps hist\u00f2ric,<\/li><li>Elaborar un mapa de possibles recerques sobre ambd\u00f3s \u00e0mbits,<\/li><li>Proposar noves estrat\u00e8gies de formaci\u00f3 inicial i continuada del professorat d\u2019ensenyament infantil, primari i secundari en aquests \u00e0mbits,<\/li><li>Concretar possibles recerques internacionals amb els equips dels ponents convidats.<\/li><\/ul>\n","protected":false},"excerpt":{"rendered":"<p>Presentaci\u00f3 L\u2019ensenyament de les Ci\u00e8ncies Socials, de la Geografia i de la Hist\u00f2ria necessita actualitzar constantment els seus continguts per a poder donar resposta a la seva finalitat principal: ubicar a la ciutadania en el seu m\u00f3n i preparar-la per participar en la construcci\u00f3 del seu futur personal i social. Aquesta finalitat es desenvolupa a [&hellip;]<\/p>\n","protected":false},"author":20,"featured_media":0,"parent":0,"menu_order":0,"comment_status":"closed","ping_status":"closed","template":"","meta":{"footnotes":""},"class_list":["post-201","page","type-page","status-publish","hentry"],"_links":{"self":[{"href":"https:\/\/webs.uab.cat\/jornadesdcs\/wp-json\/wp\/v2\/pages\/201","targetHints":{"allow":["GET"]}}],"collection":[{"href":"https:\/\/webs.uab.cat\/jornadesdcs\/wp-json\/wp\/v2\/pages"}],"about":[{"href":"https:\/\/webs.uab.cat\/jornadesdcs\/wp-json\/wp\/v2\/types\/page"}],"author":[{"embeddable":true,"href":"https:\/\/webs.uab.cat\/jornadesdcs\/wp-json\/wp\/v2\/users\/20"}],"replies":[{"embeddable":true,"href":"https:\/\/webs.uab.cat\/jornadesdcs\/wp-json\/wp\/v2\/comments?post=201"}],"version-history":[{"count":1,"href":"https:\/\/webs.uab.cat\/jornadesdcs\/wp-json\/wp\/v2\/pages\/201\/revisions"}],"predecessor-version":[{"id":434,"href":"https:\/\/webs.uab.cat\/jornadesdcs\/wp-json\/wp\/v2\/pages\/201\/revisions\/434"}],"wp:attachment":[{"href":"https:\/\/webs.uab.cat\/jornadesdcs\/wp-json\/wp\/v2\/media?parent=201"}],"curies":[{"name":"wp","href":"https:\/\/api.w.org\/{rel}","templated":true}]}}