{"id":234,"date":"2017-10-20T11:39:36","date_gmt":"2017-10-20T11:39:36","guid":{"rendered":"https:\/\/webs.uab.cat\/dcs\/xv-jornades-internacionals-de-recerca-en-didactica-de-les-ciencies-socials\/"},"modified":"2022-08-04T09:18:46","modified_gmt":"2022-08-04T09:18:46","slug":"xv-jornades-internacionals-de-recerca-en-didactica-de-les-ciencies-socials","status":"publish","type":"page","link":"https:\/\/webs.uab.cat\/jornadesdcs\/xv-jornades-internacionals-de-recerca-en-didactica-de-les-ciencies-socials\/","title":{"rendered":"XV Jornades Internacionals de Recerca en Did\u00e0ctica de les Ci\u00e8ncies Socials"},"content":{"rendered":"\n<p>Si vols visualitzar les confer\u00e8ncies que es van dur a terme durant les XV Jornades fes click al seg\u00fcent enlla\u00e7: <a href=\"http:\/\/serveis.uab.cat\/canalce\/content\/servei-daudiovisuals\">Confer\u00e8ncies XV Jornades<\/a><\/p>\n\n\n\n<p>Si vols consultar el dossier de les XV Jornades fes click al seg\u00fcent enlla\u00e7: <a href=\"https:\/\/drive.google.com\/open?id=0B6BUjp6wycTFdEt5NE5TVHBDSVdyQUdmMEdlaW9yQTg2bTdv\">Dossier<\/a><\/p>\n\n\n\n<p>A partir de les pon\u00e8ncies i comunicacions presentades s&#8217;ha publicat un llibre que podeu descarregar aqu\u00ed:<\/p>\n\n\n\n<figure class=\"wp-block-image\"><a href=\"https:\/\/ddd.uab.cat\/record\/220367\" target=\"_blank\" rel=\"noopener\"><img decoding=\"async\" src=\"https:\/\/i.imgur.com\/TyBr2Gx.jpg\" alt=\"\"\/><\/a><\/figure>\n\n\n\n<p><strong>&#8211; XV JORNADES INTERNACIONALS DE RECERCA EN DID\u00c0CTICA DE LES CI\u00c8NCIES SOCIALS &#8211;<\/strong><\/p>\n\n\n\n<p>Programa provisional<\/p>\n\n\n\n<p><strong>8, 9 i 10 de febrer de 2018 <\/strong><\/p>\n\n\n\n<p><strong>Els reptes de l&#8217;ensenyament de les ci\u00e8ncies socials, <\/strong><\/p>\n\n\n\n<p><strong>la geografia i la hist\u00f2ria. Quin professorat, quina ciutadania, quin futur? <\/strong><\/p>\n\n\n\n<p><strong>Homenatge <\/strong><img loading=\"lazy\" decoding=\"async\" src=\"\/\/\/C:\/Users\/Jordi\/AppData\/Local\/Temp\/msohtmlclip1\/01\/clip_image002.png\" alt=\"logocolorsgran\" width=\"137\" height=\"262\"><strong>a Joan Pag\u00e8s i Blanch<\/strong><\/p>\n\n\n\n<p>&nbsp;<\/p>\n\n\n\n<p>Organitzades pel Grup GREDICS i la Unitat de Did\u00e0ctica de les Ci\u00e8ncies Socials de la Universitat Aut\u00f2noma de Barcelona<\/p>\n\n\n\n<p>Facultat de Ci\u00e8ncies de l\u2019Educaci\u00f3<\/p>\n\n\n\n<h2 class=\"wp-block-heading\"><strong>Presentaci\u00f3<\/strong><\/h2>\n\n\n\n<p>Quins s\u00f3n els reptes de l\u2019ensenyament de les ci\u00e8ncies socials i de l\u2019educaci\u00f3 per a la ciutadania? Per contestar aquesta pregunta haur\u00edem de pensar quina ciutadania volem educar, quin professorat volem formar i quin futur volem construir.<\/p>\n\n\n\n<p>En un m\u00f3n global on les tecnologies de la informaci\u00f3, de la comunicaci\u00f3 i dels intercanvis s\u00f3n cada dia m\u00e9s avan\u00e7ades, els problemes socials relacionats amb la pobresa, la manca de democr\u00e0cia, la desigualtat, les injust\u00edcies o els conflictes b\u00e8l\u00b7lics semblen augmentar.<\/p>\n\n\n\n<p>En aquest context, l\u2019ensenyament de les ci\u00e8ncies socials ha de ser un instrument de reflexi\u00f3 sobre la just\u00edcia social i per a l\u2019acci\u00f3 social, una crida a la consci\u00e8ncia hist\u00f2rica com a consci\u00e8ncia cr\u00edtica de la ciutadania, una aportaci\u00f3 essencial per a la millora de la salut democr\u00e0tica.<\/p>\n\n\n\n<p>La hist\u00f2ria i la geografia no s\u00f3n disciplines acad\u00e8miques que acumulen coneixements, sin\u00f3 conceptes i procediments per a la intervenci\u00f3 social, amb una determinada ideologia, que pot defensar l\u2019immobilisme o que pot promoure el canvi social.<\/p>\n\n\n\n<p>El concepte de ciutadania cal reconsiderar-lo des de l\u2019humanisme m\u00e9s radical, ja que sembla insuficient per definir les persones que conviuen en un lloc. L\u2019ensenyament de les ci\u00e8ncies socials t\u00e9 com a objectiu fonamental l\u2019educaci\u00f3 per a una ciutadania global cr\u00edtica,<\/p>\n\n\n\n<p>Tothom \u00e9s ciutadania. Cap persona no pot ser marginada o exclosa per raons del seu origen, de la seva religi\u00f3, de la seva \u00e8tnia o de les seves idees. La pluralitat i la diversitat s\u00f3n principis de conviv\u00e8ncia irrenunciables i positius en la construcci\u00f3 d\u2019una nova societat.<\/p>\n\n\n\n<p>L\u2019ensenyament de la geografia, de la hist\u00f2ria o de les ci\u00e8ncies socials ha de recuperar la pres\u00e8ncia humana en els seus programes, ja que s\u00f3n les persones les protagonistes de la societat, les que han constru\u00eft el temps i l\u2019espai, i el concepte de ciutadania.<\/p>\n\n\n\n<p>L\u2019ensenyament de les ci\u00e8ncies socials ha de fer visibles totes les persones. No poden ser invisibles els nens i nenes, les dones, la gent gran, els malalts, determinats grups socials o determinades identitats.<\/p>\n\n\n\n<p>Hem de pensar en els professors i professores com a intel\u00b7lectuals, que han de decidir per qu\u00e8, qu\u00e8 i com ensenyar, m\u00e9s enll\u00e0 de qualsevol curr\u00edculum oficial. El professorat ha de ser aut\u00f2nom i cr\u00edtic.<\/p>\n\n\n\n<p>El professorat com a pr\u00e0ctic reflexiu ha de ser competent per analitzar i millorar la seva pr\u00f2pia pr\u00e0ctica i compartir els seus sabers, per fer de la pr\u00e0ctica teoria i per revertir una determinada teoria en innovaci\u00f3 en la pr\u00e0ctica.<\/p>\n\n\n\n<p>El professorat ha de ser competent per portar a l\u2019aula q\u00fcestions socialment vives, en definitiva, temes controvertits que donen sentit a l\u2019ensenyament de la geografia, de la hist\u00f2ria o de la resta de ci\u00e8ncies socials.<\/p>\n\n\n\n<p>Si hem de definir l\u2019ensenyament de les ci\u00e8ncies socials podr\u00edem dir: \u201c\u00c9s imprescindible per entendre el present i construir un futur millor\u201d. I, tal vegada, aix\u00f2 sembli una utopia, per\u00f2 potser ara m\u00e9s que mai calen utopies, en un m\u00f3n ple de dist\u00f2pies quan es pensa en el futur.<\/p>\n\n\n\n<p>&#8212;<\/p>\n\n\n\n<p>En aquestes l\u00ednies hem presentat alguns dels reptes de l\u2019ensenyament de les ci\u00e8ncies socials. Moltes de les l\u00ednies de recerca i doc\u00e8ncia que hem dibuixat deuen molt a la persona que en aquestes XV Jornades volem retre homenatge: Joan Pag\u00e8s i Blanch.<\/p>\n\n\n\n<p>Se trata, en definitiva, de dotar a los alumnos y alumnas de instrumentos que les hagan m\u00e1s sabios y m\u00e1s aut\u00f3nomos, que les permitan escribir sus propios textos y desarrollar sus propios proyectos. Las competencias ciudadanas deber\u00edan convertirles en unos ciudadanos y ciudadanas m\u00e1s comprometidos con su mundo y con su futuro. Y, probablemente, hacerles m\u00e1s felices.<\/p>\n\n\n\n<p>(Joan Pag\u00e8s, 2009)<\/p>\n\n\n\n<blockquote class=\"wp-block-quote is-layout-flow wp-block-quote-is-layout-flow\"><p>\u201c&#8230;\u00a0<em>En fi, sembla inevitable repensar el curr\u00edculum i les pr\u00e0ctiques d\u2019ensenyament de les ci\u00e8ncies socials, de la geografia i de la hist\u00f2ria, de l\u2019educaci\u00f3 per a la ciutadania. Ho hem fet sempre i ho seguirem fent. Hem d\u2019ensenyar per a la vida<\/em>.\u201d<\/p><p>(Joan Pag\u00e8s, 2011)<\/p><\/blockquote>\n\n\n\n<ul class=\"wp-block-list\"><li>Professorat d\u2019ensenyament infantil, primari, secundari i universitari.<\/li><li>Estudiants interessats en l\u2019ensenyament de les ci\u00e8ncies socials, la geografia, la hist\u00f2ria i l\u2019educaci\u00f3 per a la ciutadania.<\/li><li>Tots aquells professionals interessats en la Did\u00e0ctica de les Ci\u00e8ncies Socials, en la recerca i la formaci\u00f3 del professorat.<\/li><\/ul>\n\n\n\n<h2 class=\"wp-block-heading\"><strong>Presentaci\u00f3 de comunicacions<\/strong><\/h2>\n\n\n\n<p>(experi\u00e8ncies o investigacions)<\/p>\n\n\n\n<p>Els participants en les Jornades podran presentar comunicacions de qualsevol nivell educatiu (infantil, prim\u00e0ria, secund\u00e0ria i ensenyament universitari), escrits en catal\u00e0, castell\u00e0, franc\u00e8s o angl\u00e8s.<\/p>\n\n\n\n<p>Caldr\u00e0 enviar un resum de 1500 car\u00e0cters m\u00e0xim (espais inclosos), abans del 15 de desembre de 2017, que inclogui t\u00edtol, autoria, dades de contacte, context, objectius, descripci\u00f3, valoraci\u00f3 i 3 refer\u00e8ncies bibliogr\u00e0fiques.<\/p>\n\n\n\n<p>El dia 5 de gener de 2018 s\u2019informar\u00e0 de l\u2019acceptaci\u00f3 o no als autors\/es.<\/p>\n\n\n\n<p>La presentaci\u00f3 de les comunicacions t\u00e9 com a requisit la inscripci\u00f3 a les Jornades.<\/p>\n\n\n\n<p>Els autors rebran un certificat acreditatiu.<\/p>\n\n\n\n<h2 class=\"wp-block-heading\"><strong>Dates i quotes d\u2019inscripci\u00f3<\/strong><\/h2>\n\n\n\n<p>El per\u00edode d&#8217;inscripci\u00f3 s&#8217;iniciar\u00e0 el 15 de Novembre de 2017 i finalitzar\u00e0 a 1 de febrer de<\/p>\n\n\n\n<p>2018 (places limitades)<\/p>\n\n\n\n<p>Quota general: 50 \u20ac<\/p>\n\n\n\n<p>Quota estudiant o aturat: 25 \u20ac (cal acreditar-ho documentalment)<\/p>\n\n\n\n<p><em>* M\u00e9s endavant informarem de la forma de pagament<\/em><\/p>\n\n\n\n<p>Per a m\u00e9s informaci\u00f3 us podeu posar en contacte amb:<\/p>\n\n\n\n<p><a href=\"mailto:15jornades.rdcs.uab@gmail.com\" target=\"_blank\" rel=\"noopener\">15jornades.rdcs.uab@gmail.com<\/a><\/p>\n\n\n\n<p>Unitat Departamental de Did\u00e0ctica de les Ci\u00e8ncies Socials \u2013 GREDICS. Facultat de Ci\u00e8ncies de l\u2019Educaci\u00f3. UAB. Edifici G-5. 08193, Bellaterra-Cerdanyola del Vall\u00e8s (Barcelona). Tel\u00e8fon: 0034 93 581 18 78<\/p>\n\n\n\n<h2 class=\"wp-block-heading\"><strong>Comit\u00e8 Organitzador UAB<\/strong><\/h2>\n\n\n\n<p>Professors i professores de la Unitat de Did\u00e0ctica de les Ci\u00e8ncies Socials de la Universitat Aut\u00f2noma de Barcelona.<\/p>\n\n\n\n<p>Departament de Did\u00e0ctica de la Llengua i la Literatura, i de les Ci\u00e8ncies Socials.<\/p>\n\n\n\n<p>Facultat de Ci\u00e8ncies de l\u2019Educaci\u00f3.<\/p>\n\n\n\n<p>GREDICS (Grup de Recerca en Did\u00e0ctica de les Ci\u00e8ncies Socials).<\/p>\n\n\n\n<h2 class=\"wp-block-heading\"><strong>Comit\u00e8 Cient\u00edfic Internacional&nbsp;<\/strong><\/h2>\n\n\n\n<p>(Provisional)<\/p>\n\n\n\n<p>Per commemorar les XV Jornades s\u2019ha contactat amb professorat de diversos pa\u00efsos del m\u00f3n i universitats amb les que s\u2019han establert relacions en els \u00faltims 15 anys, per part del grup GREDICS, universitats estrangeres i espanyoles, per participar en les Jornades i per formar part del Comit\u00e8 Cient\u00edfic.<\/p>\n\n\n\n<p><em>* M\u00e9s endavant s\u2019acabar\u00e0 de concretar. <\/em><\/p>\n\n\n\n<h2 class=\"wp-block-heading\"><strong>Reconeixement acad\u00e8mic<\/strong><\/h2>\n\n\n\n<p>Activitat reconeguda pel Departament d\u2019Ensenyament de la Generalitat de Catalunya, com a formaci\u00f3 del professorat, amb 20 hores.&nbsp;<\/p>\n\n\n\n<p>&#8212;<\/p>\n\n\n\n<p>Activitat amb el suport del Projecte de Recerca d\u2019I+D del MEC: EDU2016-80145.<\/p>\n\n\n\n<p>GREDICS (Grup de Recerca en Did\u00e0ctica de les Ci\u00e8ncies Socials). Grup Reconegut per AQU: 2014 SGR 1384<\/p>\n","protected":false},"excerpt":{"rendered":"<p>Si vols visualitzar les confer\u00e8ncies que es van dur a terme durant les XV Jornades fes click al seg\u00fcent enlla\u00e7: Confer\u00e8ncies XV Jornades Si vols consultar el dossier de les XV Jornades fes click al seg\u00fcent enlla\u00e7: Dossier A partir de les pon\u00e8ncies i comunicacions presentades s&#8217;ha publicat un llibre que podeu descarregar aqu\u00ed: &#8211; [&hellip;]<\/p>\n","protected":false},"author":20,"featured_media":0,"parent":0,"menu_order":0,"comment_status":"closed","ping_status":"closed","template":"","meta":{"footnotes":""},"class_list":["post-234","page","type-page","status-publish","hentry"],"_links":{"self":[{"href":"https:\/\/webs.uab.cat\/jornadesdcs\/wp-json\/wp\/v2\/pages\/234","targetHints":{"allow":["GET"]}}],"collection":[{"href":"https:\/\/webs.uab.cat\/jornadesdcs\/wp-json\/wp\/v2\/pages"}],"about":[{"href":"https:\/\/webs.uab.cat\/jornadesdcs\/wp-json\/wp\/v2\/types\/page"}],"author":[{"embeddable":true,"href":"https:\/\/webs.uab.cat\/jornadesdcs\/wp-json\/wp\/v2\/users\/20"}],"replies":[{"embeddable":true,"href":"https:\/\/webs.uab.cat\/jornadesdcs\/wp-json\/wp\/v2\/comments?post=234"}],"version-history":[{"count":1,"href":"https:\/\/webs.uab.cat\/jornadesdcs\/wp-json\/wp\/v2\/pages\/234\/revisions"}],"predecessor-version":[{"id":442,"href":"https:\/\/webs.uab.cat\/jornadesdcs\/wp-json\/wp\/v2\/pages\/234\/revisions\/442"}],"wp:attachment":[{"href":"https:\/\/webs.uab.cat\/jornadesdcs\/wp-json\/wp\/v2\/media?parent=234"}],"curies":[{"name":"wp","href":"https:\/\/api.w.org\/{rel}","templated":true}]}}