{"id":245,"date":"2020-10-18T18:03:22","date_gmt":"2020-10-18T18:03:22","guid":{"rendered":"https:\/\/webs.uab.cat\/dcs\/recursos\/"},"modified":"2020-10-18T18:03:22","modified_gmt":"2020-10-18T18:03:22","slug":"recursos","status":"publish","type":"page","link":"https:\/\/webs.uab.cat\/jornadesdcs\/recursos\/","title":{"rendered":"Recursos"},"content":{"rendered":"<p><span style=\"color:#A52A2A\"><span style=\"font-size:18px\"><strong>Ja podeu descarregar el llibre de les XV Jornades<\/strong><\/span><\/span><\/p>\n<p>&nbsp;<\/p>\n<p style=\"text-align:center\"><a href=\"https:\/\/ddd.uab.cat\/record\/220367\" target=\"_blank\" rel=\"noopener\"><img loading=\"lazy\" decoding=\"async\" alt=\"\" height=\"174\" src=\"https:\/\/i.imgur.com\/TyBr2Gx.jpg\" width=\"120\" \/><\/a><\/p>\n<p>&nbsp;<\/p>\n<p><span style=\"font-size:16px\"><span style=\"color:#A52A2A\"><strong>Ja podeu accedir als v\u00eddeos de les pon\u00e8ncies de les XVII Jornades<\/strong><\/span><\/span><\/p>\n<p><strong><a href=\"http:\/\/serveis.uab.cat\/canalce\/node\/835\"><em>Educaci\u00f3n para la ciudadan\u00eda en tiempos de retroceso democr\u00e1tico. Daniel Schugurensky (Arizona State University).<\/em><\/a><\/strong><\/p>\n<p><strong><a href=\"http:\/\/serveis.uab.cat\/canalce\/node\/836\"><em>La actitud cr\u00edtica como ant\u00eddoto ante las emociones como instrumento ideol\u00f3gico. Encarna Atienza (Universitat Pompeu Fabra).<\/em><\/a><\/strong><\/p>\n<p><strong><a href=\"http:\/\/serveis.uab.cat\/canalce\/node\/837\"><em>Ciencias Sociales con perspectiva de g\u00e9nero: toma de decisiones, participaci\u00f3n ciudadana y construcci\u00f3n democr\u00e1tica. Consuelo D\u00edez (Universidad de Ja\u00e9n).<\/em><\/a><\/strong><\/p>\n<p><strong><a href=\"http:\/\/serveis.uab.cat\/canalce\/node\/838\"><em>Viure la democr\u00e0cia en temps d\u2019incertesa. Agn\u00e8s Boixader (Col\u00b7lectiu EnRaonar).<\/em><\/a><\/strong><\/p>\n","protected":false},"excerpt":{"rendered":"<p>Ja podeu descarregar el llibre de les XV Jornades &nbsp; &nbsp; Ja podeu accedir als v\u00eddeos de les pon\u00e8ncies de les XVII Jornades Educaci\u00f3n para la ciudadan\u00eda en tiempos de retroceso democr\u00e1tico. Daniel Schugurensky (Arizona State University). La actitud cr\u00edtica como ant\u00eddoto ante las emociones como instrumento ideol\u00f3gico. Encarna Atienza (Universitat Pompeu Fabra). Ciencias Sociales [&hellip;]<\/p>\n","protected":false},"author":20,"featured_media":0,"parent":0,"menu_order":0,"comment_status":"closed","ping_status":"closed","template":"","meta":{"footnotes":""},"class_list":["post-245","page","type-page","status-publish","hentry"],"_links":{"self":[{"href":"https:\/\/webs.uab.cat\/jornadesdcs\/wp-json\/wp\/v2\/pages\/245","targetHints":{"allow":["GET"]}}],"collection":[{"href":"https:\/\/webs.uab.cat\/jornadesdcs\/wp-json\/wp\/v2\/pages"}],"about":[{"href":"https:\/\/webs.uab.cat\/jornadesdcs\/wp-json\/wp\/v2\/types\/page"}],"author":[{"embeddable":true,"href":"https:\/\/webs.uab.cat\/jornadesdcs\/wp-json\/wp\/v2\/users\/20"}],"replies":[{"embeddable":true,"href":"https:\/\/webs.uab.cat\/jornadesdcs\/wp-json\/wp\/v2\/comments?post=245"}],"version-history":[{"count":0,"href":"https:\/\/webs.uab.cat\/jornadesdcs\/wp-json\/wp\/v2\/pages\/245\/revisions"}],"wp:attachment":[{"href":"https:\/\/webs.uab.cat\/jornadesdcs\/wp-json\/wp\/v2\/media?parent=245"}],"curies":[{"name":"wp","href":"https:\/\/api.w.org\/{rel}","templated":true}]}}