{"id":49,"date":"2009-05-14T11:51:42","date_gmt":"2009-05-14T11:51:42","guid":{"rendered":"https:\/\/webs.uab.cat\/dcs\/allotjament\/"},"modified":"2009-05-14T11:51:42","modified_gmt":"2009-05-14T11:51:42","slug":"allotjament","status":"publish","type":"page","link":"https:\/\/webs.uab.cat\/jornadesdcs\/allotjament\/","title":{"rendered":"Allotjament"},"content":{"rendered":"<p>Si voleu, us podeu adre\u00e7ar a:&nbsp;<\/p>\n<p>VIAJES EL CORTE INGL\u00c9S, S.A.&nbsp;<br \/>\nAg\u00e8ncia Campus UAB:<br \/>\nTel\u00e8fons 93 581 4064 \/ 93 581 4135<br \/>\nFax 93 581 4136<br \/>\nAdre\u00e7a electr\u00f2nica <a href=\"mailto:servei.viatges@uab.es\">servei.viatges@uab.es<\/a><\/p>\n","protected":false},"excerpt":{"rendered":"<p>Si voleu, us podeu adre\u00e7ar a:&nbsp; VIAJES EL CORTE INGL\u00c9S, S.A.&nbsp; Ag\u00e8ncia Campus UAB: Tel\u00e8fons 93 581 4064 \/ 93 581 4135 Fax 93 581 4136 Adre\u00e7a electr\u00f2nica servei.viatges@uab.es<\/p>\n","protected":false},"author":20,"featured_media":0,"parent":0,"menu_order":0,"comment_status":"closed","ping_status":"closed","template":"","meta":{"footnotes":""},"class_list":["post-49","page","type-page","status-publish","hentry"],"_links":{"self":[{"href":"https:\/\/webs.uab.cat\/jornadesdcs\/wp-json\/wp\/v2\/pages\/49","targetHints":{"allow":["GET"]}}],"collection":[{"href":"https:\/\/webs.uab.cat\/jornadesdcs\/wp-json\/wp\/v2\/pages"}],"about":[{"href":"https:\/\/webs.uab.cat\/jornadesdcs\/wp-json\/wp\/v2\/types\/page"}],"author":[{"embeddable":true,"href":"https:\/\/webs.uab.cat\/jornadesdcs\/wp-json\/wp\/v2\/users\/20"}],"replies":[{"embeddable":true,"href":"https:\/\/webs.uab.cat\/jornadesdcs\/wp-json\/wp\/v2\/comments?post=49"}],"version-history":[{"count":0,"href":"https:\/\/webs.uab.cat\/jornadesdcs\/wp-json\/wp\/v2\/pages\/49\/revisions"}],"wp:attachment":[{"href":"https:\/\/webs.uab.cat\/jornadesdcs\/wp-json\/wp\/v2\/media?parent=49"}],"curies":[{"name":"wp","href":"https:\/\/api.w.org\/{rel}","templated":true}]}}