{"id":165,"date":"2017-05-22T14:41:51","date_gmt":"2017-05-22T12:41:51","guid":{"rendered":"https:\/\/webs.uab.cat\/joseluismolina\/eventos-anteriores\/"},"modified":"2025-03-25T17:09:43","modified_gmt":"2025-03-25T15:09:43","slug":"eventos-anteriores","status":"publish","type":"page","link":"https:\/\/webs.uab.cat\/joseluismolina\/eventos-anteriores\/","title":{"rendered":"Eventos anteriores"},"content":{"rendered":"<!-- [if gte mso 9]&gt;-->\n\n<!-- [if gte mso 9]&gt;-->\n\n12\/2020 <a href=\"https:\/\/pagines.uab.cat\/orbits\/es\/content\/orbits-final-conference-conferencia-final-de-proyecto-conferentia-final%C4%83\">Orbits Final Conference<\/a>.\n\n\n\n10\/2020 <a href=\"https:\/\/www.udea.edu.co\/wps\/wcm\/connect\/udea\/fbda34b7-8cb5-442d-b4d7-936d289ca997\/200930_FinalProgram_workshop.pdf?MOD=AJPERES&amp;CVID=njw.soH\">Transformative metrics workshop<\/a> &#8211; Universidad de Antioquia (Colombia)\n\n\n\n07\/2020 &#8220;37. Workshop Social network methods in migration studies: recent developments and challenges&#8221;, IMISCOE, July-1-2020.\n\n\n\n02\/2020 Keynote with Miranda Lubbers and Gabriel Hancean &#8220;Measuring transnational networks from the field: lessons learned&#8221;,\u00a0 18-21 February, <a href=\"https:\/\/www.ibei.org\/en\/programme_167132\">2020 POLNET Barcelona. Advanced Social Network Analysis. IBEI.<\/a>\n\n<!-- [if gte mso 9]&gt;-->\n\n9\/2021 Conference talks at <a href=\"http:\/\/www.eusn2021.unina.it\/\">EUSN2021<\/a>.\n\n7\/2021 Participation in the Round Table &#8220;<a href=\"https:\/\/www.imiscoe.org\/conference\/sessions?day=2\">Social networks in migration studies: contemporary approaches and emerging issues<\/a>&#8220;, IMISCOE Conference online, July 7-9.\n\n3\/2021 Art\u00edculo ganador de la 8\u00aa Edici\u00f3n del Premio AIBR al Mejor Art\u00edculo de Antropolog\u00eda Iberoamericana (2020): <a href=\"http:\/\/www.aibr.org\/antropologia\/netesp\/numeros\/1501\/150107\/banner-clic.php?banner_id=150107\">\u00c9l es emprendedor, pero yo no; yo soy aut\u00f3nomo\u00bb: Autorrepresentaci\u00f3n y subsistencia de los neocampesinos en Catalu\u00f1a<\/a>&#8220;, de Paula Escribano, Agata Hummel, Jos\u00e9 Luis Molina y Miranda J. Lubbers.\n\n12\/2020 <a href=\"https:\/\/pagines.uab.cat\/orbits\/es\/content\/orbits-final-conference-conferencia-final-de-proyecto-conferentia-final%C4%83\">Orbits Final Conference<\/a>.\n\n10\/2020 <a href=\"http:\/\/www.udea.edu.co\/wps\/wcm\/connect\/udea\/fbda34b7-8cb5-442d-b4d7-936d289ca997\/200930_FinalProgram_workshop.pdf?MOD=AJPERES&amp;CVID=njw.soH\">Transformative metrics workshop<\/a> &#8211; Universidad de Antioquia (Colombia)\n\n07\/2020 &#8220;37. Workshop Social network methods in migration studies: recent developments and challenges&#8221;, IMISCOE, July-1-2020.\n\n02\/2020 Keynote with Miranda Lubbers and Gabriel Hancean &#8220;Measuring transnational networks from the field: lessons learned&#8221;,\u00a0 18-21 February, <a href=\"https:\/\/www.ibei.org\/en\/programme_167132\">2020 POLNET Barcelona. Advanced Social Network Analysis. IBEI.<\/a>\n\n11\/2019 Talk about &#8220;Cultural consequences of transnational social structures&#8221; at the Department of Social Anthropology, Universidad de Granada.\n\n11\/2019 <a href=\"https:\/\/reunionesdeestudiosregionales.org\/castellon2019\/en\/\">International Conference on Regional Science<\/a>, UJI, Castell\u00f3.\n\n10\/2019 Lecci\u00f3n inaugural del M\u00e1ster <a href=\"https:\/\/cms.ual.es\/UAL\/estudios\/masteres\/MASTER7061\">MIGRAMED-GV<\/a><strong>\u00a0 <\/strong>de la Universidad de Almer\u00eda.\n\n09\/2019 <a href=\"http:\/\/www.eusn.org\">EUSN2019, Zurich.<\/a>\n\n07\/2019 https:\/\/www.enredando2019.org\/\n\n07\/2019 10th Summer Course on Personal Networks Research. UAB.\n\n05\/2019 R\u00e9sidence <a href=\"https:\/\/imera.univ-amu.fr\/fr\/resident\/equipe-networks\">Equipe Networks<\/a> &#8211; IM\u00e9RA &#8211; Institut d&#8217;\u00e9tudes avanc\u00e9es &#8211; Exploratoire M\u00e9diterran\u00e9en de l\u2019Interdisciplinarit\u00e9. Marseille. <a href=\"https:\/\/youtu.be\/3i7Ddbgp1qo\">Video final presentation<\/a>.\n\n04\/2019 Doctoral seminar and <a href=\"http:\/\/pagines.uab.cat\/orbits\/en\">Orbits project <\/a>presentation at the\u00a0International Conference &#8220;<a href=\"https:\/\/conference.hi.is\/mobilities\/\">Mobilities and Transnationalism in the 21st Century<\/a>&#8220;, Reykjav\u00edk, April 28-30, 2019.\n\n03\/2019 Conferencia en el <a href=\"https:\/\/www.youtube.com\/watch?v=1CmK5IZD4y8&amp;t=55s\">curso de Ciencias Sociales Computacionales y Redes de la Maestr\u00eda de Sociolog\u00eda<\/a>, Universidad de Antioquia, Colombia.\n\n02\/2019 <a href=\"https:\/\/youtu.be\/c4ytHtG7imc\">Sessi\u00f3 de benvinguda de l\u2019escola de Doctorat que va tenir lloc el 31 de gener a l\u2019Auditori de la Fac. De Ci\u00e8ncies Socials i Lletres.<\/a>\n\n11\/2018 <a href=\"https:\/\/www.diariodealmeria.es\/provincia\/Fiesta-Rumanos-Almeria-Roquetas_0_1303669629.html\">Participaci\u00f3n en el Centenario de Ruman\u00eda en Roquetas de Mar<\/a>\n\n09\/2018 <a href=\"https:\/\/www.unibuc.ro\/2018\/profesorul-jose-luis-molina-invitat-special-in-cadrul-workshop-ului-international-analyzing-multiple-networks-from-diverse-perspectives\/\">Talk <\/a>at the University of Bucharest, <a href=\"https:\/\/iconic.unibuc.ro\/?m=201809\">ICONIC<\/a> project. <a href=\"https:\/\/mega.nz\/#!3jxjlCZQ!FGB2KBBKCiA9UCQ7-Xmo-pb_yXp2g1yQTI-HWhKRLa0\">video<\/a>.\n\n09\/2018 Keynote at <a href=\"http:\/\/conf2018.societateasociologilor.ro\/\">5th International Conference of the Romanian Sociological Society<\/a>, Timisoara. <a href=\"https:\/\/mega.nz\/#!bjJCGSgC!_Wz4gpXpi3edUtqHmU-Gr83Jl68YNldJrKl_R6-OLWo\">video<\/a>.\n\n08\/2018 Paper Migrant enclaves and industrial districts: a complex interaction, at EASA, Stockholm University, 14-17 August.\n\n07\/2018 <a href=\"http:\/\/grupsderecerca.uab.cat\/egolab\/sites\/grupsderecerca.uab.cat.egolab\/files\/keynotespeech_molina.pdf\">Keynote<\/a> at POLNET+, Konstanz, Germany.\n\n06\/2018 Molina JL et al. papers presented at the Sunbelt, Utrecht, The Netherlands.\n\n05\/2018 Molina, JL et al. <a href=\"http:\/\/pagines.uab.cat\/joseluismolina\/sites\/pagines.uab.cat.joseluismolina\/files\/anceiproposta-referencies.pdf\">El Consentimiento Informado en Investigaciones sobre Poblaciones Vulnerables y\/o Culturalmente Diversas<\/a>. 5\u00ba Congreso de ANCEI, Valencia.\n\n05\/2018 Lubbers, Miranda &amp; JL Molina. &#8220;Evolution of Personal Networks of Migrants in Spain&#8221;, Workshop \u201cInternational and Cross-Time Comparisons of Personal Networks\u201d, Toulouse\u2013 May 15-16.\n\n11\/2017 Keynote &#8220;<a href=\"https:\/\/recsna17.sciencesconf.org\/resource\/page\/id\/9\">HyperEthics: A Critical Account<\/a>&#8221; at the RECSNA17: Recent Ethical Challenges in Social Network Analysis, 5-6 Dec 2017 Paris.\n\n10\/2017 <a href=\"http:\/\/grupsderecerca.uab.cat\/egolab\/sites\/grupsderecerca.uab.cat.egolab\/files\/171002_esp.pdf\">Presentation of the ORBITS project in Castell\u00f3n, El Menador.<\/a> <a href=\"https:\/\/www.facebook.com\/laura.andronescu\/posts\/10210535365084712?notif_id=1509709255114507&amp;notif_t=like_tagged\">Photos<\/a>\n\n09\/2017 Papers presentend at the <a href=\"http:\/\/www.eusn.org\/2017\">EUSN2017<\/a>, Mainz, Germany.\n\n06\/2017 Presentaci\u00f3n &#8221; <a href=\"http:\/\/pagines.uab.cat\/joseluismolina\/sites\/pagines.uab.cat.joseluismolina\/files\/etica_y_redes_sociales_ponferrada.pdf\">Redes y \u00e9tica<\/a>&#8221; en\u00a0el <a href=\"http:\/\/extensionuniversitaria.unileon.es\/euniversitaria\/curso.aspx?id=1074\">IV Summer Course en ARS, Ponferrada, Le\u00f3n<\/a>.\n\n05\/2017<a href=\"http:\/\/www.uab.cat\/web\/sala-de-premsa\/detall-de-noticia\/la-uab-va-lliurar-els-titols-i-premis-extraordinaris-de-doctorat-1345667174054.html?noticiaid=1345725346740\"> Padr\u00ed de l&#8217;acte de lliurament de premis de doctorat de la UAB<\/a> (19-05-2017)\n\n3-4\/2017 Investigador visitante UJI (Castell\u00f3) y UF (Gainesville, Florida, EUA)\n\n12\/2016 Miembro del<a href=\"https:\/\/www.catalunyareligio.cat\/es\/node\/212014\"> Observatori de la Realitat Social.<\/a> C\u00e0ritas Terrassa.\n\n11\/2016 mesa de trabajo &#8220;<a href=\"https:\/\/pad.lamardebits.org\/p\/citilab30112016mapeig\">Iniciativas de mapeo para identificar la innovaci\u00f3n en nuestro territorio<\/a>&#8220;, dentro de la <a href=\"http:\/\/punttic.gencat.cat\/es\/esdeveniment\/jornada-sobre-innovacion-social-digital-y\">Jornada Innovaci\u00f3n Social, Digital y Responsable<\/a>\n\n11\/2016 <a href=\"https:\/\/www.researchgate.net\/profile\/Jose_Luis_Molina2\/project\/The-Role-of-Social-Transnational-Fields-in-the-Emergence-Maintenance-and-Decay-of-Ethnic-and-Demographic-Enclaves-MINECO-FEDER-CSO2015-68687-P-2016-2020-National-R-D-Excellence-program-2016-2020\/attachment\/581e46a208aeda3fc9884dc4\/AS:425167210979328@1478379170050\/download\/molina_ego-networks.pdf?context=projectDetails\">Mapping and understanding transnational phenomena through personal networks<\/a>. \u201cEgo-Networks in the Era of Network Science\u201d, Radcliffe Institute for Advanced Study \u2013 Harvard University,\u00a0November 3-4.\n\n10\/2016 <a href=\"http:\/\/grupsderecerca.uab.cat\/egolab\/sites\/grupsderecerca.uab.cat.egolab\/files\/Kick-off%20Orbits.pdf\">Mapping and understanding transnational phenomena<\/a>. Kick-off Orbits project. Barcelona, October 10-11.\n\n06\/2016 Ethnography and Multilevel Networks in Migration and Transnationalism. Keynote at the<a href=\"http:\/\/eusn2016.sciencesconf.org\/\"> 2n European Conference on Social Networks<\/a>, Paris, 15-17 June, 2016.\n\n04\/2016.<a href=\"http:\/\/eseis.es\/investigacion\/sem-inv\/enclaves\"> Enclaves \u00e9tnicos y movilidad de los rumanos en Espa\u00f1a: una agenda de investigaci\u00f3n<\/a>. Centro de Investigaci\u00f3n en Migraciones y ESEIS. Universidad de Huelva. <a href=\"http:\/\/uhu.es\/canaluhu\/la-onubense-estudia-las-dinamicas-de-movilidad-de-la-poblacion-rumana-en-espana\/\">Nota de prensa<\/a>.\n\n04\/2016. Participaci\u00f3n en la Jornada &#8220;<a href=\"http:\/\/pagines.uab.cat\/joseluismolina\/sites\/pagines.uab.cat.joseluismolina\/files\/RRI_ethics.pdf\">La Recerca i la Innovaci\u00f3 responsables a la UAB<\/a>&#8220;.\n\n02\/2016. Participaci\u00f3n en el programa 30 minuts de TV3 &#8220;<a href=\"http:\/\/www.ccma.cat\/tv3\/alacarta\/30-minuts\/no-puc-viure-sense-tu\/video\/5585176\/\">No puc viure sense tu<\/a>&#8220;.\n\n12\/2015. <a href=\"http:\/\/grupsderecerca.uab.cat\/egolab\/content\/empresas-sociales-en-catalu%C3%B1a-%C2%BFcambio-de-paradigma-o-estrategia-de-clase-media\">Empresas sociales en Catalu\u00f1a \u00bfCambio de paradigma o estrategia de clase media? <\/a><em>Otra Econom\u00eda<\/em>, <em>9<\/em>(17), 177\u2013186.\n\n11\/2015. <a href=\"http:\/\/revistes.uab.cat\/grafowp\/article\/view\/v4-martinezetal\">Del cooperativismo a la econom\u00eda socialmente orientada<\/a>. Grafo Working Papers 4 (84-94). DOI:<a href=\"http:\/\/dx.doi.org\/10.5565\/rev\/grafowp.18\">10.5565\/rev\/grafowp.18<\/a>\n\n6\/2015. <a href=\"http:\/\/grupsderecerca.uab.cat\/egolab\/sites\/grupsderecerca.uab.cat.egolab\/files\/We%20are%20social%20entrepreneurs.pdf\">We Are Social Entrepreneurs Too! Different network strategies in the field of \u201csocial oriented economy \u201c in Catalonia<\/a>. Sunbelt XXXV. Brighton, UK June 23 \u2013 28 , 2015.\n\n3\/2015. Entrevista en el programa de<a href=\"http:\/\/www.ondacero.es\/julia-en-la-onda\/gabinete\/gabinete-moviles_2015030200404.html\"> J\u00falia en la Onda &#8211; Onda Cero sobre los efectos culturales de los m\u00f3viles<\/a>, coincidiendo con el Mobile World Congress.\n\n1\/2015. <a href=\"http:\/\/pagines.uab.cat\/joseluismolina\/sites\/pagines.uab.cat.joseluismolina\/files\/enclaves%20-%20estructuras%20transnacionales.pdf\">Ethnic enclaves and transnational fields<\/a>. FASoS Colloquium: Globalisation, Transnationalism &amp; Development Colloquium. Organized in association with Maastricht Centre for Citizenship, Migration and Development (MACIMIDE). 14-1-2015.\n\n12\/2014. Jornada &#8220;<a href=\"http:\/\/www.meetup.com\/Impact-Hub-Barcelona\/events\/216345192\/\">The personal networks of social entrepreneurs<\/a>&#8220;, ImpactHub Barcelona.\n\n12\/2014. Conferencia &#8220;<a href=\"http:\/\/ujiapps.uji.es\/com\/agenda\/2014\/12\/03\/conferencia-jose-molina\/\">Ethnic enclaves and transnational fields<\/a>&#8220;, Universitat Jaume I, Castell\u00f3.\n\n11\/2014. Conferencia &#8220;<a href=\"http:\/\/pagines.uab.cat\/joseluismolina\/sites\/pagines.uab.cat.joseluismolina\/files\/el%20curs%20de%20la%20vida.pdf\">Les xarxes personals i el curs de la vida<\/a>&#8220;.\nJornada de difusi\u00f3 de resultats I+D (EDU 2011-25960) <em>\n\u00c8xit Escolar i Immigraci\u00f3. <\/em>UB.\n\n9\/2014 Participaci\u00f3n en <a href=\"http:\/\/digital.publicacionsurv.cat\/index.php\/purv\/catalog\/book\/123\">XIII Congreso de Antropolog\u00eda de la Federaci\u00f3n de Asociaciones de Antropolog\u00eda del Estado Espa\u00f1ol.Tarragona<\/a>,\n\n7\/2014 Organizadores de la<a href=\"http:\/\/www.eusn.org\"> 1st European Conference on Social Networks<\/a>, UAB.\n\n6\/2014 Presentaci\u00f3n en la University of Reading, <a href=\"http:\/\/pagines.uab.cat\/joseluismolina\/sites\/pagines.uab.cat.joseluismolina\/files\/The%20social%20networks%20of%20social%20entrepreneurs%20in%20Catalonia.pdf\">The social networks of social entreprenerus in Catalonia<\/a>.\n\n5\/2014 Curso de <a href=\"http:\/\/pagines.uab.cat\/joseluismolina\/content\/personal-networks-theory-research-and-applications-ugr\">doctorado sobre redes personales<\/a> en la Universidad de Granada.\n\n3\/2014 Curso de <a href=\"http:\/\/pagines.uab.cat\/joseluismolina\/content\/personal-networks-creole\">an\u00e1lisis de redes personales<\/a> en la Universidad de Viena (M\u00e1ster Creole).\n\n2\/2014. <a href=\"http:\/\/www.ingenio.upv.es\/es\/seminars\/personal-network-analysis-methods-and-applications#.UwcVvM7icek\">Presentaci\u00f3n egolab-GRAFO en INGENIO<\/a> (CSIC-UPV, Valencia).\n\n1\/2014.<a href=\"http:\/\/www.rtve.es\/alacarta\/videos\/para-todos-la-2\/para-todos-2-debate-familias-nomadas-ambulantes\/2315387\/\"> Participaci\u00f3n en el debate sobre las ocupaciones n\u00f3madas en TVE.<\/a>\n\n10\/2013. Conferencia &#8220;Measuring social capital in Ethnic Enclaves&#8221;, Univ. Bielefed, Alemania.\n\n6\/2013. Participaci\u00f3n en el<a href=\"https:\/\/www.intecca.uned.es\/upload\/CV\/2013\/index.htm\"> Summer Course #ARSPonferrada<\/a>.\n\n6\/2013. Participaci\u00f3n en la Workshop celebrada en Toulouse sobre Redes personales y tecnolog\u00edas de la informaci\u00f3n.\n\n5\/2013. Participaci\u00f3n en el <a href=\"http:\/\/grupsderecerca.uab.cat\/egolab\/sites\/grupsderecerca.uab.cat.egolab\/files\/Measuring%20transnational%20fields.pdf\">Sunbelt de redes sociales en Hamburgo<\/a>.\n\n2\/2013. <a href=\"http:\/\/blocstv.laxarxa.com\/laxarxatendencies\/2013\/02\/07\/un-mon-de-xarxes-2\/\">Entrevista para el programa Tend\u00e8ncies<\/a> (11-18\u00b4).\n\n12\/2012.<a href=\"http:\/\/grupsderecerca.uab.cat\/egolab\/content\/itinere\"> III Jornada &#8220;Empresari \u00e8tnic i crisi econ\u00f2mica&#8221;<\/a>, \u00a03-12-2012, Sala de Graus, Facultat de Lletres de la UAB.\n\n08\/2012. \u00a0Seminario Internacional &#8211; Sociedad y Empresariado. <a href=\"http:\/\/revista-redes.rediris.es\/webredes\/novedades\/UAA.pdf\">Desaf\u00edos locales en una econom\u00eda globalizada. 21-22 agosto de 2012, Universidad Aut\u00f3noma de Aguascalientes (M\u00e9xico).\u00a0<\/a> Homenaje a Larissa Adler-Lomnitz.\n\n<!-- [if gte mso 10]&gt;-->\n\n\/* Style Definitions *\/\ntable.MsoNormalTable\n{mso-style-name:&#8221;Tabla normal&#8221;;\nmso-tstyle-rowband-size:0;\nmso-tstyle-colband-size:0;\nmso-style-noshow:yes;\nmso-style-priority:99;\nmso-style-parent:&#8221;&#8221;;\nmso-padding-alt:0cm 5.4pt 0cm 5.4pt;\nmso-para-margin:0cm;\nmso-pagination:widow-orphan;\nfont-size:12.0pt;\nfont-family:&#8221;Aptos&#8221;,sans-serif;\nmso-ascii-font-family:Aptos;\nmso-ascii-theme-font:minor-latin;\nmso-hansi-font-family:Aptos;\nmso-hansi-theme-font:minor-latin;\nmso-font-kerning:1.0pt;\nmso-ligatures:standardcontextual;\nmso-fareast-language:EN-US;}\n\n<!--StartFragment-->\n\n<!-- \/wp:post-content --><!-- wp:paragraph {\"align\":\"left\"} -->\n\n<!-- \/wp:paragraph --><!-- wp:paragraph {\"align\":\"left\"} -->\n\n<!-- \/wp:paragraph --><!-- wp:paragraph {\"align\":\"left\"} -->\n\n<!-- \/wp:paragraph -->","protected":false},"excerpt":{"rendered":"<p>12\/2020 Orbits Final Conference. 10\/2020 Transformative metrics workshop &#8211; Universidad de Antioquia (Colombia) 07\/2020 &#8220;37. Workshop Social network methods in migration studies: recent developments and challenges&#8221;, IMISCOE, July-1-2020. 02\/2020 Keynote with Miranda Lubbers and Gabriel Hancean &#8220;Measuring transnational networks from the field: lessons learned&#8221;,\u00a0 18-21 February, 2020 POLNET Barcelona. Advanced Social Network Analysis. IBEI. 9\/2021 [&hellip;]<\/p>\n","protected":false},"author":20,"featured_media":0,"parent":0,"menu_order":0,"comment_status":"closed","ping_status":"closed","template":"","meta":{"footnotes":""},"class_list":["post-165","page","type-page","status-publish","hentry"],"_links":{"self":[{"href":"https:\/\/webs.uab.cat\/joseluismolina\/wp-json\/wp\/v2\/pages\/165","targetHints":{"allow":["GET"]}}],"collection":[{"href":"https:\/\/webs.uab.cat\/joseluismolina\/wp-json\/wp\/v2\/pages"}],"about":[{"href":"https:\/\/webs.uab.cat\/joseluismolina\/wp-json\/wp\/v2\/types\/page"}],"author":[{"embeddable":true,"href":"https:\/\/webs.uab.cat\/joseluismolina\/wp-json\/wp\/v2\/users\/20"}],"replies":[{"embeddable":true,"href":"https:\/\/webs.uab.cat\/joseluismolina\/wp-json\/wp\/v2\/comments?post=165"}],"version-history":[{"count":3,"href":"https:\/\/webs.uab.cat\/joseluismolina\/wp-json\/wp\/v2\/pages\/165\/revisions"}],"predecessor-version":[{"id":382,"href":"https:\/\/webs.uab.cat\/joseluismolina\/wp-json\/wp\/v2\/pages\/165\/revisions\/382"}],"wp:attachment":[{"href":"https:\/\/webs.uab.cat\/joseluismolina\/wp-json\/wp\/v2\/media?parent=165"}],"curies":[{"name":"wp","href":"https:\/\/api.w.org\/{rel}","templated":true}]}}