{"id":31,"date":"2009-05-08T11:22:32","date_gmt":"2009-05-08T09:22:32","guid":{"rendered":"https:\/\/webs.uab.cat\/joseluismolina\/investigacion\/"},"modified":"2025-04-04T13:22:59","modified_gmt":"2025-04-04T11:22:59","slug":"investigacion","status":"publish","type":"page","link":"https:\/\/webs.uab.cat\/joseluismolina\/investigacion\/","title":{"rendered":"Investigaci\u00f3n"},"content":{"rendered":"\n<div class=\"wp-block-group\"><div class=\"wp-block-group__inner-container is-layout-flow wp-block-group-is-layout-flow\">\n<figure class=\"wp-block-table alignleft is-style-regular\"><table><tbody><tr><td class=\"has-text-align-left\" data-align=\"left\"><strong style=\"font-size: revert;font-family: inherit;letter-spacing: 0.05rem\"><span style=\"font-family: Arial\"><span style=\"color: #808080;font-size: large\">Investigaciones y proyectos en marcha<\/span><\/span><\/strong><br><br><br><br><ul><li><strong><strong><a href=\"https:\/\/mapcdpernets.es\"><strong>Mapping Cultural Diversity through Personal Networks<\/strong> communities<\/a><\/strong><\/strong> &#8211; FBBVA &#8211; Convocatoria Fundamentos.<\/li><\/ul><ul><li><strong><strong>Post-pandemic resilient communities: is the informal economy a reservoir for the next generation of digitalized and green businesses in the Global South?<\/strong><\/strong> (PRESILIENT, HORIZON-MSCA-2021-DN-01-101073394).<\/li><\/ul><ul><li><strong><strong>Analysis of and Responses to Extremists Narratives. HORIZON-CL2-2022-DEMOCRACY-01. Consorcio de 12 universidades.<\/strong><\/strong> (ARENAS, WP6, Jos\u00e9 Luis Molina, 2023-2027).<\/li><\/ul><ul><li><strong>Community Dimensions, Personal Networks, and Social Exclusion<\/strong>. Ministerio de Ciencia, Innovaci\u00f3n y Universidades (PID2019-111251RB-I00). Investigadores principales: Valenzuela- Garcia, H. &amp; M.J. Lubbers. 1\/06\/20 al 31\/05\/24. 56.000\u20ac<\/li> <li><a href=\"https:\/\/www.idival.org\/es\/NOTICIAS\/ID\/2492\/Impacto-de-la-pandemia-en-el-cuidado-y-las-redes-de-apoyo-en-cuidadores-de-personas-con-demencia-en-Cantabria\">Impacto de la pandemia en el cuidado y las redes de apoyo en cuidadores de personas con demencia en Cantabria<\/a>.\u00a0(INNVAL20\/12) IP: Rosario Fern\u00e1ndez Pe\u00f1a. 14,000\u20ac.<\/li> <li><a href=\"https:\/\/cis.cnrs.fr\/tria\/\">Le travail de l\u2019IA : \u00e9thique et gouvernance de l\u2019automation<\/a> (TRIA). CNRS. IP: Paola Tubaro.<\/li> <span style=\"color: #808080\"><span lang=\"ES-TRAD\"><strong><span style=\"font-family: Arial\"><span style=\"font-size: large\">Investigaciones y proyectos realizados<\/span><\/span><\/strong><\/span><\/span><span style=\"font-family: inherit;font-size: inherit;font-weight: inherit;letter-spacing: 0.05rem\">  <\/span><li><a href=\"http:\/\/pagines.uab.cat\/orbits\/es\">The Role of Social Transnational Fields in the Emergence, Maintenance and Decay of Ethnic and Demographic Enclaves. <\/a>\u00a0MINECO-FEDER (CSO2015-68687-P; 2016-2020). Investigadores principales: Miranda Lubbers\u00a0y Jos\u00e9 Luis Molina.\u00a088.200\u20ac<\/li> <li><em>Vivo entre cuatro paredes<\/em>: vulnerabilidad relacional y dignidad en el contexto de los servicios de ayuda unipersonal de las instituciones caritativas espa\u00f1olas. FOESSA, II Concurso de investigaci\u00f3n. Investigadores: Hugo Valenzuela, Miranda Lubbers y Jos\u00e9 Luis Molina. 12.000\u20ac<\/li> <li><a href=\"http:\/\/pagines.uab.cat\/pobresaixarxes\/es\">Estrategias de supervivencia en hogares pobres: el papel de las redes de apoyo formal e informal en per\u00edodos de crisis econ\u00f3mica<\/a><strong>.<\/strong> RecerCaixa (2016-2019). Investigadores responsables: Miranda Jessica Lubbers y Hugo Valenzuela Garc\u00eda. 81.000\u20ac<\/li> <li>Conectividad, movilidad y geograf\u00eda de redes personales: Identificaci\u00f3n de tipolog\u00edas y an\u00e1lisis de su impacto en la inclusi\u00f3n y exclusi\u00f3n sociales de los j\u00f3venes de las zonas urbanas del Centro-Occidente de M\u00e9xico (COM-GeoRed: 2018-2020), CONACYT (M\u00e9xico). Investigador principal: Alejandro Garc\u00eda-Mac\u00edas.<\/li> <li><span style=\"font-family: Arial\"><span style=\"font-family: Arial\"><strong><span style=\"font-family: Arial\"><span style=\"font-family: Arial\"><span style=\"font-family: Arial\"><span style=\"font-family: Arial\"><a href=\"http:\/\/grupsderecerca.uab.cat\/egolab\/content\/enclave-social-entrepreneurship\">Social entrepreneurship: local embeddedness, social networking sites and theroretical development (2013-2016)<\/a>. MINECO (CSO2012-32635). Investigador responsable: Jos\u00e9 Luis Molina. 18.000\u20ac. 5 investigadores.<\/span><\/span><\/span><\/span><\/strong><\/span><\/span><\/li> <li><span style=\"font-family: Arial\"><span style=\"font-family: Arial\"><strong><span style=\"font-family: Arial\"><span style=\"font-family: Arial\"><span style=\"font-family: Arial\"><span style=\"font-family: Arial\">(2012-2014). <span style=\"font-family: Arial\"><span style=\"font-family: Arial\"><strong><span style=\"font-family: Arial\"><span style=\"font-family: Arial\"><span style=\"font-family: Arial\"><span style=\"font-family: Arial\"><span style=\"font-family: Arial\"><a href=\"http:\/\/www.cmi-fdv.si\/projekti\/sindynet\/\" target=\"_blank\" rel=\"noopener\"><span style=\"color: #336699\"><strong>Social Influence in Dynamic Networks<\/strong><\/span>.<\/a> <\/span><\/span><\/span><\/span><\/span><\/strong><\/span><\/span>ECRP project reference: 10-ECRP-044. Investigadora responsable: Miranda Jessica Llubers, 22.684 \u20ac, 4 investigadores.<\/span><\/span><\/span><\/span><\/strong><\/span><\/span><\/li> <li><span style=\"font-family: Arial\"><span style=\"font-family: Arial\"><a style=\"text-decoration: none\" href=\"http:\/\/grupsderecerca.uab.cat\/egolab\/content\/itinere\"><strong><span style=\"font-family: Arial\"><span style=\"font-family: Arial\"><span style=\"font-family: Arial\">(2010-2012)<\/span><\/span><\/span> Perfiles del Empresariado \u00c9tnico en Espa\u00f1a. Una aproximaci\u00f3n a las estrategias, din\u00e1micas y espacios transnacionales del peque\u00f1o empresariado emigrante en la nueva situaci\u00f3n econ\u00f3mica (ITINERE)<\/strong><\/a>. MICINN. Investigador responsable: Jos\u00e9 Luis Molina, 35.900 \u20ac, 6 investigadores. <\/span><\/span><\/li> <li><span style=\"font-family: Arial\">(2009-2011). <span style=\"font-family: Arial\"><strong>CSO2008-01470\/SOCI &#8211; Estudio comparado de casos sobre la influencia mutua entre el capital e integraci\u00f3n sociales y la inserci\u00f3n, estabilidad, promoci\u00f3n y cualificaci\u00f3n en el empleo.<\/strong>\u00a0 Proyecto financiado por el MECyT, 67.760 \u20ac, 8 investigadores. Investigador principal: Carlos Lozares. <\/span><\/span><\/li> <li><span style=\"font-family: Arial\">(2009). <strong>Remesas y redes sociales trasnacionales: implicaciones para el desarrollo econ\u00f3mico peruano.<\/strong> Investigador responsable: Jos\u00e9 Luis Molina, 7.000 \u20ac, 5 investigadores. <\/span><\/li> <li><span style=\"font-family: Arial\">(2006-2009). <strong><a style=\"text-decoration: none\" href=\"http:\/\/stat.gamma.rug.nl\/ECRP-DANL\/default.htm\"> <span style=\"color: #000000\">Dynamics of actors and networks across levels: individuals, groups, organizations and social settings<\/span><\/a><\/strong>. European Science Foundation &#8211; MEC. Investigador responsable: Jos\u00e9 Luis Molina, 40.000 \u20ac, 6 investigadores. <\/span><\/li> <li><span style=\"font-family: Arial\">(2008-2009). <strong>SEJ2007-30289-E &#8211; An\u00e1lisis de flujos de cooperaci\u00f3n en ciencia-tecnolog\u00eda-industria-Espa\u00f1a-Am\u00e9rica Latina- para la concreci\u00f3n de una cartera de proyectos colaborativos<\/strong>. Acci\u00f3n complementaria financiada por el MECyT, 12.000 \u20ac, 6 investigadores. Investigador principal: Jos\u00e9 Luis Brians\u00f3. <\/span><\/li> <li><span style=\"font-family: Arial\">(2008-2009). <strong>Identificaci\u00f3 de les modalitats d&#8217;aculturaci\u00f3 de persones immigrades a Catalunya<\/strong>. Financiado por la AGAUR, 11.918 \u20ac, 6 investigadores. Investigador principal: Jos\u00e9 Luis Molina. <\/span><\/li> <li><span style=\"font-family: Arial\">(2004-2007) <strong>Acculturation &amp; Personal Networks across cultures<\/strong>. National Science Foundation Award No. BCS-0417429. Title: Development of a Social Network Measure of Acculturation and its Application to Immigrant Populations in South Florida and Northeastern Spain, with <a style=\"text-decoration: none\" href=\"mailto:chrism@bebr.ufl.edu\" target=\"_blank\" rel=\"noopener\"> <span style=\"color: #000000\">Chris McCarty<\/span><\/a>.<\/span><\/li> <li><span style=\"font-family: Arial\">(2005-2007) <strong>Mapa de les medicines complement\u00e0ries i alternatives, i la seva contribuci\u00f3 al sistema sociosanitari de Catalunya<\/strong>. Ag\u00e8ncia Avaluaci\u00f3 Tecnologies i Recerques M\u00e8diques (156\/06\/2004), Investigador responsable: Josefina Caminal Homar (Medicina Preventiva), 40100 \u20ac, 14 investigadores. <\/span><\/li> <li><span style=\"font-family: Arial\">(2005) <strong>Red hispana de an\u00e1lisis de redes sociales<\/strong>. Acci\u00f3n Complementaria para la creaci\u00f3n de Redes Tem\u00e1ticas de car\u00e1cter cient\u00edfico-t\u00e9cnico. Ministerio de Ciencia y Tecnolog\u00eda (SEJ2004-20402-E). <\/span><\/li> <li><span style=\"font-family: Arial\">(2004) Investigador del proyecto &#8220;<strong>Culturas de la responsabilidad en los \u00e1mbitos econ\u00f3mico y pol\u00edtico: moralidad, reciprocidad y circulaci\u00f3n de recursos<\/strong>&#8221; (investigador principal: <\/span> <span style=\"font-family: Arial\">Susana Narotzky), c\u00f3digo <\/span><span style=\"font-family: Georgia\"> <span style=\"font-family: Arial\">BSO2003-06832 \/ CPSO, MCyT.<\/span><\/span><\/li> <\/ul><\/td><\/tr><\/tbody><\/table><\/figure>\n<\/div><\/div>\n","protected":false},"excerpt":{"rendered":"<p>Investigaciones y proyectos en marcha Mapping Cultural Diversity through Personal Networks communities &#8211; FBBVA &#8211; Convocatoria Fundamentos. Post-pandemic resilient communities: is the informal economy a reservoir for the next generation of digitalized and green businesses in the Global South? (PRESILIENT, HORIZON-MSCA-2021-DN-01-101073394). Analysis of and Responses to Extremists Narratives. HORIZON-CL2-2022-DEMOCRACY-01. Consorcio de 12 universidades. (ARENAS, WP6, [&hellip;]<\/p>\n","protected":false},"author":20,"featured_media":0,"parent":0,"menu_order":0,"comment_status":"closed","ping_status":"closed","template":"","meta":{"footnotes":""},"class_list":["post-31","page","type-page","status-publish","hentry"],"_links":{"self":[{"href":"https:\/\/webs.uab.cat\/joseluismolina\/wp-json\/wp\/v2\/pages\/31","targetHints":{"allow":["GET"]}}],"collection":[{"href":"https:\/\/webs.uab.cat\/joseluismolina\/wp-json\/wp\/v2\/pages"}],"about":[{"href":"https:\/\/webs.uab.cat\/joseluismolina\/wp-json\/wp\/v2\/types\/page"}],"author":[{"embeddable":true,"href":"https:\/\/webs.uab.cat\/joseluismolina\/wp-json\/wp\/v2\/users\/20"}],"replies":[{"embeddable":true,"href":"https:\/\/webs.uab.cat\/joseluismolina\/wp-json\/wp\/v2\/comments?post=31"}],"version-history":[{"count":9,"href":"https:\/\/webs.uab.cat\/joseluismolina\/wp-json\/wp\/v2\/pages\/31\/revisions"}],"predecessor-version":[{"id":393,"href":"https:\/\/webs.uab.cat\/joseluismolina\/wp-json\/wp\/v2\/pages\/31\/revisions\/393"}],"wp:attachment":[{"href":"https:\/\/webs.uab.cat\/joseluismolina\/wp-json\/wp\/v2\/media?parent=31"}],"curies":[{"name":"wp","href":"https:\/\/api.w.org\/{rel}","templated":true}]}}