{"id":196,"date":"2023-03-11T12:07:51","date_gmt":"2023-03-11T12:07:51","guid":{"rendered":"https:\/\/webs.uab.cat\/josepmariafortuny\/?page_id=196"},"modified":"2025-07-03T07:22:24","modified_gmt":"2025-07-03T07:22:24","slug":"inici","status":"publish","type":"page","link":"https:\/\/webs.uab.cat\/josepmariafortuny\/","title":{"rendered":"Inici"},"content":{"rendered":"\n<div class=\"wp-block-columns is-layout-flex wp-container-core-columns-is-layout-9d6595d7 wp-block-columns-is-layout-flex\">\n<div class=\"wp-block-column is-layout-flow wp-block-column-is-layout-flow\">\n<figure class=\"wp-block-image size-full is-resized\"><img loading=\"lazy\" decoding=\"async\" src=\"https:\/\/webs.uab.cat\/josepmariafortuny\/wp-content\/uploads\/sites\/381\/2023\/03\/IMG_0240-5-2.jpg\" alt=\"\" class=\"wp-image-243\" width=\"196\" height=\"287\" \/><figcaption class=\"wp-element-caption\"><strong><a href=\"mailto:JosepMaria.Fortuny@uab.cat\">JosepMaria.Fortuny@uab.cat<\/a><\/strong><br><strong>Despatx:<\/strong>&nbsp;G5-138<br><strong>Tel\u00e8fon:<\/strong>&nbsp;+34 93 581 11 33<\/figcaption><\/figure>\n\n\n\n<p><a href=\"https:\/\/webs.uab.cat\/josepmariafortuny\/wp-content\/uploads\/sites\/381\/2023\/04\/cv_fortuny-1.pdf\">CV<\/a><a href=\"http:\/\/webs.uab.cat\/josepmariafortuny\/wp-content\/uploads\/sites\/381\/2023\/04\/cv_fortuny-1.pdf\">\u2193<\/a><\/p>\n<\/div>\n<\/div>\n\n\n\n<p><a href=\"https:\/\/webs.uab.cat\/josepmariafortuny\/wp-content\/uploads\/sites\/381\/2023\/09\/Pla-activitats_2023-24-Fortuny-Professor-a-emerit.pdf\" data-type=\"URL\" data-id=\"https:\/\/webs.uab.cat\/josepmariafortuny\/wp-content\/uploads\/sites\/381\/2023\/09\/Pla-activitats_2023-24-Fortuny-Professor-a-emerit.pdf\">Professor<\/a> <a href=\"https:\/\/webs.uab.cat\/josepmariafortuny\/wp-content\/uploads\/sites\/381\/2023\/09\/documento-emerit-4-set.pdf\" data-type=\"URL\" data-id=\"https:\/\/webs.uab.cat\/josepmariafortuny\/wp-content\/uploads\/sites\/381\/2023\/09\/documento-emerit-4-set.pdf\">em\u00e8rit<\/a> del <a href=\"https:\/\/webs.uab.cat\/josepmariafortuny\/wp-content\/uploads\/sites\/381\/2023\/09\/02_Informe-Previ-activitats_Directora_Fortuny_2023.pdf\">Departament de Did\u00e0ctica de la Matem\u00e0tica i de les Ci\u00e8ncies Experimentals<\/a>.<\/p>\n\n\n\n<p>Facultat de Ci\u00e8ncies de l\u2019Educaci\u00f3 de la Universitat Aut\u00f2noma de Barcelona.<\/p>\n\n\n\n<p>Campus UAB, 08193, Cerdanyola del Vall\u00e8s, Barcelona, Catalunya, Espanya.<\/p>\n\n\n\n<p><\/p>\n","protected":false},"excerpt":{"rendered":"<p>CV\u2193 Professor em\u00e8rit del Departament de Did\u00e0ctica de la Matem\u00e0tica i de les Ci\u00e8ncies Experimentals. Facultat de Ci\u00e8ncies de l\u2019Educaci\u00f3 de la Universitat Aut\u00f2noma de Barcelona. Campus UAB, 08193, Cerdanyola del Vall\u00e8s, Barcelona, Catalunya, Espanya.<\/p>\n","protected":false},"author":20,"featured_media":0,"parent":0,"menu_order":0,"comment_status":"closed","ping_status":"closed","template":"","meta":{"footnotes":""},"class_list":["post-196","page","type-page","status-publish","hentry"],"_links":{"self":[{"href":"https:\/\/webs.uab.cat\/josepmariafortuny\/wp-json\/wp\/v2\/pages\/196","targetHints":{"allow":["GET"]}}],"collection":[{"href":"https:\/\/webs.uab.cat\/josepmariafortuny\/wp-json\/wp\/v2\/pages"}],"about":[{"href":"https:\/\/webs.uab.cat\/josepmariafortuny\/wp-json\/wp\/v2\/types\/page"}],"author":[{"embeddable":true,"href":"https:\/\/webs.uab.cat\/josepmariafortuny\/wp-json\/wp\/v2\/users\/20"}],"replies":[{"embeddable":true,"href":"https:\/\/webs.uab.cat\/josepmariafortuny\/wp-json\/wp\/v2\/comments?post=196"}],"version-history":[{"count":24,"href":"https:\/\/webs.uab.cat\/josepmariafortuny\/wp-json\/wp\/v2\/pages\/196\/revisions"}],"predecessor-version":[{"id":585,"href":"https:\/\/webs.uab.cat\/josepmariafortuny\/wp-json\/wp\/v2\/pages\/196\/revisions\/585"}],"wp:attachment":[{"href":"https:\/\/webs.uab.cat\/josepmariafortuny\/wp-json\/wp\/v2\/media?parent=196"}],"curies":[{"name":"wp","href":"https:\/\/api.w.org\/{rel}","templated":true}]}}