{"id":85,"date":"2015-04-09T13:53:10","date_gmt":"2015-04-09T13:53:10","guid":{"rendered":"https:\/\/webs.uab.cat\/josepmariafortuny\/josep-maria-fortuny-3\/"},"modified":"2024-05-04T15:52:21","modified_gmt":"2024-05-04T15:52:21","slug":"josep-maria-fortuny-3","status":"publish","type":"page","link":"https:\/\/webs.uab.cat\/josepmariafortuny\/josep-maria-fortuny-3\/","title":{"rendered":"Inici"},"content":{"rendered":"<p><strong><strong><a href=\"mailto:JosepMaria.Fortuny@uab.cat\">JosepMaria.Fortuny@uab.cat<\/a><\/strong><\/strong><\/p>\n<p><strong>Despatx:<\/strong> G5-138<br \/>\n<strong>Tel\u00e8fon:<\/strong> +34 93 581 11 33<\/p>\n<p><a href=\"https:\/\/webs.uab.cat\/josepmariafortuny\/wp-content\/uploads\/sites\/381\/2023\/04\/cv_fortuny.pdf\">CV<\/a><\/p>\n<p>Professor del Departament de Did\u00e0ctica de la Matem\u00e0tica i de les Ci\u00e8ncies Experimentals.<\/p>\n<p>Facultat de Ci\u00e8ncies de l\u2019Educaci\u00f3 de la Universitat Aut\u00f2noma de Barcelona.<\/p>\n<p>Campus UAB, 08193, Cerdanyola del Vall\u00e8s, Barcelona, Catalunya, Espanya.<\/p>\n","protected":false},"excerpt":{"rendered":"<p>JosepMaria.Fortuny@uab.cat Despatx: G5-138 Tel\u00e8fon: +34 93 581 11 33 CV Professor del Departament de Did\u00e0ctica de la Matem\u00e0tica i de les Ci\u00e8ncies Experimentals. Facultat de Ci\u00e8ncies de l\u2019Educaci\u00f3 de la Universitat Aut\u00f2noma de Barcelona. Campus UAB, 08193, Cerdanyola del Vall\u00e8s, Barcelona, Catalunya, Espanya.<\/p>\n","protected":false},"author":20,"featured_media":82,"parent":0,"menu_order":0,"comment_status":"closed","ping_status":"closed","template":"","meta":{"footnotes":""},"class_list":["post-85","page","type-page","status-publish","has-post-thumbnail","hentry"],"_links":{"self":[{"href":"https:\/\/webs.uab.cat\/josepmariafortuny\/wp-json\/wp\/v2\/pages\/85","targetHints":{"allow":["GET"]}}],"collection":[{"href":"https:\/\/webs.uab.cat\/josepmariafortuny\/wp-json\/wp\/v2\/pages"}],"about":[{"href":"https:\/\/webs.uab.cat\/josepmariafortuny\/wp-json\/wp\/v2\/types\/page"}],"author":[{"embeddable":true,"href":"https:\/\/webs.uab.cat\/josepmariafortuny\/wp-json\/wp\/v2\/users\/20"}],"replies":[{"embeddable":true,"href":"https:\/\/webs.uab.cat\/josepmariafortuny\/wp-json\/wp\/v2\/comments?post=85"}],"version-history":[{"count":3,"href":"https:\/\/webs.uab.cat\/josepmariafortuny\/wp-json\/wp\/v2\/pages\/85\/revisions"}],"predecessor-version":[{"id":397,"href":"https:\/\/webs.uab.cat\/josepmariafortuny\/wp-json\/wp\/v2\/pages\/85\/revisions\/397"}],"wp:featuredmedia":[{"embeddable":true,"href":"https:\/\/webs.uab.cat\/josepmariafortuny\/wp-json\/wp\/v2\/media\/82"}],"wp:attachment":[{"href":"https:\/\/webs.uab.cat\/josepmariafortuny\/wp-json\/wp\/v2\/media?parent=85"}],"curies":[{"name":"wp","href":"https:\/\/api.w.org\/{rel}","templated":true}]}}