{"id":2,"date":"2023-02-07T14:12:56","date_gmt":"2023-02-07T12:12:56","guid":{"rendered":"https:\/\/webs.uab.cat\/jpdi\/?page_id=2"},"modified":"2023-09-19T12:25:36","modified_gmt":"2023-09-19T11:25:36","slug":"quant-a-jpdi","status":"publish","type":"page","link":"https:\/\/webs.uab.cat\/jpdi\/quant-a-jpdi\/","title":{"rendered":"Quant a: JPDI"},"content":{"rendered":"\n<p>La<strong> Junta de Personal Docent i Investigador<\/strong> (JPDI) de la U<strong>niversitat Aut\u00f2noma de Barcelona<\/strong> \u00e9s l&#8217;\u00f2rgan de representaci\u00f3 i participaci\u00f3 col\u00b7lectiva del personal docent i investigador funcionari permanent de la Universitat Aut\u00f2noma de Barcelona en les decisions d\u2019aquesta universitat que els afecten.<\/p>\n\n\n\n<blockquote class=\"wp-block-quote is-layout-flow wp-block-quote-is-layout-flow\">\n<p>La JPDI participa en les negociacions amb l\u2019equip de govern en representaci\u00f3 del Personal Docent i Investigador Funcionari en les q\u00fcestions laborals, econ\u00f2miques i socials que li pertoquen. Tamb\u00e9 at\u00e9n les consultes i queixes de qualsevol membre del nostre col\u00b7lectiu en aquests \u00e0mbits i els defensa davant de l\u2019equip de govern. En general, lluita per defensar i aconseguir m\u00e9s drets socials i econ\u00f2mics que permetin desenvolupar una tasca docent i investigadora de m\u00e9s qualitat a la nostra universitat.<\/p>\n<\/blockquote>\n\n\n\n<p>Seccions Sindicals que la conformen: <\/p>\n\n\n\n<div class=\"wp-block-columns is-layout-flex wp-container-core-columns-is-layout-9d6595d7 wp-block-columns-is-layout-flex\">\n<div class=\"wp-block-column is-layout-flow wp-block-column-is-layout-flow\" style=\"flex-basis:100%\">\n<ul class=\"wp-block-list\">\n<li><a rel=\"noreferrer noopener\" href=\"http:\/\/ccoouab.com\" data-type=\"URL\" data-id=\"ccoouab.com\" target=\"_blank\">CC.OO<\/a><\/li>\n\n\n\n<li><a href=\"http:\/\/webs.uab.cat\/csif\" data-type=\"URL\" data-id=\"webs.uab.cat\/csif\" target=\"_blank\" rel=\"noreferrer noopener\">CSIF<\/a><\/li>\n\n\n\n<li><a href=\"\/\/\/home\/adminp\/Downloads\/Web-JPDI\/site\/jpdi.uab.cat\/ca\/seccions-sindicals\/i-csc.html\">I-<\/a><a href=\"https:\/\/www.intersindical-csc.cat\/\" target=\"_blank\" rel=\"noreferrer noopener\">CSC<\/a><\/li>\n\n\n\n<li><a href=\"http:\/\/ugtuab.blogspot.com\/\" data-type=\"URL\" data-id=\"http:\/\/ugtuab.blogspot.com\/\" target=\"_blank\" rel=\"noreferrer noopener\">UGT<\/a><\/li>\n<\/ul>\n<\/div>\n<\/div>\n\n\n\n<p><strong>Membres de la JPDI<\/strong><\/p>\n\n\n\n<p>La Junta de Personal Docent i Investigador de la UAB actualment compta amb 21 membres i es regeix per un <a rel=\"noreferrer noopener\" href=\"https:\/\/webs.uab.cat\/jpdi\/wp-content\/uploads\/sites\/328\/2023\/02\/Reglament-JPDI.pdf\" data-type=\"URL\" data-id=\"https:\/\/webs.uab.cat\/jpdi\/wp-content\/uploads\/sites\/328\/2023\/02\/Reglament-JPDI.pdf\" target=\"_blank\">reglament<\/a><a rel=\"noreferrer noopener\" href=\"\/\/\/home\/adminp\/Downloads\/Web-JPDI\/site\/jpdi.uab.cat\/DocsCKeditor\/files\/Reglament%20JPDI.pdf\" target=\"_blank\"> <\/a>propi.<\/p>\n\n\n\n<figure class=\"wp-block-table\"><table><tbody><tr><td><a rel=\"noreferrer noopener\" href=\"https:\/\/directori.uab.cat\/pcde\/fitxa_persona.jsf?id=1e1d913076919d17&amp;entitat=894&amp;colectiu=PDI\" data-type=\"URL\" data-id=\"https:\/\/directori.uab.cat\/pcde\/fitxa_persona.jsf?id=1e1d913076919d17&amp;entitat=894&amp;colectiu=PDI\" target=\"_blank\">Xavier Bardina Simorra<\/a> (I-CSC)<\/td><\/tr><tr><td><a rel=\"noreferrer noopener\" href=\"https:\/\/directori.uab.cat\/pcde\/fitxa_persona.jsf?id=7b8a8d57e9346df7&amp;entitat=905&amp;colectiu=PDI\" data-type=\"URL\" data-id=\"https:\/\/directori.uab.cat\/pcde\/fitxa_persona.jsf?id=7b8a8d57e9346df7&amp;entitat=905&amp;colectiu=PDI\" target=\"_blank\">Jordi Bartolom\u00e9 Filella<\/a> (UGT)<\/td><\/tr><tr><td><a rel=\"noreferrer noopener\" href=\"https:\/\/directori.uab.cat\/pcde\/fitxa_persona.jsf?id=74fc50a14d3eb139&amp;entitat=874&amp;colectiu=PDI\" data-type=\"URL\" data-id=\"https:\/\/directori.uab.cat\/pcde\/fitxa_persona.jsf?id=74fc50a14d3eb139&amp;entitat=874&amp;colectiu=PDI\" target=\"_blank\">Asunci\u00f3n Blanco Romero<\/a>&nbsp; (CCOO)<\/td><\/tr><tr><td><a rel=\"noreferrer noopener\" href=\"https:\/\/directori.uab.cat\/pcde\/fitxa_persona.jsf?id=0bcab8902b400224&amp;entitat=902&amp;colectiu=PDI\" data-type=\"URL\" data-id=\"https:\/\/directori.uab.cat\/pcde\/fitxa_persona.jsf?id=0bcab8902b400224&amp;entitat=902&amp;colectiu=PDI\" target=\"_blank\">Ana Maria C<\/a><a href=\"https:\/\/directori.uab.cat\/pcde\/fitxa_persona.jsf?id=0bcab8902b400224&amp;entitat=902&amp;colectiu=PDI\" data-type=\"URL\" data-id=\"https:\/\/directori.uab.cat\/pcde\/fitxa_persona.jsf?id=0bcab8902b400224&amp;entitat=902&amp;colectiu=PDI\" target=\"_blank\" rel=\"noreferrer noopener\">a<\/a><a rel=\"noreferrer noopener\" href=\"https:\/\/directori.uab.cat\/pcde\/fitxa_persona.jsf?id=0bcab8902b400224&amp;entitat=902&amp;colectiu=PDI\" data-type=\"URL\" data-id=\"https:\/\/directori.uab.cat\/pcde\/fitxa_persona.jsf?id=0bcab8902b400224&amp;entitat=902&amp;colectiu=PDI\" target=\"_blank\">rretero Romay<\/a> (CCOO)<\/td><\/tr><tr><td><a rel=\"noreferrer noopener\" href=\"https:\/\/directori.uab.cat\/pcde\/fitxa_persona.jsf?id=e4993deacd94261f&amp;entitat=876&amp;colectiu=PDI\" data-type=\"URL\" data-id=\"https:\/\/directori.uab.cat\/pcde\/fitxa_persona.jsf?id=e4993deacd94261f&amp;entitat=876&amp;colectiu=PDI\" target=\"_blank\">\u00c1ngel Cebollada Frontera<\/a>  (CCOO)<\/td><\/tr><tr><td><a rel=\"noreferrer noopener\" href=\"https:\/\/directori.uab.cat\/pcde\/fitxa_persona.jsf?id=99330f42f35d33d7&amp;entitat=780&amp;colectiu=PDI\" data-type=\"URL\" data-id=\"https:\/\/directori.uab.cat\/pcde\/fitxa_persona.jsf?id=99330f42f35d33d7&amp;entitat=780&amp;colectiu=PDI\" target=\"_blank\">Ester Fern\u00e1ndez Gimeno<\/a> (I-CSC)&nbsp; <\/td><\/tr><tr><td><a rel=\"noreferrer noopener\" href=\"https:\/\/directori.uab.cat\/pcde\/fitxa_persona.jsf?id=5efb70e6b4d6e8cf&amp;entitat=484&amp;colectiu=PDI\" data-type=\"URL\" data-id=\"https:\/\/directori.uab.cat\/pcde\/fitxa_persona.jsf?id=5efb70e6b4d6e8cf&amp;entitat=484&amp;colectiu=PDI\" target=\"_blank\">Juan Bautista Hern\u00e1ndez G\u00f3mez<\/a> (CSIF). <strong>Secretari <\/strong>general de la JPDI<\/td><\/tr><tr><td><a rel=\"noreferrer noopener\" href=\"https:\/\/directori.uab.cat\/pcde\/fitxa_persona.jsf?id=1d6a948c6299a9fb&amp;entitat=791&amp;colectiu=PDI\" data-type=\"URL\" data-id=\"https:\/\/directori.uab.cat\/pcde\/fitxa_persona.jsf?id=1d6a948c6299a9fb&amp;entitat=791&amp;colectiu=PDI\" target=\"_blank\">Josep Antoni Iglesias Fonseca<\/a>  (CCOO)<\/td><\/tr><tr><td><a href=\"https:\/\/directori.uab.cat\/pcde\/fitxa_persona.jsf?id=fe5149a5b1245984&amp;entitat=886&amp;colectiu=PDI\" data-type=\"URL\" data-id=\"https:\/\/directori.uab.cat\/pcde\/fitxa_persona.jsf?id=fe5149a5b1245984&amp;entitat=886&amp;colectiu=PDI\" target=\"_blank\" rel=\"noreferrer noopener\">Doris Moreno Mart\u00ednez<\/a>  (CCOO)<\/td><\/tr><tr><td><a rel=\"noreferrer noopener\" href=\"https:\/\/directori.uab.cat\/pcde\/fitxa_persona.jsf?id=f1000e1b6b11b0f3&amp;entitat=906&amp;colectiu=PDI\" data-type=\"URL\" data-id=\"https:\/\/directori.uab.cat\/pcde\/fitxa_persona.jsf?id=f1000e1b6b11b0f3&amp;entitat=906&amp;colectiu=PDI\" target=\"_blank\">Montserrat Mor-Mur Fran<\/a><a href=\"https:\/\/directori.uab.cat\/pcde\/fitxa_persona.jsf?id=f1000e1b6b11b0f3&amp;entitat=906&amp;colectiu=PDI\" data-type=\"URL\" data-id=\"https:\/\/directori.uab.cat\/pcde\/fitxa_persona.jsf?id=f1000e1b6b11b0f3&amp;entitat=906&amp;colectiu=PDI\" target=\"_blank\" rel=\"noreferrer noopener\">c<\/a><a rel=\"noreferrer noopener\" href=\"https:\/\/directori.uab.cat\/pcde\/fitxa_persona.jsf?id=f1000e1b6b11b0f3&amp;entitat=906&amp;colectiu=PDI\" data-type=\"URL\" data-id=\"https:\/\/directori.uab.cat\/pcde\/fitxa_persona.jsf?id=f1000e1b6b11b0f3&amp;entitat=906&amp;colectiu=PDI\" target=\"_blank\">esch<\/a> (I-CSC)<\/td><\/tr><tr><td><a href=\"https:\/\/directori.uab.cat\/pcde\/fitxa_persona.jsf?id=890163c3d23eb322&amp;entitat=875&amp;colectiu=PDI\" data-type=\"URL\" data-id=\"https:\/\/directori.uab.cat\/pcde\/fitxa_persona.jsf?id=890163c3d23eb322&amp;entitat=875&amp;colectiu=PDI\" target=\"_blank\" rel=\"noreferrer noopener\">Jordi Nadal Tersa<\/a> (I-CSC)<\/td><\/tr><tr><td><a href=\"https:\/\/directori.uab.cat\/pcde\/fitxa_persona.jsf?id=e8b49a8e2be48df0&amp;entitat=938&amp;colectiu=PDI\" data-type=\"URL\" data-id=\"https:\/\/directori.uab.cat\/pcde\/fitxa_persona.jsf?id=e8b49a8e2be48df0&amp;entitat=938&amp;colectiu=PDI\" target=\"_blank\" rel=\"noreferrer noopener\">Pilar Orero Clavero<\/a> (CSIF)<\/td><\/tr><tr><td><a rel=\"noreferrer noopener\" href=\"https:\/\/directori.uab.cat\/pcde\/fitxa_persona.jsf?id=b3ecc21d7c84720e&amp;entitat=1150&amp;colectiu=PDI\" data-type=\"URL\" data-id=\"https:\/\/directori.uab.cat\/pcde\/fitxa_persona.jsf?id=b3ecc21d7c84720e&amp;entitat=1150&amp;colectiu=PDI\" target=\"_blank\">Maria Jes\u00fas Palomo Peir\u00f3<\/a> &nbsp;(UGT)<\/td><\/tr><tr><td><a href=\"https:\/\/directori.uab.cat\/pcde\/fitxa_persona.jsf?id=da38ba6634f74401&amp;entitat=775&amp;colectiu=PDI\" data-type=\"URL\" data-id=\"https:\/\/directori.uab.cat\/pcde\/fitxa_persona.jsf?id=da38ba6634f74401&amp;entitat=775&amp;colectiu=PDI\" target=\"_blank\" rel=\"noreferrer noopener\">Carlota Poschenrieder Wiens<\/a> (CSIF)<\/td><\/tr><tr><td><a href=\"https:\/\/directori.uab.cat\/pcde\/fitxa_persona.jsf?id=5404d9c311f0f00d&amp;entitat=1893&amp;colectiu=PDI\" data-type=\"URL\" data-id=\"https:\/\/directori.uab.cat\/pcde\/fitxa_persona.jsf?id=5404d9c311f0f00d&amp;entitat=1893&amp;colectiu=PDI\" target=\"_blank\" rel=\"noreferrer noopener\">Joan Pujol Tarr\u00e9s<\/a> (I-CSC)<\/td><\/tr><tr><td><a rel=\"noreferrer noopener\" href=\"https:\/\/directori.uab.cat\/pcde\/fitxa_persona.jsf?id=9ece909eeecff559&amp;entitat=888&amp;colectiu=PDI\" data-type=\"URL\" data-id=\"https:\/\/directori.uab.cat\/pcde\/fitxa_persona.jsf?id=9ece909eeecff559&amp;entitat=888&amp;colectiu=PDI\" target=\"_blank\">Dolores Isabel Rexachs del Rosario<\/a> (CSIF)<\/td><\/tr><tr><td><a href=\"https:\/\/directori.uab.cat\/pcde\/fitxa_persona.jsf?id=bafae736b55f43db&amp;entitat=1150&amp;colectiu=PDI\" data-type=\"URL\" data-id=\"https:\/\/directori.uab.cat\/pcde\/fitxa_persona.jsf?id=bafae736b55f43db&amp;entitat=1150&amp;colectiu=PDI\" target=\"_blank\" rel=\"noreferrer noopener\">Juan Enrique Rodr\u00edguez Gil<\/a> (UGT)<\/td><\/tr><tr><td><a rel=\"noreferrer noopener\" href=\"https:\/\/directori.uab.cat\/pcde\/fitxa_persona.jsf?id=040ee99e2084d08a&amp;entitat=906&amp;colectiu=PDI\" data-type=\"URL\" data-id=\"https:\/\/directori.uab.cat\/pcde\/fitxa_persona.jsf?id=040ee99e2084d08a&amp;entitat=906&amp;colectiu=PDI\" target=\"_blank\">Jordi Saldo Periago<\/a> (I-CSC). <strong>President <\/strong>de la JPDI<\/td><\/tr><tr><td><a rel=\"noreferrer noopener\" href=\"https:\/\/directori.uab.cat\/pcde\/fitxa_persona.jsf?id=ea1666e222287103&amp;entitat=922&amp;colectiu=PDI\" data-type=\"URL\" data-id=\"https:\/\/directori.uab.cat\/pcde\/fitxa_persona.jsf?id=ea1666e222287103&amp;entitat=922&amp;colectiu=PDI\" target=\"_blank\">Olga Soler Vilageliu<\/a> (I-CSC)<\/td><\/tr><tr><td><a href=\"https:\/\/directori.uab.cat\/pcde\/fitxa_persona.jsf?id=e4a0b6213074b206&amp;entitat=888&amp;colectiu=PDI\" data-type=\"URL\" data-id=\"https:\/\/directori.uab.cat\/pcde\/fitxa_persona.jsf?id=e4a0b6213074b206&amp;entitat=888&amp;colectiu=PDI\" target=\"_blank\" rel=\"noreferrer noopener\">Remo Suppi Boldrito<\/a> (CSIF)<\/td><\/tr><tr><td><a href=\"https:\/\/directori.uab.cat\/pcde\/fitxa_persona.jsf?id=8e090c5e3aaeef5f&amp;entitat=2282&amp;colectiu=PDI\" data-type=\"URL\" data-id=\"https:\/\/directori.uab.cat\/pcde\/fitxa_persona.jsf?id=8e090c5e3aaeef5f&amp;entitat=2282&amp;colectiu=PDI\" target=\"_blank\" rel=\"noreferrer noopener\">David Vidal Castell<\/a> (CSIF)<\/td><\/tr><\/tbody><\/table><\/figure>\n\n\n\n<figure class=\"wp-block-image size-full\"><img loading=\"lazy\" decoding=\"async\" width=\"683\" height=\"1024\" src=\"https:\/\/webs.uab.cat\/jpdi\/wp-content\/uploads\/sites\/328\/2023\/09\/columnas-ddd.png\" alt=\"\" class=\"wp-image-98\" srcset=\"https:\/\/webs.uab.cat\/jpdi\/wp-content\/uploads\/sites\/328\/2023\/09\/columnas-ddd.png 683w, https:\/\/webs.uab.cat\/jpdi\/wp-content\/uploads\/sites\/328\/2023\/09\/columnas-ddd-200x300.png 200w\" sizes=\"auto, (max-width: 683px) 100vw, 683px\" \/><figcaption class=\"wp-element-caption\"><a rel=\"noreferrer noopener\" href=\"https:\/\/goo.gl\/maps\/k55soLnxPBz8WuMUA\" data-type=\"URL\" data-id=\"https:\/\/goo.gl\/maps\/k55soLnxPBz8WuMUA\" target=\"_blank\">Columnes UAB<\/a> (Andreu Alfaro) (Font: <a href=\"https:\/\/ddd.uab.cat\/pub\/fotos\/1999\/81382\/uab_16.jpg\" target=\"_blank\" rel=\"noreferrer noopener\">https:\/\/ddd.uab.cat\/pub\/fotos\/1999\/81382\/uab_16.jpg<\/a>)<\/figcaption><\/figure>\n\n\n\n<p><\/p>\n","protected":false},"excerpt":{"rendered":"<p>La Junta de Personal Docent i Investigador (JPDI) de la Universitat Aut\u00f2noma de Barcelona \u00e9s l&#8217;\u00f2rgan de representaci\u00f3 i participaci\u00f3 col\u00b7lectiva del personal docent i investigador funcionari permanent de la Universitat Aut\u00f2noma de Barcelona en les decisions d\u2019aquesta universitat que els afecten. La JPDI participa en les negociacions amb l\u2019equip de govern en representaci\u00f3 del [&hellip;]<\/p>\n","protected":false},"author":1872,"featured_media":0,"parent":0,"menu_order":0,"comment_status":"closed","ping_status":"open","template":"","meta":{"footnotes":""},"class_list":["post-2","page","type-page","status-publish","hentry"],"_links":{"self":[{"href":"https:\/\/webs.uab.cat\/jpdi\/wp-json\/wp\/v2\/pages\/2","targetHints":{"allow":["GET"]}}],"collection":[{"href":"https:\/\/webs.uab.cat\/jpdi\/wp-json\/wp\/v2\/pages"}],"about":[{"href":"https:\/\/webs.uab.cat\/jpdi\/wp-json\/wp\/v2\/types\/page"}],"author":[{"embeddable":true,"href":"https:\/\/webs.uab.cat\/jpdi\/wp-json\/wp\/v2\/users\/1872"}],"replies":[{"embeddable":true,"href":"https:\/\/webs.uab.cat\/jpdi\/wp-json\/wp\/v2\/comments?post=2"}],"version-history":[{"count":17,"href":"https:\/\/webs.uab.cat\/jpdi\/wp-json\/wp\/v2\/pages\/2\/revisions"}],"predecessor-version":[{"id":100,"href":"https:\/\/webs.uab.cat\/jpdi\/wp-json\/wp\/v2\/pages\/2\/revisions\/100"}],"wp:attachment":[{"href":"https:\/\/webs.uab.cat\/jpdi\/wp-json\/wp\/v2\/media?parent=2"}],"curies":[{"name":"wp","href":"https:\/\/api.w.org\/{rel}","templated":true}]}}