{"id":59,"date":"2023-03-12T23:35:14","date_gmt":"2023-03-12T21:35:14","guid":{"rendered":"https:\/\/webs.uab.cat\/julicebrian\/?page_id=59"},"modified":"2026-01-24T17:37:30","modified_gmt":"2026-01-24T15:37:30","slug":"home","status":"publish","type":"page","link":"https:\/\/webs.uab.cat\/julicebrian\/","title":{"rendered":"Home"},"content":{"rendered":"\n<div class=\"wp-block-columns is-layout-flex wp-container-core-columns-is-layout-9d6595d7 wp-block-columns-is-layout-flex\">\n<div class=\"wp-block-column is-layout-flow wp-block-column-is-layout-flow\" style=\"flex-basis:33.33%\">\n<figure class=\"wp-block-image size-full\"><img loading=\"lazy\" decoding=\"async\" width=\"679\" height=\"826\" src=\"https:\/\/webs.uab.cat\/julicebrian\/wp-content\/uploads\/sites\/370\/2024\/11\/image_julceb-3321137142.jpeg\" alt=\"\" class=\"wp-image-134\" srcset=\"https:\/\/webs.uab.cat\/julicebrian\/wp-content\/uploads\/sites\/370\/2024\/11\/image_julceb-3321137142.jpeg 679w, https:\/\/webs.uab.cat\/julicebrian\/wp-content\/uploads\/sites\/370\/2024\/11\/image_julceb-3321137142-247x300.jpeg 247w\" sizes=\"auto, (max-width: 679px) 100vw, 679px\" \/><\/figure>\n<\/div>\n\n\n\n<div class=\"wp-block-column is-layout-flow wp-block-column-is-layout-flow\" style=\"flex-basis:66.66%\">\n<p><strong>Professor Agregat (Associate Professor)<\/strong>&nbsp;at the&nbsp;<a href=\"https:\/\/www.uab.cat\/departament\/filologia-anglesa-germanistica\/\">Departament de Filologia Anglesa i German\u00edstica<\/a>,&nbsp;<a href=\"https:\/\/www.uab.es\/english\/\">Universitat Aut\u00f2noma de Barcelona<\/a>.<\/p>\n\n\n\n<p>Departament de Filologia Anglesa i German\u00edstica<br>Facultat de Filosofia i Lletres, Edifici B<br>Campus Universitat Aut\u00f2noma de Barcelona<br>Bellaterra, 08193<br>Spain<\/p>\n\n\n\n<p>Email: juli dot cebrian at uab dot es (replace dot with ., replace at with @) Fax #: + 93 34 581 2001<\/p>\n\n\n\n<p><strong>Research interests<\/strong>: acquisition and characteristics of second language speech, phonetics, speech perception and production, English as a foreign language, pronunciation teaching and learning, psycholinguistics.<\/p>\n\n\n\n<hr class=\"wp-block-separator has-alpha-channel-opacity\" \/>\n\n\n\n<p>***Member of the <a href=\"https:\/\/l2speechresearchgroup-ub.weebly.com\/\">Barcelona L2 Speech Research Group<\/a>***<\/p>\n\n\n\n<figure class=\"wp-block-image size-full\"><a href=\"https:\/\/l2speechresearchgroup-ub.weebly.com\/\"><img loading=\"lazy\" decoding=\"async\" width=\"400\" height=\"64\" src=\"https:\/\/webs.uab.cat\/julicebrian\/wp-content\/uploads\/sites\/370\/2026\/01\/image.png\" alt=\"\" class=\"wp-image-189\" srcset=\"https:\/\/webs.uab.cat\/julicebrian\/wp-content\/uploads\/sites\/370\/2026\/01\/image.png 400w, https:\/\/webs.uab.cat\/julicebrian\/wp-content\/uploads\/sites\/370\/2026\/01\/image-300x48.png 300w\" sizes=\"auto, (max-width: 400px) 100vw, 400px\" \/><\/a><\/figure>\n\n\n\n<p class=\"has-text-align-left\">***Co-author of the website <a href=\"https:\/\/englishphoneticsbcn.com\/\">English Phonetics in Barcelona<\/a>, with N\u00faria Gavald\u00e0 and Celia Gorba, a resource for English phonetics and pronunciation practice***<br><br><a href=\"https:\/\/englishphoneticsbcn.com\/\"><img loading=\"lazy\" decoding=\"async\" width=\"2514\" height=\"820\" class=\"wp-image-192\" style=\"width: 300px\" src=\"https:\/\/webs.uab.cat\/julicebrian\/wp-content\/uploads\/sites\/370\/2026\/01\/EPPiBna2.png\" alt=\"\" srcset=\"https:\/\/webs.uab.cat\/julicebrian\/wp-content\/uploads\/sites\/370\/2026\/01\/EPPiBna2.png 2514w, https:\/\/webs.uab.cat\/julicebrian\/wp-content\/uploads\/sites\/370\/2026\/01\/EPPiBna2-300x98.png 300w, https:\/\/webs.uab.cat\/julicebrian\/wp-content\/uploads\/sites\/370\/2026\/01\/EPPiBna2-1024x334.png 1024w, https:\/\/webs.uab.cat\/julicebrian\/wp-content\/uploads\/sites\/370\/2026\/01\/EPPiBna2-768x251.png 768w, https:\/\/webs.uab.cat\/julicebrian\/wp-content\/uploads\/sites\/370\/2026\/01\/EPPiBna2-1536x501.png 1536w, https:\/\/webs.uab.cat\/julicebrian\/wp-content\/uploads\/sites\/370\/2026\/01\/EPPiBna2-2048x668.png 2048w, https:\/\/webs.uab.cat\/julicebrian\/wp-content\/uploads\/sites\/370\/2026\/01\/EPPiBna2-1200x391.png 1200w, https:\/\/webs.uab.cat\/julicebrian\/wp-content\/uploads\/sites\/370\/2026\/01\/EPPiBna2-1980x646.png 1980w\" sizes=\"auto, (max-width: 2514px) 100vw, 2514px\" \/><\/a><\/p>\n\n\n\n<p>***Co-chair of the <a href=\"https:\/\/www.ub.edu\/newsounds2022\/\">10th International Symposium on the Acquisition of Second Language Speech (New Sounds 2022) <\/a>that will take place in Barcelona on April 20-22, 2022***<\/p>\n\n\n\n<hr class=\"wp-block-separator has-alpha-channel-opacity\" \/>\n\n\n\n<p><strong>Service<\/strong><\/p>\n\n\n\n<p>Masters coordinator. <a href=\"http:\/\/www.uab.cat\/servlet\/Satellite\/studying\/official-master-s-degrees\/general-information\/advanced-english-studies-1096480962610.html?param1=1308551783424\">Masters in Acquisition of English and Intercultural Communication<\/a> (2007-2011). See also the <a href=\"http:\/\/blogs.uab.cat\/advancedenglishstudiesma\/\" target=\"_blank\" rel=\"noreferrer noopener\">masters blog site<\/a>.<br>PhD coordinator. <a href=\"http:\/\/www.uab.cat\/servlet\/Satellite\/postgraduate\/phd-s\/arts-and-humanities\/general-information\/english-philology-1233731023913.html?param1=2012&amp;param2=1090573142168\">PhD program in English Philology<\/a> at UAB (2009-2011)<br>Head of the <a href=\"http:\/\/sct.uab.cat\/stp\/\"><em>Servei de Tractament de la Parla<\/em> (Speech Lab)<\/a> at UAB (2009 &#8211; 2015)<br>Secretary of the Department (February 2015-February 2018)<\/p>\n\n\n\n<p>Member of the editorial board of the Journal of Second Language Pronunciation and Applied Psycholinguistics.<\/p>\n<\/div>\n<\/div>\n\n\n\n<p><\/p>\n","protected":false},"excerpt":{"rendered":"<p>Professor Agregat (Associate Professor)&nbsp;at the&nbsp;Departament de Filologia Anglesa i German\u00edstica,&nbsp;Universitat Aut\u00f2noma de Barcelona. Departament de Filologia Anglesa i German\u00edsticaFacultat de Filosofia i Lletres, Edifici BCampus Universitat Aut\u00f2noma de BarcelonaBellaterra, 08193Spain Email: juli dot cebrian at uab dot es (replace dot with ., replace at with @) Fax #: + 93 34 581 2001 Research interests: [&hellip;]<\/p>\n","protected":false},"author":20,"featured_media":0,"parent":0,"menu_order":0,"comment_status":"closed","ping_status":"closed","template":"","meta":{"footnotes":""},"class_list":["post-59","page","type-page","status-publish","hentry"],"_links":{"self":[{"href":"https:\/\/webs.uab.cat\/julicebrian\/wp-json\/wp\/v2\/pages\/59","targetHints":{"allow":["GET"]}}],"collection":[{"href":"https:\/\/webs.uab.cat\/julicebrian\/wp-json\/wp\/v2\/pages"}],"about":[{"href":"https:\/\/webs.uab.cat\/julicebrian\/wp-json\/wp\/v2\/types\/page"}],"author":[{"embeddable":true,"href":"https:\/\/webs.uab.cat\/julicebrian\/wp-json\/wp\/v2\/users\/20"}],"replies":[{"embeddable":true,"href":"https:\/\/webs.uab.cat\/julicebrian\/wp-json\/wp\/v2\/comments?post=59"}],"version-history":[{"count":8,"href":"https:\/\/webs.uab.cat\/julicebrian\/wp-json\/wp\/v2\/pages\/59\/revisions"}],"predecessor-version":[{"id":194,"href":"https:\/\/webs.uab.cat\/julicebrian\/wp-json\/wp\/v2\/pages\/59\/revisions\/194"}],"wp:attachment":[{"href":"https:\/\/webs.uab.cat\/julicebrian\/wp-json\/wp\/v2\/media?parent=59"}],"curies":[{"name":"wp","href":"https:\/\/api.w.org\/{rel}","templated":true}]}}