{"id":143,"date":"2009-05-08T11:23:04","date_gmt":"2009-05-08T09:23:04","guid":{"rendered":"https:\/\/webs.uab.cat\/jverges\/text-cae-2\/"},"modified":"2023-03-14T20:52:10","modified_gmt":"2023-03-14T18:52:10","slug":"text-cae-2","status":"publish","type":"page","link":"https:\/\/webs.uab.cat\/jverges\/en\/text-cae-2\/","title":{"rendered":"Control y Evaluaci\u00f3n de la Eficiencia"},"content":{"rendered":"<p><strong>Libro:<br \/>\nCONTROL E INCENTIVOS <\/strong><strong>EN LA GESTI\u00d3N EMPRESARIAL<\/strong><\/p>\n<p>Por Joaquim Verg\u00e9s<\/p>\n<p>versi\u00f3n Junio 2000<\/p>\n<p>Este texto es la versi\u00f3n en castellano del libro &#8220;Control i incentius en la gesti\u00f3 empresarial&#8221;<br \/>\neditado por la UAB en su colecci\u00f3n de &#8216;Materials&#8217;, dep\u00f3sito legal B-4714-1999;<br \/>\nISBN 84-490-1525-1.<\/p>\n<p>Contenido:<\/p>\n<p><a href=\"http:\/\/gent.uab.cat\/jverges\/sites\/gent.uab.cat.jverges\/files\/1CONTROL.pdf\">El &#8220;Control de la Gesti\u00f3n&#8221; como condici\u00f3n de eficiencia<\/a> (pdf)<br \/>\n<a href=\"http:\/\/gent.uab.cat\/jverges\/sites\/gent.uab.cat.jverges\/files\/2CONTROL.pdf\">La situaci\u00f3n (o problema) de la agencia, y el control de la gesti\u00f3n<\/a> (pdf)<br \/>\n<a href=\"http:\/\/gent.uab.cat\/jverges\/sites\/gent.uab.cat.jverges\/files\/3control.pdf\">Indicadores de gesti\u00f3n para cada centro de responsabilidad<\/a> (pdf)<br \/>\n<a href=\"http:\/\/gent.uab.cat\/jverges\/sites\/gent.uab.cat.jverges\/files\/4control.pdf\">La formulaci\u00f3n de funciones-objetivo (como base para el control y la evaluaci\u00f3n<\/a> (pdf)<br \/>\n<a href=\"http:\/\/gent.uab.cat\/jverges\/sites\/gent.uab.cat.jverges\/files\/5control.pdf\">F\u00f3rmulas de incentivos econ\u00f3micos para los agentes<\/a>\u00a0 (pdf)<br \/>\n<a href=\"http:\/\/gent.uab.cat\/jverges\/sites\/gent.uab.cat.jverges\/files\/6CONTROL.pdf\">Aplicaci\u00f3n de f\u00f3rmulas de incentivos basadas en resultados y previsiones<\/a> (pdf)<\/p>\n<p>Reservados todos los derechos. No est\u00e1 autorizado otro uso ni reproducci\u00f3n por ning\u00fan medio, sin autorizaci\u00f3n expresa.<br \/>\nTraducci\u00f3n al espa\u00f1ol de la publicaci\u00f3n de Ejercicios para la asignatura CAE.<br \/>\n(se trata de una traducci\u00f3n efectuada con el traductor autom\u00e1tico de la UAB. No se ha podido revisar la traducci\u00f3n en cuanto a terminolog\u00eda t\u00e9cnica.)<\/p>\n","protected":false},"excerpt":{"rendered":"<p>Libro: CONTROL E INCENTIVOS EN LA GESTI\u00d3N EMPRESARIAL Por Joaquim Verg\u00e9s versi\u00f3n Junio 2000 Este texto es la versi\u00f3n en castellano del libro &#8220;Control i incentius en la gesti\u00f3 empresarial&#8221; editado por la UAB en su colecci\u00f3n de &#8216;Materials&#8217;, dep\u00f3sito legal B-4714-1999; ISBN 84-490-1525-1. Contenido: El &#8220;Control de la Gesti\u00f3n&#8221; como condici\u00f3n de eficiencia (pdf) [&hellip;]<\/p>\n","protected":false},"author":20,"featured_media":0,"parent":0,"menu_order":0,"comment_status":"closed","ping_status":"closed","template":"","meta":{"footnotes":""},"class_list":["post-143","page","type-page","status-publish","hentry"],"_links":{"self":[{"href":"https:\/\/webs.uab.cat\/jverges\/en\/wp-json\/wp\/v2\/pages\/143","targetHints":{"allow":["GET"]}}],"collection":[{"href":"https:\/\/webs.uab.cat\/jverges\/en\/wp-json\/wp\/v2\/pages"}],"about":[{"href":"https:\/\/webs.uab.cat\/jverges\/en\/wp-json\/wp\/v2\/types\/page"}],"author":[{"embeddable":true,"href":"https:\/\/webs.uab.cat\/jverges\/en\/wp-json\/wp\/v2\/users\/20"}],"replies":[{"embeddable":true,"href":"https:\/\/webs.uab.cat\/jverges\/en\/wp-json\/wp\/v2\/comments?post=143"}],"version-history":[{"count":2,"href":"https:\/\/webs.uab.cat\/jverges\/en\/wp-json\/wp\/v2\/pages\/143\/revisions"}],"predecessor-version":[{"id":239,"href":"https:\/\/webs.uab.cat\/jverges\/en\/wp-json\/wp\/v2\/pages\/143\/revisions\/239"}],"wp:attachment":[{"href":"https:\/\/webs.uab.cat\/jverges\/en\/wp-json\/wp\/v2\/media?parent=143"}],"curies":[{"name":"wp","href":"https:\/\/api.w.org\/{rel}","templated":true}]}}