{"id":386,"date":"2023-05-03T10:11:08","date_gmt":"2023-05-03T08:11:08","guid":{"rendered":"https:\/\/webs.uab.cat\/jverges\/?page_id=386"},"modified":"2026-03-09T19:37:12","modified_gmt":"2026-03-09T17:37:12","slug":"publications","status":"publish","type":"page","link":"https:\/\/webs.uab.cat\/jverges\/en\/publications\/","title":{"rendered":"Publications"},"content":{"rendered":"\n<p><strong>Articles<\/strong><span style=\"font-size: 12px\"><\/span><\/p>\n\n\n\n<p class=\"has-text-align-right\" style=\"font-style:normal;font-weight:400\"><span style=\"font-size: 12px\"> <\/span><strong><span style=\"font-size: 12px\"> Last years <\/span><\/strong><\/p>\n\n\n\n<p>&#8220;Multi-factor productivity indicators at the country level: not the meaning it is assumed they have&#8221;, <em>International Review of Applied Economics<\/em>,  Vol. 40, 2026; Issue 1, pp. 1-17 <sub><a href=\"https:\/\/www.tandfonline.com\/eprint\/WKCND3N67FCKPJM686HW\/full?target=10.1080\/02692171.2024.2404885\">(e-edition; September 2024<\/a>).<\/sub> <a href=\"https:\/\/www.tandfonline.com\/eprint\/WKCND3N67FCKPJM686HW\/full?target=10.1080\/02692171.2024.2404885\">Full text access<\/a>.<\/p>\n\n\n\n<p class=\"has-small-font-size\">&#8220;The Electricity Market Design: An Unnecessarily Distorting and Costly Mechanism to Overcome&#8221;, <em>Journal of Economic Issues<\/em>, Vol. LIX, No. 1, March 2025; pag. 304-323; DOI: 10.1080\/00213624.2025.2455670. <em>Full text acces<\/em>s:<a href=\"https:\/\/www.tandfonline.com\/eprint\/CPXDJGKHHFZ2SCTV7KUV\/full?target=10.1080\/00213624.2025.2455670\">-&gt;<\/a><\/p>\n\n\n\n<p class=\"has-small-font-size\">\u201cFiscal austerity vs. expansionary fiscal policy: on the results of these opposed economic policies applied to fight recessions\u201d,\u00a0<em>Journal of Economic Policy Reform\u00a0<\/em>\u20132023, VOL. 26, NO 4, pp. 421-441 .\u00a0Routledged\/Taylor and Francis G., UK \u2013 Full text access:\u00a0<strong><a href=\"https:\/\/www.tandfonline.com\/eprint\/RPPHR5DGRWPNWFYIBZEJ\/full?target=10.1080\/17487870.2023.2238109\">\u2013&gt;<\/a><\/strong>\u00a0.<\/p>\n\n\n\n<p class=\"has-small-font-size\">\u201cApparent micro-realism in mainstream orthodox economics\u201d,&nbsp;<em>Journal of Post Keynesian Economics<\/em>, 46(1), pp. 87-112 (2023) . Routledged\/Taylor and Francis G., UK \u2013 Full text access:&nbsp;<strong><a href=\"https:\/\/www.tandfonline.com\/eprint\/R8M5TTSCCA5ZRZJBYFEP\/full?target=10.1080\/01603477.2022.2099423\">\u2013&gt;<\/a><\/strong>.<\/p>\n\n\n\n<p class=\"has-small-font-size\">\u201cInternational Liberalization: its Implicatios for Countries\u2019 Social Wellbeing\u201d,&nbsp;<em>Challenge<\/em>&nbsp;Journal, VOL 65, Nos. 1-2, pp. 12-33, (2022), Routledge\/Taylor and Francis Group UK \u2013 Full text access:&nbsp;<strong><a href=\"https:\/\/www.tandfonline.com\/eprint\/AFUQ7YJEEKHN5B9R5X8C\/full?target=10.1080\/05775132.2022.2038885\">\u2013&gt;<\/a><\/strong>.<\/p>\n\n\n\n<p class=\"has-small-font-size\">\u201cThe Misinterpretation of Productivity Measures at Country and Sector Level\u201d,&nbsp;<em>Challenge<\/em>&nbsp;Journal, Vo. 64, Issue 2, pp. 156-171, Jan 2021, Routledge\/Taylor and Francis G., UK \u2013 Full text access:&nbsp;<strong><a href=\"https:\/\/www.tandfonline.com\/eprint\/PMCXDHUB9IYFPNR36PDS\/full?target=10.1080\/05775132.2020.1866907\">\u2013&gt;<\/a><\/strong>.<\/p>\n\n\n\n<p class=\"has-small-font-size\">\u201cEmpirical rejection of mainstream economics\u2019 core postulates -on prices, firms\u2019 profits and markets structure\u201d,&nbsp;<em>Real World Economics Review<\/em>, Issue 93, September 2020, pp. 61-75 \u2013 WEA, Bristol, UK \u2013 Full text access:&nbsp;<strong><a href=\"http:\/\/www.paecon.net\/PAEReview\/issue93\/whole93.pdf#%5B%7B%22num%22%3A179%2C%22gen%22%3A0%7D%2C%7B%22name%22%3A%22XYZ%22%7D%2C88%2C760%2C0%5D\">\u2013&gt;<\/a><\/strong>.<\/p>\n\n\n\n<p class=\"has-small-font-size\">\u201cEconomics as a Science -or viewed from the perspective of scientists in other fields\u201d,&nbsp;<em>Cadmus<\/em>&nbsp;Journal, Vol. 4, issue 2 \u2013 May-Jul 2020, pp. 247-257 \u2013 Full text access:&nbsp;<strong><a href=\"https:\/\/www.cadmusjournal.org\/article\/volume-4\/issue-2\/economics-science-%E2%80%93-or-viewed-perspective-scientists-other-fields\">\u2013&gt;<\/a><\/strong>.<\/p>\n\n\n\n<p class=\"has-small-font-size\"><sub>\u201c<\/sub>Incentive Schemes for Executive Officers when Forecast Matter\u201d,&nbsp;<em>Managerial and Decisions Economics<\/em>, Vol. 31, Issue 5, pp. 339-352, (2010). [www.inyrscience.wiley.com ; DOI: 101002\/mde.1487].<\/p>\n\n\n\n<p class=\"has-small-font-size\">\u201cOrganisational status and efficiency: the case of the Spanish SOE \u2018Paradores&#8217;\u201d,&nbsp;<em>International Journal of Public Sector Management<\/em>, Vol. 21 No 5 pp. 494-508. (2008); with Magda Cay\u00f3n.<\/p>\n\n\n\n<p class=\"has-text-align-right has-small-font-size\"><sub><strong>Former<\/strong><\/sub><\/p>\n\n\n\n<p><sub>\u201cWhy Governments Sell Public Firms: The Spanish Case\u201d,<em>&nbsp;International Advances in Economic Research<\/em>, Vol 7, No. 1, pp. 114-132 (2001<\/sub>).<\/p>\n\n\n\n<p>\u201c<sub>Privatisation in Spain: Process, Policies and Goals\u201d,&nbsp;<em>European Journal of Law and Economics<\/em>, Vol 9, No. 3, pp. 255-280 (2000).<\/sub><\/p>\n\n\n\n<p><sub>\u201cBalance de las pol\u00edticas de privatizaci\u00f3n de empresas p\u00fablicas en Espa\u00f1a\u201d,&nbsp;<em>Econom\u00eda Industrial<\/em>, Vol. IV, N\u00ba 30, pp. 121-139 (1999) .<\/sub><\/p>\n\n\n\n<p><sub>\u201cRepercusiones de las privtizaciones espa\u00f1olas en los presupuestos generales del Estado\u201d,&nbsp;<em>Hacienda P\u00fablica Espa\u00f1ola<\/em>, n\u00ba 147, pp. 215-231 (1998).<\/sub><\/p>\n\n\n\n<p><sub>\u201cMedici\u00f3n del diferencial en cuanto a costes sociales de congesti\u00f3n entre el transporte individual y el transporte p\u00fablico urbano, conuna aplicaci\u00f3n al \u00e1rea urbana de Barcelona\u201d (1989),&nbsp;<em>Investigaciones Econ\u00f3micas<\/em>, Vol. XIII, No. 2, pp. 183-205<\/sub>.<\/p>\n\n\n\n<p><sub>\u201cThe determination of justified deficits, and rules of behaviour, for public enterprises, when \u2018external factors\u2019 are present\u201d, (1988),&nbsp;<em>Annals of Public and Co-operative Economy<\/em>, N. 1, pp. 3-22.<\/sub><\/p>\n\n\n\n<p>\u201c<sub>Medici\u00f3n de beneficios monopol\u00edsticos y evaluaciones de la ineficiencia social generada: revisi\u00f3n y examen de la evidencia emp\u00edrica, (1988),&nbsp;<em>Investigaciones Econ\u00f3micas<\/em>, Supl. 1988, pp. 49-58.<\/sub><\/p>\n\n\n\n<p><sub>\u201cEvaluaci\u00f3n de la eficiencia y criterios de gesti\u00f3n para empresas p\u00fablicas, en base a magnitudes globales\u201d, (1984),&nbsp;<em>Investigaciones Econ\u00f3micas<\/em>, No. 23, pp. 49-72<\/sub><\/p>\n\n\n\n<p><\/p>\n\n\n\n<p class=\"has-normal-font-size\"><strong><sub>Books<\/sub><\/strong><\/p>\n\n\n\n<p><sub>ECONOMICS AND THE REAL WORLD, (2023); Ethics International Press Ltd, UK. ISBN: 978-1-80441-056-1 ; eBook: ISBN 978-1-80441-057-8<\/sub><\/p>\n\n\n\n<p><sub>ECONOM\u00cdA DEL MUNDO REAL (2019): La econom\u00eda convencional frente al funcionamiento real de nuestras econom\u00edas. Ediciones Pir\u00e1mide (Grupo Aanaya), Madrid \u2013 ISBN: 978-84-368-4149-7.<\/sub><\/p>\n\n\n\n<p><sub>EVALUACI\u00d3N DE LA EFICIENCIA COMPARATIVA: INDICADORES Y T\u00c9CNICAS DE AN\u00c1LISIS (2018) \u2013 Self-ed. \/ Amazon; ISBN: 13:978-1980436003, + 10:978-1980436002.<\/sub><\/p>\n\n\n\n<p><sub>AN\u00c1LISIS DEL FUNCIONAMIENTO ECON\u00d3MICO DE LAS EMPRESAS: Medida de la eficiencia: de la&nbsp;<em>Rentabilidad<\/em>&nbsp;a la&nbsp;<em>Productividad<\/em>. (2017) Self-ed. \/ Amazon. ISBN: 13:979-8585387159<\/sub><\/p>\n\n\n\n<p><sub>ECONOM\u00cdA POL\u00cdTICA DE LA INTERVENCI\u00d3N SOBRE EL MERCADO. (2010) \u2013 Ediciones Pir\u00e1mide (Grupo Anaya), Madrid&nbsp;\u2013 ISBN: 978-84-368-2399-8<\/sub><\/p>\n\n\n\n<p><sub>EMPRESAS P\u00daBLICAS: COMO FUNCIONAN, COMPARATIVAMENTE A LAS PRIVADAS.- EFICIENCIA, EFICACIA Y CONTROL (2008); Ed. Instituto de Estudios Fiscales (IEF), Madrid \u2013 ISBN: 978-84-8008-264-2<\/sub><\/p>\n\n\n\n<p><sub>ECONOM\u00cdA PUBLICA INDUSTRIAL: ECONOM\u00cdA NORMATIVA SOBRE EMPRESA P\u00daBLICA Y REGULACI\u00d3N (3\u00aa ed.) (2006) DEE, UAB \u2013 Dep. I. B-41-005-98<\/sub><\/p>\n\n\n\n<p><sub>CONTROL I INCENTIUS EN LA GESTI\u00d3 EMPRESARIAL (2000); Servei de Publicacions de la UAB, Col. Materials, n\u00ba 91. \u2013 ISBN 84-490-1916-8<\/sub><\/p>\n\n\n\n<p><sub>LA PLANIFICACI\u00d3 ECON\u00d2MICA I FINANCERA DE L\u2019EMPRESA, (1994) Ser. Pub. UAB, col. Manuals, n. 17, ISBN: 84-490-0164-1<\/sub><\/p>\n\n\n\n<p><sub>LA EVALUACI\u00d3N DE LA EFICIENCIA EN EL SECTOR P\u00daBLICO Y PRIVADO, (1993), Ed. IEF, Madrid. (As co-author, with: Diego Prior, and Immaculada Vilardell); ISBN: 84-8008-056-6<\/sub>.<\/p>\n\n\n\n<p><sub>QU\u00c9 ES LA SEGURIDAD SOCIAL, (1977) \u2013 Ed- La Gaya Ciencia, Barcelona. ISBN: 84-7080-940-7.<\/sub><\/p>\n\n\n\n<p><sub>LA SEGURIDAD SOCIAL ESPA\u00d1OLA Y SUS CUENTAS, (1976) \u2013 Ed. Ariel, Barcelona, ISBN: 84-344-0778-7<\/sub><\/p>\n\n\n\n<p class=\"has-text-align-right\"><strong> <\/strong><\/p>\n\n\n\n<p><\/p>\n","protected":false},"excerpt":{"rendered":"<p>Articles Last years &#8220;Multi-factor productivity indicators at the country level: not the meaning it is assumed they have&#8221;, International Review of Applied Economics, Vol. 40, 2026; Issue 1, pp. 1-17 (e-edition; September 2024). Full text access. &#8220;The Electricity Market Design: An Unnecessarily Distorting and Costly Mechanism to Overcome&#8221;, Journal of Economic Issues, Vol. LIX, No. [&hellip;]<\/p>\n","protected":false},"author":7,"featured_media":0,"parent":0,"menu_order":0,"comment_status":"closed","ping_status":"closed","template":"","meta":{"footnotes":""},"class_list":["post-386","page","type-page","status-publish","hentry"],"_links":{"self":[{"href":"https:\/\/webs.uab.cat\/jverges\/en\/wp-json\/wp\/v2\/pages\/386","targetHints":{"allow":["GET"]}}],"collection":[{"href":"https:\/\/webs.uab.cat\/jverges\/en\/wp-json\/wp\/v2\/pages"}],"about":[{"href":"https:\/\/webs.uab.cat\/jverges\/en\/wp-json\/wp\/v2\/types\/page"}],"author":[{"embeddable":true,"href":"https:\/\/webs.uab.cat\/jverges\/en\/wp-json\/wp\/v2\/users\/7"}],"replies":[{"embeddable":true,"href":"https:\/\/webs.uab.cat\/jverges\/en\/wp-json\/wp\/v2\/comments?post=386"}],"version-history":[{"count":29,"href":"https:\/\/webs.uab.cat\/jverges\/en\/wp-json\/wp\/v2\/pages\/386\/revisions"}],"predecessor-version":[{"id":702,"href":"https:\/\/webs.uab.cat\/jverges\/en\/wp-json\/wp\/v2\/pages\/386\/revisions\/702"}],"wp:attachment":[{"href":"https:\/\/webs.uab.cat\/jverges\/en\/wp-json\/wp\/v2\/media?parent=386"}],"curies":[{"name":"wp","href":"https:\/\/api.w.org\/{rel}","templated":true}]}}