{"id":163,"date":"2011-06-09T13:47:35","date_gmt":"2011-06-09T11:47:35","guid":{"rendered":"https:\/\/webs.uab.cat\/jverges\/inici-2\/"},"modified":"2023-05-10T19:08:32","modified_gmt":"2023-05-10T17:08:32","slug":"inici-2","status":"publish","type":"page","link":"https:\/\/webs.uab.cat\/jverges\/es\/","title":{"rendered":"Inicio"},"content":{"rendered":"<div class=\"wp-block-image\">\n<figure class=\"alignleft size-medium is-resized\"><img loading=\"lazy\" decoding=\"async\" src=\"https:\/\/webs.uab.cat\/jverges\/wp-content\/uploads\/sites\/391\/2023\/03\/Joaquim-Verges-foto-2-234x300.jpg\" alt=\"\" class=\"wp-image-255\" width=\"117\" height=\"150\" srcset=\"https:\/\/webs.uab.cat\/jverges\/wp-content\/uploads\/sites\/391\/2023\/03\/Joaquim-Verges-foto-2-234x300.jpg 234w, https:\/\/webs.uab.cat\/jverges\/wp-content\/uploads\/sites\/391\/2023\/03\/Joaquim-Verges-foto-2-797x1024.jpg 797w, https:\/\/webs.uab.cat\/jverges\/wp-content\/uploads\/sites\/391\/2023\/03\/Joaquim-Verges-foto-2-768x987.jpg 768w, https:\/\/webs.uab.cat\/jverges\/wp-content\/uploads\/sites\/391\/2023\/03\/Joaquim-Verges-foto-2.jpg 889w\" sizes=\"auto, (max-width: 117px) 100vw, 117px\" \/><\/figure>\n<\/div>\n\n\n<p style=\"font-size:14px\">Catedr\u00e1tico de Econom\u00eda Financiera &#8211; Professor Em\u00e9rito<br>Departamento de Econom\u00eda de la Empresa &#8211;\u00a0 Despacho B-315<br><\/p>\n\n\n\n<p style=\"font-size:14px\">   <a href=\"mailto:Joaquim.Verges@uab.es\">Joaquim.Verges@uab.es<\/a>\u00a0 &#8211; +34 93581 1210\u00a0\u00a0\u00a0\u00a0\u00a0\u00a0<br>   <strong>Universitat Aut\u00f2noma de Barcelona (UAB)<\/strong><br>   Campus Bellaterra, Edifici B, 08193 Cerdanyola (Barcelona) Spain <\/p>\n\n\n\n<p><\/p>\n\n\n\n<p><\/p>\n\n\n\n<h2 class=\"wp-block-heading\" style=\"font-style:normal;font-weight:500\"><span style=\"font-size: 12px\">L\u00cdNEAS DE INVESTIGACI\u00d3N&nbsp;&nbsp; <\/span><\/h2>\n\n\n\n<p class=\"has-normal-font-size\" style=\"font-style:normal;font-weight:500\"><span style=\"font-size: 12px\">&#8211; La Econom\u00eda, como una disciplina explicativa; epistemolog\u00eda. Contraste emp\u00edrico de teor\u00edas y modelos <\/span><\/p>\n\n\n\n<p class=\"has-normal-font-size\" style=\"font-style:normal;font-weight:500\"><span style=\"font-size: 12px\">&#8211; El mercado de las energ\u00edas renovables.- Generaci\u00f3n distribuida.&nbsp;<br>&#8211; Eficiencia comparativa Empresa P\u00fablica vs. Empresa Privada &nbsp;<br> &#8211; Privatizaciones: Motivos y objetivos de los gobiernos.-&nbsp; Resultados o impacto de las privatizaciones &nbsp;<\/span><\/p>\n\n\n\n<p class=\"has-normal-font-size\" style=\"font-style:normal;font-weight:500\"><span style=\"font-size: 12px\"> &#8211; Director del Grupo de Investigaci\u00f3n de la UAB: <span style=\"color: #000080\"><strong><a href=\"https:\/\/webs.uab.cat\/incers\/en\/\">INCERS<\/a><\/strong>, INnovation and Competitiveness of Energy from Renewable Sources<\/span>.<br><span style=\"font-size: 12px\"><span style=\"font-size: 12px\">&nbsp;&nbsp; &#8211; Coordinador del proyecto europeo <strong><a rel=\"noopener\" href=\"http:\/\/www.didsolit.eu\" target=\"_blank\"><span style=\"color: #000080\">DIDSOLIT-PB<\/span><\/a><\/strong> (a 2012-2016 strategic project of the ENPI-CBCMED Programme)<\/span><\/span><\/span><\/p>\n\n\n\n<h2 class=\"wp-block-heading\"><span style=\"font-size: 12px\"><span style=\"font-size: 12px\">EXPERIENCIA DOCENTE\u00a0 <\/span><\/span><\/h2>\n\n\n\n<p><span style=\"font-size: 12px\"><span style=\"font-size: 12px\">&nbsp; &#8211; En cursos de grado, Facultad de Econom\u00eda y Empresa (UAB): &nbsp;<br>&nbsp;&nbsp;&nbsp;&nbsp;&nbsp;&nbsp;&nbsp; . Econom\u00eda y Gesti\u00f3n de la Empresa P\u00fablica (EGEP) &nbsp;<br>&nbsp;&nbsp;&nbsp;&nbsp;&nbsp;&nbsp;&nbsp; . Control y Evaluaci\u00f3n de la Eficiencia&nbsp; (CAE)&nbsp; &nbsp;<br>&nbsp; &#8211; En Doctorado, Departamento de Econom\u00eda de la Empresa:<br>&nbsp;&nbsp;&nbsp;&nbsp;&nbsp;&nbsp;&nbsp; . Empresas P\u00fablicas, y Regulaci\u00f3n<br>&nbsp;&nbsp;&nbsp;&nbsp;&nbsp;&nbsp;&nbsp; . Research Seminar: Preparing Doctoral thesis&#8217; research<\/span><\/span><\/p>\n\n\n\n<h2 class=\"wp-block-heading\"><span style=\"font-size: 12px\"><span style=\"font-size: 12px\">(otros) TEMAS DE INTER\u00c9S:<\/span><\/span><\/h2>\n\n\n\n<p><span style=\"font-size: 12px\"><span style=\"font-size: 12px\">&nbsp;&nbsp; &#8211; Economia, aplicando el m\u00e9todo cient\u00edfico \/ La <em>Nueva Economia<\/em>&nbsp;<br>&nbsp;&nbsp; &#8211; Energ\u00eda y sostenibilidad.- Coste comparativo real (social: microec. &amp; macroec.) de las alternativas<br>&nbsp;&nbsp;&nbsp;&nbsp; energ\u00e9ticas al petr\u00f3leo (nuclear, e\u00f3lica, termosolar, fotosolar, agrocombustibles).&nbsp; &nbsp;<br>&nbsp;&nbsp; &#8211; Globalizaci\u00f3n.- Overtura de mercados de mercanc\u00edas, de capitales y de compra de empresas:<br>&nbsp;&nbsp;&nbsp;&nbsp; efectos sobre los pa\u00edses menos desarrollados.<\/span><\/span><\/p>\n","protected":false},"excerpt":{"rendered":"<p>Catedr\u00e1tico de Econom\u00eda Financiera &#8211; Professor Em\u00e9ritoDepartamento de Econom\u00eda de la Empresa &#8211;\u00a0 Despacho B-315 Joaquim.Verges@uab.es\u00a0 &#8211; +34 93581 1210\u00a0\u00a0\u00a0\u00a0\u00a0\u00a0 Universitat Aut\u00f2noma de Barcelona (UAB) Campus Bellaterra, Edifici B, 08193 Cerdanyola (Barcelona) Spain L\u00cdNEAS DE INVESTIGACI\u00d3N&nbsp;&nbsp; &#8211; La Econom\u00eda, como una disciplina explicativa; epistemolog\u00eda. Contraste emp\u00edrico de teor\u00edas y modelos &#8211; El mercado de las [&hellip;]<\/p>\n","protected":false},"author":20,"featured_media":0,"parent":0,"menu_order":0,"comment_status":"closed","ping_status":"closed","template":"","meta":{"footnotes":""},"class_list":["post-163","page","type-page","status-publish","hentry"],"_links":{"self":[{"href":"https:\/\/webs.uab.cat\/jverges\/es\/wp-json\/wp\/v2\/pages\/163","targetHints":{"allow":["GET"]}}],"collection":[{"href":"https:\/\/webs.uab.cat\/jverges\/es\/wp-json\/wp\/v2\/pages"}],"about":[{"href":"https:\/\/webs.uab.cat\/jverges\/es\/wp-json\/wp\/v2\/types\/page"}],"author":[{"embeddable":true,"href":"https:\/\/webs.uab.cat\/jverges\/es\/wp-json\/wp\/v2\/users\/20"}],"replies":[{"embeddable":true,"href":"https:\/\/webs.uab.cat\/jverges\/es\/wp-json\/wp\/v2\/comments?post=163"}],"version-history":[{"count":11,"href":"https:\/\/webs.uab.cat\/jverges\/es\/wp-json\/wp\/v2\/pages\/163\/revisions"}],"predecessor-version":[{"id":433,"href":"https:\/\/webs.uab.cat\/jverges\/es\/wp-json\/wp\/v2\/pages\/163\/revisions\/433"}],"wp:attachment":[{"href":"https:\/\/webs.uab.cat\/jverges\/es\/wp-json\/wp\/v2\/media?parent=163"}],"curies":[{"name":"wp","href":"https:\/\/api.w.org\/{rel}","templated":true}]}}