{"id":42,"date":"2009-05-08T11:23:04","date_gmt":"2009-05-08T09:23:04","guid":{"rendered":"https:\/\/webs.uab.cat\/jverges\/text-cae\/"},"modified":"2023-03-14T21:12:08","modified_gmt":"2023-03-14T19:12:08","slug":"text-cae","status":"publish","type":"page","link":"https:\/\/webs.uab.cat\/jverges\/text-cae\/","title":{"rendered":"Control e incentivos en la gesti\u00f3n empresarial"},"content":{"rendered":"<p><strong>Libro:<br \/>\nCONTROL E INCENTIVOS <\/strong><strong>EN LA GESTI\u00d3N EMPRESARIAL<\/strong><\/p>\n<p>Por Joaquim Verg\u00e9s<\/p>\n<p>versi\u00f3n Junio 2000<\/p>\n<p>Este texto es la versi\u00f3n en castellano del libro &#8220;Control i incentius en la gesti\u00f3 empresarial&#8221;<br \/>\neditado por la UAB en su colecci\u00f3n de &#8216;Materials&#8217;, dep\u00f3sito legal B-4714-1999<\/p>\n<p>Contenido:<\/p>\n<p><a href=\"http:\/\/gent.uab.cat\/jverges\/sites\/gent.uab.cat.jverges\/files\/1CONTROL.pdf\">El &#8220;Control de la Gesti\u00f3n&#8221; como condici\u00f3n de eficiencia<\/a> (pdf)<br \/>\n<a href=\"http:\/\/gent.uab.cat\/jverges\/sites\/gent.uab.cat.jverges\/files\/2CONTROL.pdf\">La situaci\u00f3n (o problema) de la agencia, y el control de la gesti\u00f3n<\/a> (pdf)<br \/>\n<a href=\"http:\/\/gent.uab.cat\/jverges\/sites\/gent.uab.cat.jverges\/files\/3control.pdf\">Indicadores de gesti\u00f3n para cada centro de responsabilidad<\/a> (pdf)<br \/>\n<a href=\"http:\/\/gent.uab.cat\/jverges\/sites\/gent.uab.cat.jverges\/files\/4control.pdf\">La formulaci\u00f3n de funciones-objetivo (como base para el control y la evaluaci\u00f3n<\/a> (pdf)<br \/>\n<a href=\"http:\/\/gent.uab.cat\/jverges\/sites\/gent.uab.cat.jverges\/files\/5control.pdf\">F\u00f3rmulas de incentivos econ\u00f3micos para los agentes<\/a>&nbsp; (pdf)<br \/>\n<a href=\"http:\/\/gent.uab.cat\/jverges\/sites\/gent.uab.cat.jverges\/files\/6CONTROL.pdf\">Aplicaci\u00f3n de f\u00f3rmulas de incentivos basadas en resultados y previsiones<\/a> (pdf)<\/p>\n","protected":false},"excerpt":{"rendered":"<p>Libro: CONTROL E INCENTIVOS EN LA GESTI\u00d3N EMPRESARIAL Por Joaquim Verg\u00e9s versi\u00f3n Junio 2000 Este texto es la versi\u00f3n en castellano del libro &#8220;Control i incentius en la gesti\u00f3 empresarial&#8221; editado por la UAB en su colecci\u00f3n de &#8216;Materials&#8217;, dep\u00f3sito legal B-4714-1999 Contenido: El &#8220;Control de la Gesti\u00f3n&#8221; como condici\u00f3n de eficiencia (pdf) La situaci\u00f3n [&hellip;]<\/p>\n","protected":false},"author":20,"featured_media":0,"parent":0,"menu_order":0,"comment_status":"closed","ping_status":"closed","template":"","meta":{"footnotes":""},"class_list":["post-42","page","type-page","status-publish","hentry"],"_links":{"self":[{"href":"https:\/\/webs.uab.cat\/jverges\/wp-json\/wp\/v2\/pages\/42","targetHints":{"allow":["GET"]}}],"collection":[{"href":"https:\/\/webs.uab.cat\/jverges\/wp-json\/wp\/v2\/pages"}],"about":[{"href":"https:\/\/webs.uab.cat\/jverges\/wp-json\/wp\/v2\/types\/page"}],"author":[{"embeddable":true,"href":"https:\/\/webs.uab.cat\/jverges\/wp-json\/wp\/v2\/users\/20"}],"replies":[{"embeddable":true,"href":"https:\/\/webs.uab.cat\/jverges\/wp-json\/wp\/v2\/comments?post=42"}],"version-history":[{"count":2,"href":"https:\/\/webs.uab.cat\/jverges\/wp-json\/wp\/v2\/pages\/42\/revisions"}],"predecessor-version":[{"id":244,"href":"https:\/\/webs.uab.cat\/jverges\/wp-json\/wp\/v2\/pages\/42\/revisions\/244"}],"wp:attachment":[{"href":"https:\/\/webs.uab.cat\/jverges\/wp-json\/wp\/v2\/media?parent=42"}],"curies":[{"name":"wp","href":"https:\/\/api.w.org\/{rel}","templated":true}]}}