{"id":62,"date":"2011-06-09T13:47:35","date_gmt":"2011-06-09T11:47:35","guid":{"rendered":"https:\/\/webs.uab.cat\/jverges\/inici\/"},"modified":"2025-03-05T12:53:11","modified_gmt":"2025-03-05T10:53:11","slug":"inici","status":"publish","type":"page","link":"https:\/\/webs.uab.cat\/jverges\/","title":{"rendered":"Inici"},"content":{"rendered":"<div class=\"wp-block-image is-resized\">\n<figure class=\"alignleft size-medium\"><img loading=\"lazy\" decoding=\"async\" width=\"234\" height=\"300\" src=\"https:\/\/webs.uab.cat\/jverges\/wp-content\/uploads\/sites\/391\/2023\/03\/Joaquim-Verges-foto-2-234x300.jpg\" alt=\"\" class=\"wp-image-253\" style=\"width:115px;height:auto\" srcset=\"https:\/\/webs.uab.cat\/jverges\/wp-content\/uploads\/sites\/391\/2023\/03\/Joaquim-Verges-foto-2-234x300.jpg 234w, https:\/\/webs.uab.cat\/jverges\/wp-content\/uploads\/sites\/391\/2023\/03\/Joaquim-Verges-foto-2-797x1024.jpg 797w, https:\/\/webs.uab.cat\/jverges\/wp-content\/uploads\/sites\/391\/2023\/03\/Joaquim-Verges-foto-2-768x987.jpg 768w, https:\/\/webs.uab.cat\/jverges\/wp-content\/uploads\/sites\/391\/2023\/03\/Joaquim-Verges-foto-2.jpg 889w\" sizes=\"auto, (max-width: 234px) 100vw, 234px\" \/><\/figure>\n<\/div>\n\n\n<p class=\"has-small-font-size\"><sub>Catedr\u00e1tic d&#8217; Econom\u00eda Financera &#8211; Professor Em\u00e9rit<br>Departament &#8216; Econom\u00eda de la Empresa &#8211;&nbsp; Despatx B-315<\/sub><\/p>\n\n\n\n<p style=\"font-size:14px\">ORCID:  0000-0002-5996-8628 <\/p>\n\n\n\n<p style=\"font-size:14px\"> <a href=\"mailto:Joaquim.Verges@uab.es\">Joaquim.Verges@uab.es<\/a>&nbsp; &#8211; +34 93581 1210&nbsp;&nbsp;&nbsp;&nbsp;&nbsp;&nbsp;<br>        <strong>Universitat Aut\u00f2noma de Barcelona (UAB)<\/strong><br>        Campus Bellaterra, Edifici B, 08193 Cerdanyola (Barcelona) Spain <\/p>\n\n\n\n<h2 class=\"wp-block-heading\" style=\"font-style:normal;font-weight:500\"><span style=\"font-size: 12px\">L\u00cdNIES DE RECERCA&nbsp;&nbsp; <\/span><\/h2>\n\n\n\n<p class=\"has-normal-font-size\" style=\"font-style:normal;font-weight:400\"><span style=\"font-size: 12px\">&#8211; L&#8217;<\/span><span style=\"font-size: 12px\"> Economia, com una disciplina explicativa; epistemologia. Contrast emp\u00edric de teories i models <\/span><\/p>\n\n\n\n<p class=\"has-normal-font-size\" style=\"font-style:normal;font-weight:500\"><span style=\"font-size: 12px\">&#8211; El mercat de les energies renovables.- Generaci\u00f3 distribu\u00efda.&nbsp;<br>&#8211; Efici\u00e8ncia comparativa Empresa P\u00fablica vs. Empresa Privada &nbsp;<br> &#8211; Privatitzacions: Motius i objectius dels governs-&nbsp; Resultats o impacte de les privatitzacions &nbsp;<\/span><\/p>\n\n\n\n<p class=\"has-normal-font-size\" style=\"font-style:normal;font-weight:500\"><span style=\"font-size: 12px\"> &#8211; Director del Grup de Recerca de la UAB: <span style=\"color: #000080\"><strong><a href=\"https:\/\/webs.uab.cat\/incers\/en\/\">INCERS<\/a><\/strong>, INnovation and Competitiveness of Energy from Renewable Sources<\/span>.<br><span style=\"font-size: 12px\"><span style=\"font-size: 12px\">\u00a0\u00a0&#8211; Coordinador del projecte europeu <strong><a href=\"http:\/\/www.didsolit.eu\" target=\"_blank\" rel=\"noopener\"><span style=\"color: #000080\">DIDSOLIT-PB<\/span><\/a><\/strong> (2012-2016): Un projecte estrat\u00e8gic del ENPI-CBCMED Programme)<\/span><\/span> &#8211; European Commission. <\/span><\/p>\n\n\n\n<h2 class=\"wp-block-heading\"><span style=\"font-size: 12px\"><span style=\"font-size: 12px\">EXPERI\u00c8NCIA DOCENT&nbsp; <\/span><\/span><\/h2>\n\n\n\n<p><span style=\"font-size: 12px\"><span style=\"font-size: 12px\">&nbsp; &#8211; Cursos de grau, Facultat d&#8217;Econom\u00eda i Empresa (UAB): &nbsp;<br>&nbsp;&nbsp;&nbsp;&nbsp;&nbsp;&nbsp;&nbsp; . Economia i Gesti\u00f3 de l&#8217;Empresa P\u00fablica (EGEP) &nbsp;<br>&nbsp;&nbsp;&nbsp;&nbsp;&nbsp;&nbsp;&nbsp; . Control i Avaluaci\u00f3 de l&#8217;Efici\u00e8ncia&nbsp; (CAE)&nbsp; &nbsp;<br>&nbsp; &#8211; Doctorat, Departament d&#8217;Economia de l&#8217;Empresa:<br>&nbsp;&nbsp;&nbsp;&nbsp;&nbsp;&nbsp;&nbsp; . Empresas P\u00fablicas, y Regulaci\u00f3n<br>&nbsp;&nbsp;&nbsp;&nbsp;&nbsp;&nbsp;&nbsp; . Research Seminar: Preparing Doctoral thesis&#8217; research<\/span><\/span><\/p>\n\n\n\n<h2 class=\"wp-block-heading\"><span style=\"font-size: 12px\"><span style=\"font-size: 12px\">(altres) TEMES D&#8217;INTER\u00c9S:<\/span><\/span><\/h2>\n\n\n\n<p><span style=\"font-size: 12px\"><span style=\"font-size: 12px\">&nbsp;&nbsp; &#8211; Economia, aplicant el m\u00e8tode cient\u00edfic \/ La <em>Nova Economia<\/em>&nbsp;<br>&nbsp;&nbsp; &#8211; Energia i sostenibilitat.- Cost comparatiu real (social: microec. &amp; macroec.) de les alternatives<br>&nbsp;&nbsp;&nbsp;&nbsp; energ\u00e8tiques al petroli (nuclear, e\u00f2lica, termosolar, foto-solar, agro-combustibles).&nbsp; &nbsp;<br>&nbsp;&nbsp; &#8211; Globalitzaci\u00f3.- Obertura de mercats de mercaderies, de capitals i de compra d&#8217;empreses:<br>&nbsp;&nbsp;&nbsp;&nbsp; efectes sobre els pa\u00efsos menys desenvolupats.<\/span><\/span><\/p>\n\n\n\n<p>=&gt; <a href=\"https:\/\/webs.uab.cat\/jverges\/wp-content\/uploads\/sites\/391\/2024\/02\/CV-Joaquim-Verges_-up-to-2023.pdf\" data-type=\"attachment\" data-id=\"589\">CV<\/a> <\/p>\n\n\n\n<p><\/p>\n\n\n\n<p><\/p>\n","protected":false},"excerpt":{"rendered":"<p>Catedr\u00e1tic d&#8217; Econom\u00eda Financera &#8211; Professor Em\u00e9ritDepartament &#8216; Econom\u00eda de la Empresa &#8211;&nbsp; Despatx B-315 ORCID: 0000-0002-5996-8628 Joaquim.Verges@uab.es&nbsp; &#8211; +34 93581 1210&nbsp;&nbsp;&nbsp;&nbsp;&nbsp;&nbsp; Universitat Aut\u00f2noma de Barcelona (UAB) Campus Bellaterra, Edifici B, 08193 Cerdanyola (Barcelona) Spain L\u00cdNIES DE RECERCA&nbsp;&nbsp; &#8211; L&#8217; Economia, com una disciplina explicativa; epistemologia. Contrast emp\u00edric de teories i models &#8211; El mercat [&hellip;]<\/p>\n","protected":false},"author":20,"featured_media":0,"parent":0,"menu_order":0,"comment_status":"closed","ping_status":"closed","template":"","meta":{"footnotes":""},"class_list":["post-62","page","type-page","status-publish","hentry"],"_links":{"self":[{"href":"https:\/\/webs.uab.cat\/jverges\/wp-json\/wp\/v2\/pages\/62","targetHints":{"allow":["GET"]}}],"collection":[{"href":"https:\/\/webs.uab.cat\/jverges\/wp-json\/wp\/v2\/pages"}],"about":[{"href":"https:\/\/webs.uab.cat\/jverges\/wp-json\/wp\/v2\/types\/page"}],"author":[{"embeddable":true,"href":"https:\/\/webs.uab.cat\/jverges\/wp-json\/wp\/v2\/users\/20"}],"replies":[{"embeddable":true,"href":"https:\/\/webs.uab.cat\/jverges\/wp-json\/wp\/v2\/comments?post=62"}],"version-history":[{"count":30,"href":"https:\/\/webs.uab.cat\/jverges\/wp-json\/wp\/v2\/pages\/62\/revisions"}],"predecessor-version":[{"id":694,"href":"https:\/\/webs.uab.cat\/jverges\/wp-json\/wp\/v2\/pages\/62\/revisions\/694"}],"wp:attachment":[{"href":"https:\/\/webs.uab.cat\/jverges\/wp-json\/wp\/v2\/media?parent=62"}],"curies":[{"name":"wp","href":"https:\/\/api.w.org\/{rel}","templated":true}]}}