{"id":1111,"date":"2021-02-19T12:53:25","date_gmt":"2021-02-19T10:53:25","guid":{"rendered":"https:\/\/blogs.uab.cat\/motme\/?page_id=2"},"modified":"2026-03-19T16:45:59","modified_gmt":"2026-03-19T14:45:59","slug":"quisom","status":"publish","type":"page","link":"https:\/\/webs.uab.cat\/labhuma\/","title":{"rendered":"Qui som?"},"content":{"rendered":"\n<p>Som un grup d&#8217;investigadores i investigadors, amb seu a la <strong>Universitat Aut\u00f2noma de Barcelona<\/strong>, interessats\/ades en:<\/p>\n\n\n\n<p>L&#8217;estudi dels processos psicol\u00f2gics implicats en l\u2019aparici\u00f3 i manteniment dels trastorns relacionats amb les conductes externalitzades\/desinhibides (especialment dels trets temperamentals de risc, trastorns de conducta i els trastorns de la personalitat del Cluster B), les difer\u00e8ncies individuals en la vulnerabilitat a aquests trastorns i els seus fonaments neurobiol\u00f2gics i neuropsicol\u00f2gics.<\/p>\n\n\n\n<div class=\"wp-block-buttons is-layout-flex wp-block-buttons-is-layout-flex\">\n<div class=\"wp-block-button\"><a class=\"wp-block-button__link wp-element-button\" href=\"https:\/\/webs.uab.cat\/labhuma\/membres\/\">membres de l&#8217;equip<\/a><\/div>\n\n\n\n<div class=\"wp-block-button\"><a class=\"wp-block-button__link wp-element-button\" href=\"https:\/\/webs.uab.cat\/labhuma\/quisom\/lineas-de-investigacion\/\">Principals l\u00ednies de recerca<\/a><\/div>\n<\/div>\n\n\n<div class=\"wp-block-image\">\n<figure class=\"aligncenter size-full is-resized\"><img loading=\"lazy\" decoding=\"async\" width=\"1280\" height=\"720\" src=\"https:\/\/webs.uab.cat\/labhuma\/wp-content\/uploads\/sites\/245\/2026\/03\/Diapositiva1.png\" alt=\"\" class=\"wp-image-2852\" style=\"width:536px;height:auto\" srcset=\"https:\/\/webs.uab.cat\/labhuma\/wp-content\/uploads\/sites\/245\/2026\/03\/Diapositiva1.png 1280w, https:\/\/webs.uab.cat\/labhuma\/wp-content\/uploads\/sites\/245\/2026\/03\/Diapositiva1-300x169.png 300w, https:\/\/webs.uab.cat\/labhuma\/wp-content\/uploads\/sites\/245\/2026\/03\/Diapositiva1-1024x576.png 1024w, https:\/\/webs.uab.cat\/labhuma\/wp-content\/uploads\/sites\/245\/2026\/03\/Diapositiva1-768x432.png 768w, https:\/\/webs.uab.cat\/labhuma\/wp-content\/uploads\/sites\/245\/2026\/03\/Diapositiva1-1200x675.png 1200w\" sizes=\"auto, (max-width: 1280px) 100vw, 1280px\" \/><\/figure>\n<\/div>\n\n\n<!--more-->\n","protected":false},"excerpt":{"rendered":"<p>Som un grup d&#8217;investigadores i investigadors, amb seu a la Universitat Aut\u00f2noma de Barcelona, interessats\/ades en: L&#8217;estudi dels processos psicol\u00f2gics implicats en l\u2019aparici\u00f3 i manteniment dels trastorns relacionats amb les conductes externalitzades\/desinhibides (especialment dels trets temperamentals de risc, trastorns de conducta i els trastorns de la personalitat del Cluster B), les difer\u00e8ncies individuals en la [&hellip;]<\/p>\n","protected":false},"author":544,"featured_media":0,"parent":0,"menu_order":0,"comment_status":"closed","ping_status":"closed","template":"","meta":{"footnotes":""},"class_list":["post-1111","page","type-page","status-publish","hentry"],"_links":{"self":[{"href":"https:\/\/webs.uab.cat\/labhuma\/wp-json\/wp\/v2\/pages\/1111","targetHints":{"allow":["GET"]}}],"collection":[{"href":"https:\/\/webs.uab.cat\/labhuma\/wp-json\/wp\/v2\/pages"}],"about":[{"href":"https:\/\/webs.uab.cat\/labhuma\/wp-json\/wp\/v2\/types\/page"}],"author":[{"embeddable":true,"href":"https:\/\/webs.uab.cat\/labhuma\/wp-json\/wp\/v2\/users\/544"}],"replies":[{"embeddable":true,"href":"https:\/\/webs.uab.cat\/labhuma\/wp-json\/wp\/v2\/comments?post=1111"}],"version-history":[{"count":18,"href":"https:\/\/webs.uab.cat\/labhuma\/wp-json\/wp\/v2\/pages\/1111\/revisions"}],"predecessor-version":[{"id":2865,"href":"https:\/\/webs.uab.cat\/labhuma\/wp-json\/wp\/v2\/pages\/1111\/revisions\/2865"}],"wp:attachment":[{"href":"https:\/\/webs.uab.cat\/labhuma\/wp-json\/wp\/v2\/media?parent=1111"}],"curies":[{"name":"wp","href":"https:\/\/api.w.org\/{rel}","templated":true}]}}