{"id":1140,"date":"2021-02-19T14:12:01","date_gmt":"2021-02-19T12:12:01","guid":{"rendered":"https:\/\/webs.uab.cat\/labhuma\/proyectos\/"},"modified":"2026-03-20T18:43:06","modified_gmt":"2026-03-20T16:43:06","slug":"proyectos","status":"publish","type":"page","link":"https:\/\/webs.uab.cat\/labhuma\/proyectos\/?lang=es","title":{"rendered":"Proyectos"},"content":{"rendered":"\n<p><br>A continuaci\u00f3n encontrar\u00e9is los diversos proyectos financiados por los Ministerios de Ciencia, Innovaci\u00f3n\u00a0y\u00a0Universidades y proyectos con otras fuentes de financiaci\u00f3n en los que los miembros de nuestro grupo han participado.<\/p>\n\n\n\n<div class=\"wp-block-buttons is-layout-flex wp-block-buttons-is-layout-flex\">\n<div class=\"wp-block-button\"><a class=\"wp-block-button__link wp-element-button\" href=\"https:\/\/webs.uab.cat\/labhuma\/proyectos\/ministerio-de-ciencia\/?lang=es\">proyectos ministerio de ciencia<\/a><\/div>\n<\/div>\n\n\n\n<div class=\"wp-block-buttons is-layout-flex wp-block-buttons-is-layout-flex\">\n<div class=\"wp-block-button\"><a class=\"wp-block-button__link wp-element-button\" href=\"https:\/\/webs.uab.cat\/labhuma\/proyectos\/otros-proyectos\/?lang=es\">otros proyectos<\/a><\/div>\n<\/div>\n\n\n\n<p><\/p>\n","protected":false},"excerpt":{"rendered":"<p>A continuaci\u00f3n encontrar\u00e9is los diversos proyectos financiados por los Ministerios de Ciencia, Innovaci\u00f3n\u00a0y\u00a0Universidades y proyectos con otras fuentes de financiaci\u00f3n en los que los miembros de nuestro grupo han participado.<\/p>\n","protected":false},"author":544,"featured_media":0,"parent":0,"menu_order":3,"comment_status":"closed","ping_status":"closed","template":"","meta":{"footnotes":""},"class_list":["post-1140","page","type-page","status-publish","hentry"],"_links":{"self":[{"href":"https:\/\/webs.uab.cat\/labhuma\/wp-json\/wp\/v2\/pages\/1140","targetHints":{"allow":["GET"]}}],"collection":[{"href":"https:\/\/webs.uab.cat\/labhuma\/wp-json\/wp\/v2\/pages"}],"about":[{"href":"https:\/\/webs.uab.cat\/labhuma\/wp-json\/wp\/v2\/types\/page"}],"author":[{"embeddable":true,"href":"https:\/\/webs.uab.cat\/labhuma\/wp-json\/wp\/v2\/users\/544"}],"replies":[{"embeddable":true,"href":"https:\/\/webs.uab.cat\/labhuma\/wp-json\/wp\/v2\/comments?post=1140"}],"version-history":[{"count":6,"href":"https:\/\/webs.uab.cat\/labhuma\/wp-json\/wp\/v2\/pages\/1140\/revisions"}],"predecessor-version":[{"id":3029,"href":"https:\/\/webs.uab.cat\/labhuma\/wp-json\/wp\/v2\/pages\/1140\/revisions\/3029"}],"wp:attachment":[{"href":"https:\/\/webs.uab.cat\/labhuma\/wp-json\/wp\/v2\/media?parent=1140"}],"curies":[{"name":"wp","href":"https:\/\/api.w.org\/{rel}","templated":true}]}}