{"id":1148,"date":"2021-02-19T14:13:49","date_gmt":"2021-02-19T12:13:49","guid":{"rendered":"https:\/\/webs.uab.cat\/labhuma\/other-projects\/"},"modified":"2023-10-16T12:48:57","modified_gmt":"2023-10-16T10:48:57","slug":"other-projects","status":"publish","type":"page","link":"https:\/\/webs.uab.cat\/labhuma\/projects\/other-projects\/?lang=en","title":{"rendered":"Other projects"},"content":{"rendered":"<p><a href=\"https:\/\/fundacionaliciakoplowitz.org\/en\/\"><b>FUNDACI\u00d3N ALICIA KOPLOWITZ<\/b><\/a><\/p>\n<div class=\"x_ContentPasted2\">\n<p>Project. <strong>Circulating mitochondrial DNA: a window to stress and conduct problems in girls and boys from the ABCD cohort.<\/strong><br \/>\nReference: n\/a.<br \/>\nDuration: 2023-2025.<br \/>\nIP: Roser Nadal.<\/p>\n<\/div>\n<p><a href=\"https:\/\/www.ccma.cat\/tv3\/marato\/\"><strong>LA MARAT\u00d3 DE TV3<\/strong><\/a><\/p>\n<div class=\"x_ContentPasted2\">\n<p>Project. <strong>Rasgos psicop\u00e1ticos y prosocialidad en una muestra comunitaria de ni\u00f1os y ni\u00f1as: Un estudio longitudinal de los correlatos biol\u00f3gicos, emocionales y psicopatol\u00f3gicos.<\/strong><br \/>\nReference: 202222-10.<br \/>\nDuration: 2023-2026.<br \/>\nIP: Roser Nadal.<\/p>\n<p>Project. <strong>Design and analysis of the effectiveness of a brief mobile App-based intervention for Non-Suicidal Self-Injury: self-report, momentary and biological predictors of treatment outcomes.<\/strong><br \/>\nReference: 202233<br \/>\nDuration: 2023-2025.<br \/>\nIP: Daniel Vega.<\/p>\n<\/div>\n<p><a href=\"https:\/\/cejfe.gencat.cat\/ca\/inici\"><span style=\"text-decoration: underline\"><strong>CENTRO DE ESTUDIOS JURIDICOS Y FORMACI\u00d3N ESPECIALIZADA<\/strong><\/span><span style=\"text-decoration: underline\"><strong> (CEJFE)<\/strong><\/span><\/a><\/p>\n<p>Project:<strong> <em>Capacidad predictiva de conducta antinormativa y delictiva de los rasgos de psicopat\u00eda en j\u00f3venes que cumplen medida de internamiento en centros de justicia juvenil.<br \/>\n<\/em><\/strong>Reference: DOGC N.\u00ba 8312 \u2013 11\/01\/21<br \/>\nFunding Agency\/Entity: <em>Centro de Estudios Jur\u00eddicos y Formaci\u00f3n Especializada (CEJFE), Departamento de Justicia e Interior de la Generalitat de Catalu\u00f1a.<br \/>\n<\/em>Duration: From\/of 11\/01\/2021 to 30\/11\/2021<\/p>\n<p>Project: <strong><em>La t\u00e9trada oscura y la predicci\u00f3n de conducta agresiva, antisocial y de adaptaci\u00f3n institucional en j\u00f3venes internados en centros educativos.<br \/>\n<\/em><\/strong>Reference: DOGC N.\u00ba 7274 \u2013 27\/12\/16<br \/>\nFunding Agency\/Entity: <em>Centro de Estudios Jur\u00eddicos y Formaci\u00f3n Especializada (CEJFE), Departamento de Justicia e Interior de la Generalitat de Catalu\u00f1a.<br \/>\n<\/em>Duration: From\/of 16\/12\/2016 to 30\/11\/2017.<br \/>\nFor more information:<br \/>\n<a href=\"https:\/\/cejfe.gencat.cat\/web\/.content\/home\/recerca\/cataleg\/crono\/2018\/tetradaFosca_CA.pdf\">Catalan<\/a><a href=\"https:\/\/www.youtube.com\/watch?v=8MJHVWNjqFA\"><br \/>\n<\/a><a href=\"https:\/\/cejfe.gencat.cat\/web\/.content\/home\/recerca\/cataleg\/crono\/2018\/tetradaFosca_ES.pdf\">Spanish<\/a><a href=\"https:\/\/www.youtube.com\/watch?v=8MJHVWNjqFA\"><br \/>\n<\/a><a href=\"https:\/\/cejfe.gencat.cat\/ca\/publicacions\/destacats-recerca\/invesbreu\/en-linia\/invesbreu-77\/\">Publicaciones<\/a><a href=\"https:\/\/www.youtube.com\/watch?v=8MJHVWNjqFA\"><br \/>\n<\/a><a class=\"swipebox\" href=\"https:\/\/www.youtube.com\/watch?v=8MJHVWNjqFA\" data-rel=\"lightbox-video-0\">Videos<\/a><\/p>\n<p>Project: <strong><em>Incidencia del trastorno l\u00edmite de la personalidad en mujeres encarceladas. An\u00e1lisis de las consecuencias y dise\u00f1o del tratamiento.<br \/>\n<\/em><\/strong>Funding Agency\/Entity: <em>Centro de Estudios Jur\u00eddicos y Formaci\u00f3n Especializada (CEJFE), Departamento de Justicia e Interior de la Generalitat de Catalu\u00f1a.<br \/>\n<\/em>Duration: 2015<br \/>\nFor more information:<br \/>\n<a href=\"https:\/\/cejfe.gencat.cat\/web\/.content\/home\/recerca\/cataleg\/crono\/2016\/incidencia_tlp\/incidencia_tlp_cast.pdf\">Spanish<\/a><\/p>\n<p>Project: <strong><em>Utilidades cl\u00ednica y forense del especificador \u201ccon emociones prosociales limitadas\u201d del trastorno de conducta del DSM-5 en j\u00f3venes internados en centros educativos<\/em><\/strong><em>.<br \/>\n<\/em>Reference: DOGC N.\u00ba 7024 \u2013 23\/12\/15<br \/>\nFunding Agency\/Entity: <em>Centro de Estudios Jur\u00eddicos y Formaci\u00f3n Especializada (CEJFE), Departamento de Justicia e Interior de la Generalitat de Catalu\u00f1a.<br \/>\n<\/em>Duration: From\/of 23\/12\/2015 to 30\/11\/2016.<br \/>\nFor more information:<br \/>\n<a href=\"https:\/\/cejfe.gencat.cat\/web\/.content\/home\/recerca\/cataleg\/crono\/2017\/emocionsProsocialsLimitades.pdf\">Catalan<\/a><br \/>\n<a href=\"https:\/\/cejfe.gencat.cat\/web\/.content\/home\/recerca\/cataleg\/crono\/2018\/tetradaFosca_ES.pdf\">Spanish<\/a><br \/>\n<a href=\"https:\/\/journals.sagepub.com\/doi\/abs\/10.1177\/0093854819892931\">Publication 1<\/a><br \/>\n<a href=\"https:\/\/cejfe.gencat.cat\/ca\/publicacions\/destacats-recerca\/invesbreu\/en-linia\/invesbreu-77\/\">Publication 2<\/a><br \/>\n<a class=\"swipebox\" href=\"https:\/\/www.youtube.com\/watch?v=ExN--pN6pu4\" data-rel=\"lightbox-video-1\">Videos<\/a><\/p>\n<p>Project: <strong><em>Los estilos educativos familiares como factores de riesgo para la inadaptaci\u00f3n social y la conducta delictiva: un estudio retrospectivo en j\u00f3venes delincuentes y en muestras normativas.<br \/>\n<\/em><\/strong>Reference: DOGC N.\u00ba 3907 \u2013 18\/06\/2003.<br \/>\nFunding Agency\/Entity: <em>Centro de Estudios Jur\u00eddicos y Formaci\u00f3n Especializada (CEJFE), Departamento de Justicia e Interior de la Generalitat de Catalu\u00f1a.<br \/>\n<\/em>Duration: From\/of 12\/05\/2003 to 31\/03\/2004<br \/>\n<a href=\"https:\/\/cejfe.gencat.cat\/web\/.content\/home\/publicacions\/butlleti_invesbreu\/invesbreu27.pdf\">Publications<\/a><\/p>\n<p>Project: <strong><em>Trastornos de conducta y rasgos de psicopat\u00eda en j\u00f3venes: estilo educativo de los padres como posible factor de riesgo.<br \/>\n<\/em><\/strong>Referencia: DOGC N.\u00ba 3676 \u2013 12\/07\/2002<br \/>\nFunding Agency\/Entity: <em>Centro de Estudios Jur\u00eddicos y Formaci\u00f3n Especializada (CEJFE), Departamento de Justicia e Interior de la Generalitat de Catalu\u00f1a.<br \/>\n<\/em>Duration: From\/of 12\/07\/2002 to 15\/03\/2003<br \/>\n<a href=\"https:\/\/cejfe.gencat.cat\/web\/.content\/home\/publicacions\/butlleti_invesbreu\/invesreu27.pdf\">Publications<\/a><\/p>\n<p><strong>OTHERS<\/strong><\/p>\n<p><strong><em>Autolesi\u00f3n no suicida en adolescentes y adultos j\u00f3venes en Catalunya: prevalencia, caracter\u00edsticas e implicaciones cl\u00ednicas<\/em><\/strong><strong>.<\/strong>\u00a0<em>Generalitat de Catalunya, PERIS, Pla estrat\u00e8gic d\u2019Investigaci\u00f3 i Innovaci\u00f3 en Salut<\/em> 2016-2020 (Ref. SLT006\/17\/00159). 2018-2021. IP: Anna Sintes Est\u00e9vez<\/p>\n<p><strong><em>Correlatos neurofisiol\u00f3gicos del procesamiento de la recompensa y control cognitivo en pacientes con trastorno l\u00edmite de la personalidad con y sin historia de aut\u00f3lisis.\u00a0<\/em><\/strong><em>Fundaci\u00f3 La Marat\u00f3 de TV3<\/em>. (Ref. 2009-092410). 2009-2012. IP: Josep Marco Pallar\u00e9s<\/p>\n","protected":false},"excerpt":{"rendered":"<p>FUNDACI\u00d3N ALICIA KOPLOWITZ Project. Circulating mitochondrial DNA: a window to stress and conduct problems in girls and boys from the ABCD cohort. Reference: n\/a. Duration: 2023-2025. IP: Roser Nadal. LA MARAT\u00d3 DE TV3 Project. Rasgos psicop\u00e1ticos y prosocialidad en una muestra comunitaria de ni\u00f1os y ni\u00f1as: Un estudio longitudinal de los correlatos biol\u00f3gicos, emocionales y [&hellip;]<\/p>\n","protected":false},"author":544,"featured_media":0,"parent":1139,"menu_order":1,"comment_status":"closed","ping_status":"closed","template":"","meta":{"footnotes":""},"class_list":["post-1148","page","type-page","status-publish","hentry"],"_links":{"self":[{"href":"https:\/\/webs.uab.cat\/labhuma\/wp-json\/wp\/v2\/pages\/1148","targetHints":{"allow":["GET"]}}],"collection":[{"href":"https:\/\/webs.uab.cat\/labhuma\/wp-json\/wp\/v2\/pages"}],"about":[{"href":"https:\/\/webs.uab.cat\/labhuma\/wp-json\/wp\/v2\/types\/page"}],"author":[{"embeddable":true,"href":"https:\/\/webs.uab.cat\/labhuma\/wp-json\/wp\/v2\/users\/544"}],"replies":[{"embeddable":true,"href":"https:\/\/webs.uab.cat\/labhuma\/wp-json\/wp\/v2\/comments?post=1148"}],"version-history":[{"count":2,"href":"https:\/\/webs.uab.cat\/labhuma\/wp-json\/wp\/v2\/pages\/1148\/revisions"}],"predecessor-version":[{"id":2474,"href":"https:\/\/webs.uab.cat\/labhuma\/wp-json\/wp\/v2\/pages\/1148\/revisions\/2474"}],"up":[{"embeddable":true,"href":"https:\/\/webs.uab.cat\/labhuma\/wp-json\/wp\/v2\/pages\/1139"}],"wp:attachment":[{"href":"https:\/\/webs.uab.cat\/labhuma\/wp-json\/wp\/v2\/media?parent=1148"}],"curies":[{"name":"wp","href":"https:\/\/api.w.org\/{rel}","templated":true}]}}