{"id":1149,"date":"2021-02-19T14:13:49","date_gmt":"2021-02-19T12:13:49","guid":{"rendered":"https:\/\/webs.uab.cat\/labhuma\/otros-proyectos\/"},"modified":"2023-10-16T12:46:13","modified_gmt":"2023-10-16T10:46:13","slug":"otros-proyectos","status":"publish","type":"page","link":"https:\/\/webs.uab.cat\/labhuma\/proyectos\/otros-proyectos\/?lang=es","title":{"rendered":"Otros proyectos"},"content":{"rendered":"<p><a href=\"https:\/\/fundacionaliciakoplowitz.org\/\"><strong>FUNDACI\u00d3N ALICIA KOPLOWITZ<\/strong><\/a><\/p>\n<div class=\"x_ContentPasted2\">\n<p>Proyecto: <strong>ADN mitocondrial circulante: una ventana al estr\u00e9s y los problemas de conducta en ni\u00f1as y ni\u00f1os de la cohorte ABCD.<\/strong><br \/>\nReferencia: n\/a.<br \/>\nDurada: 2023-2025.<br \/>\nIP: Roser Nadal.<\/p>\n<\/div>\n<p><a href=\"https:\/\/www.ccma.cat\/tv3\/marato\/\"><strong>LA MARAT\u00d3 DE TV3<\/strong><\/a><\/p>\n<div class=\"x_ContentPasted2\">\n<p>Proyecto: <strong>Rasgos psicop\u00e1ticos y prosocialidad en una muestra comunitaria de ni\u00f1os y ni\u00f1as: Un estudio longitudinal de los correlatos biol\u00f3gicos, emocionales y psicopatol\u00f3gicos.<\/strong><br \/>\nReferencia: 202222-10.<br \/>\nDurada: 2023-2026.<br \/>\nIP: Roser Nadal.<\/p>\n<p>Proyecto. <strong>Design and analysis of the effectiveness of a brief mobile App-based intervention for Non-Suicidal Self-Injury: self-report, momentary and biological predictors of treatment outcomes.<\/strong><br \/>\nReferencia: 202233<br \/>\nDurada: 2023-2025.<br \/>\nIP: Daniel Vega.<\/p>\n<\/div>\n<p><strong><a href=\"https:\/\/cejfe.gencat.cat\/ca\/inici\">CENTRO DE ESTUDIOS JURIDICOS Y FORMACI\u00d3N ESPECIALIZADA (CEJFE)<\/a><\/strong><\/p>\n<p>Proyecto: <strong>Capacidad predictiva de conducta antinormativa y delictiva de los rasgos de psicopat\u00eda en j\u00f3venes que cumplen medida de internamiento en centros de justicia juvenil. <\/strong><br \/>\nReferencia: DOGC N.\u00ba 8312 \u2013 11\/01\/21<br \/>\nOrganismo\/Entidad financiadora: Centro de Estudios Jur\u00eddicos y Formaci\u00f3n Especializada (CEJFE), Departamento de Justicia e Interior de la Generalitat de Catalu\u00f1a.<br \/>\nDuraci\u00f3n: Desde\/de 11\/01\/2021 hasta 30\/11\/2021<\/p>\n<p>Proyecto: <strong>La t\u00e9trada oscura y la predicci\u00f3n de conducta agresiva, antisocial y de adaptaci\u00f3n institucional en j\u00f3venes internados en centros educativos. <\/strong><br \/>\nReferencia: DOGC N.\u00ba 7274 \u2013 27\/12\/16<br \/>\nOrganismo\/Entidad financiadora: Centro de Estudios Jur\u00eddicos y Formaci\u00f3n Especializada (CEJFE), Departamento de Justicia e Interior de la Generalitat de Catalu\u00f1a.<br \/>\nDuraci\u00f3n: Desde\/de 16\/12\/2016 hasta 30\/11\/2017<br \/>\nPara m\u00e1s informaci\u00f3n:<br \/>\n<a href=\"https:\/\/cejfe.gencat.cat\/web\/.content\/home\/recerca\/cataleg\/crono\/2018\/tetradaFosca_CA.pdf\">Catal\u00e1n<\/a><br \/>\n<a href=\"https:\/\/cejfe.gencat.cat\/web\/.content\/home\/recerca\/cataleg\/crono\/2018\/tetradaFosca_ES.pdf\">Castellano<\/a><br \/>\n<a href=\"https:\/\/cejfe.gencat.cat\/ca\/publicacions\/destacats-recerca\/invesbreu\/en-linia\/invesbreu-77\/\">Publicaciones<\/a><br \/>\n<a href=\"https:\/\/www.youtube.com\/watch?v=8MJHVWNjqFA\">Videos <\/a><\/p>\n<p>Proyecto: <strong>Incidencia del trastorno l\u00edmite de la personalidad en mujeres encarceladas. An\u00e1lisis de las consecuencias y dise\u00f1o del tratamiento. <\/strong><br \/>\nOrganismo\/Entidad financiadora: Centro de Estudios Jur\u00eddicos y Formaci\u00f3n Especializada (CEJFE), Departamento de Justicia e Interior de la Generalitat de Catalu\u00f1a.<br \/>\nDuraci\u00f3n: 2015<br \/>\nPara m\u00e1s informaci\u00f3n:<br \/>\n<a href=\"https:\/\/cejfe.gencat.cat\/web\/.content\/home\/recerca\/cataleg\/crono\/2016\/incidencia_tlp\/incidencia_tlp_cast.pdf\">Castellano<\/a><\/p>\n<p>Proyecto: <strong>Utilidades cl\u00ednica y forense del especificador \u201ccon emociones prosociales limitadas\u201d del trastorno de conducta del DSM-5 en j\u00f3venes internados en centros educativos.<\/strong><br \/>\nReferencia: DOGC N.\u00ba 7024 \u2013 23\/12\/15<br \/>\nOrganismo\/Entidad financiadora: Centro de Estudios Jur\u00eddicos y Formaci\u00f3n Especializada (CEJFE), Departamento de Justicia e Interior de la Generalitat de Catalu\u00f1a.<br \/>\nDuraci\u00f3n: Desde\/de 23\/12\/2015 hasta 30\/11\/2016<br \/>\nPara m\u00e1s informaci\u00f3n:<br \/>\n<a href=\"https:\/\/cejfe.gencat.cat\/web\/.content\/home\/recerca\/cataleg\/crono\/2017\/emocionsProsocialsLimitades.pdf\">Catal\u00e1n<\/a><br \/>\n<a href=\"https:\/\/cejfe.gencat.cat\/web\/.content\/home\/recerca\/cataleg\/crono\/2018\/tetradaFosca_ES.pdf\">Castellano<\/a><br \/>\n<a href=\"https:\/\/journals.sagepub.com\/doi\/abs\/10.1177\/0093854819892931\">Publicaci\u00f3n 1 <\/a><br \/>\n<a href=\"https:\/\/cejfe.gencat.cat\/ca\/publicacions\/destacats-recerca\/invesbreu\/en-linia\/invesbreu-77\/\">Publicaci\u00f3n 2 <\/a><br \/>\n<a href=\"https:\/\/www.youtube.com\/watch?v=ExN--pN6pu4\">Videos<\/a><\/p>\n<p>Proyecto: <strong>Los estilos educativos familiares como factores de riesgo para la inadaptaci\u00f3n social y la conducta delictiva: un estudio retrospectivo en j\u00f3venes delincuentes y en muestras normativas.<\/strong><br \/>\nReferencia: DOGC N.\u00ba 3907 \u2013 18\/06\/2003<br \/>\nOrganismo\/Entidad financiadora: Centro de Estudios Jur\u00eddicos y Formaci\u00f3n Especializada (CEJFE), Departamento de Justicia e Interior de la Generalitat de Catalu\u00f1a.<br \/>\nDuraci\u00f3n: Desde\/de 12\/05\/2003 hasta 31\/03\/2004<br \/>\n<a href=\"https:\/\/cejfe.gencat.cat\/web\/.content\/home\/publicacions\/butlleti_invesbreu\/invesbreu27.pdf\">Publicaciones<\/a><\/p>\n<p>Proyecto: <strong>Trastornos de conducta y rasgos de psicopat\u00eda en j\u00f3venes: estilo educativo de los padres como posible factor de riesgo. <\/strong><br \/>\nReferencia: DOGC N.\u00ba 3676 \u2013 12\/07\/2002<br \/>\nOrganismo\/Entidad financiadora: Centro de Estudios Jur\u00eddicos y Formaci\u00f3n Especializada (CEJFE), Departamento de Justicia e Interior de la Generalitat de Catalu\u00f1a.<br \/>\nDuraci\u00f3n: Desde\/de 12\/07\/2002 hasta 15\/03\/2003<br \/>\n<a href=\"https:\/\/cejfe.gencat.cat\/web\/.content\/home\/publicacions\/butlleti_invesbreu\/invesreu27.pdf\">Publicaciones<\/a><\/p>\n<p><strong>OTROS<\/strong><\/p>\n<p><strong>Autolesi\u00f3n no suicida en adolescentes y adultos j\u00f3venes en Catalunya: prevalencia, caracter\u00edsticas e implicaciones cl\u00ednicas.<\/strong> Generalitat de Catalunya, PERIS, Pla estrat\u00e8gic d\u2019Investigaci\u00f3 i Innovaci\u00f3 en Salut 2016-2020 (Ref. SLT006\/17\/00159). 2018-2021. IP: Anna Sintes Est\u00e9vez<\/p>\n<p><strong>Correlatos neurofisiol\u00f3gicos del procesamiento de la recompensa y control cognitivo en pacientes con trastorno l\u00edmite de la personalidad con y sin historia de aut\u00f3lisis. <\/strong>Fundaci\u00f3 La Marat\u00f3 de TV3. (Ref. 2009-092410). 2009-2012. IP: Josep Marco Pallar\u00e9s<\/p>\n","protected":false},"excerpt":{"rendered":"<p>FUNDACI\u00d3N ALICIA KOPLOWITZ Proyecto: ADN mitocondrial circulante: una ventana al estr\u00e9s y los problemas de conducta en ni\u00f1as y ni\u00f1os de la cohorte ABCD. Referencia: n\/a. Durada: 2023-2025. IP: Roser Nadal. LA MARAT\u00d3 DE TV3 Proyecto: Rasgos psicop\u00e1ticos y prosocialidad en una muestra comunitaria de ni\u00f1os y ni\u00f1as: Un estudio longitudinal de los correlatos biol\u00f3gicos, [&hellip;]<\/p>\n","protected":false},"author":544,"featured_media":0,"parent":1140,"menu_order":1,"comment_status":"closed","ping_status":"closed","template":"","meta":{"footnotes":""},"class_list":["post-1149","page","type-page","status-publish","hentry"],"_links":{"self":[{"href":"https:\/\/webs.uab.cat\/labhuma\/wp-json\/wp\/v2\/pages\/1149","targetHints":{"allow":["GET"]}}],"collection":[{"href":"https:\/\/webs.uab.cat\/labhuma\/wp-json\/wp\/v2\/pages"}],"about":[{"href":"https:\/\/webs.uab.cat\/labhuma\/wp-json\/wp\/v2\/types\/page"}],"author":[{"embeddable":true,"href":"https:\/\/webs.uab.cat\/labhuma\/wp-json\/wp\/v2\/users\/544"}],"replies":[{"embeddable":true,"href":"https:\/\/webs.uab.cat\/labhuma\/wp-json\/wp\/v2\/comments?post=1149"}],"version-history":[{"count":2,"href":"https:\/\/webs.uab.cat\/labhuma\/wp-json\/wp\/v2\/pages\/1149\/revisions"}],"predecessor-version":[{"id":2472,"href":"https:\/\/webs.uab.cat\/labhuma\/wp-json\/wp\/v2\/pages\/1149\/revisions\/2472"}],"up":[{"embeddable":true,"href":"https:\/\/webs.uab.cat\/labhuma\/wp-json\/wp\/v2\/pages\/1140"}],"wp:attachment":[{"href":"https:\/\/webs.uab.cat\/labhuma\/wp-json\/wp\/v2\/media?parent=1149"}],"curies":[{"name":"wp","href":"https:\/\/api.w.org\/{rel}","templated":true}]}}