{"id":1160,"date":"2021-02-19T14:18:05","date_gmt":"2021-02-19T12:18:05","guid":{"rendered":"https:\/\/webs.uab.cat\/labhuma\/thesis\/"},"modified":"2022-12-05T11:19:32","modified_gmt":"2022-12-05T09:19:32","slug":"thesis","status":"publish","type":"page","link":"https:\/\/webs.uab.cat\/labhuma\/thesis\/?lang=en","title":{"rendered":"Thesis"},"content":{"rendered":"\n<h2 class=\"wp-block-heading\"><strong>Selected PhD dissertations<\/strong><\/h2>\n\n\n\n<p>A. Ivanova. <em>Psychopathic traits in young clinical and forensic populations: assessment, and emotional and cognitive correlates<\/em>. 2022.<\/p>\n\n\n\n<p>A.Cuquerella. <em><a href=\"https:\/\/www.educacion.gob.es\/teseo\/mostrarRef.do?ref=1686939\">Propiedades psicom\u00e9tricas de la adaptaci\u00f3n espa\u00f1ola del Psychopathy Checklist: Screening Version (PCL:SV)<\/a><\/em>. 2018.<\/p>\n\n\n\n<p>Y.Cruz. <em><a href=\"https:\/\/www.tesisenred.net\/handle\/10803\/323099#page=1\">Exploring individual differences relations between executive function and parenting styles.<\/a><\/em> 2015.<\/p>\n\n\n\n<p>D.Vega. <em><a href=\"https:\/\/www.tesisenred.net\/handle\/10803\/287912#page=1\">Neurophysiological correlates of reward processing and cognitive control in Borderline Personality Disorder patients with and without self-harm history<\/a>.<\/em> 2014.<\/p>\n\n\n\n<p>D.Torrents. <em><a href=\"https:\/\/www.tesisenred.net\/handle\/10803\/125858#page=1\">Individual differences in the acquisition and generalization of fear: Testing the effects of the BDNF-val66met polymorphism and trait anxiety.<\/a><\/em> 2013.<\/p>\n\n\n\n<p>D.Tinoco. <em><a href=\"https:\/\/www.tesisenred.net\/handle\/10803\/120553#page=1\">Fear conditioning to socially relevant stimuli in social anxiety.<\/a> <\/em>2013.<\/p>\n\n\n\n<p>M.L.Arrat\u00edbel. <em><a href=\"https:\/\/www.tesisenred.net\/handle\/10803\/97348#page=1\">El temperamento y el desarrollo de las habilidades sociales en la prevenci\u00f3n de la psicopatolog\u00eda infantil.<\/a> <\/em>2012.<\/p>\n\n\n\n<p>E.Araujo. <em><a href=\"https:\/\/www.tesisenred.net\/handle\/10803\/97347#page=1\">Diferencias de la funci\u00f3n ejecutiva en el trastorno por d\u00e9ficit de atenci\u00f3n con hiperactividad y en sintomatolog\u00edas asociadas.<\/a><\/em> 2012.<\/p>\n\n\n\n<p>M.Monguillot. <em><a href=\"https:\/\/www.tesisenred.net\/handle\/10803\/121597#page=1\">Estils educatius i i ansietat infantil: un model conceptual basat en les difer\u00e8ncies de g\u00e8nere.<\/a><\/em> 2012.<\/p>\n\n\n\n<p>L.Gonz\u00e1lez. <em><a href=\"https:\/\/www.educacion.gob.es\/teseo\/mostrarRef.do?ref=1686939\">Propiedades psicom\u00e9tricas de la adaptaci\u00f3n espa\u00f1ola del Psychopathy Checklist: Youth Version en poblaci\u00f3n de j\u00f3venes infractores<\/a>.<\/em> 2010.<\/p>\n\n\n\n<p>M.V.Trasovares. <em><a href=\"https:\/\/www.tesisenred.net\/handle\/10803\/31994#page=1\">Condicionament cl\u00e0ssic aversiu a un senyal i al context: el paper de la consci\u00e8ncia de conting\u00e8ncia i l\u2019ansietat tret.<\/a><\/em> 2010.<\/p>\n\n\n\n<p>R.Angulo. <em><a href=\"https:\/\/www.educacion.gob.es\/teseo\/mostrarRef.do?ref=853302\">Concordancia entre padres y maestros en la valoraci\u00f3n de la sintomatolog\u00eda conductual y emocional entre ni\u00f1os de 6 a 8 a\u00f1os<\/a>.<\/em> 2010.<\/p>\n\n\n\n<p>Y.Pardo. <em><a href=\"https:\/\/www.tesisenred.net\/handle\/10803\/5575#page=1\">El desenvolupament de la personalitat psicop\u00e0tica: pr\u00e0ctiques educatives parentals i altres variables familiars.<\/a><\/em> 2007.<\/p>\n\n\n\n<h2 class=\"wp-block-heading\"><strong>Ongoing PhD Dissertations<\/strong><\/h2>\n\n\n\n<p>A. Rafael. <em>Influ\u00e8ncia del trets de psicopatia parentals en la relaci\u00f3 entre trets de psicopatia en la inf\u00e0ncia\/adolesc\u00e8ncia i els problemes de conducta<\/em>.<br>Directores: B. Molinuevo, R. Torrubia<\/p>\n\n\n\n<p>V.M.Barrau. <em>Psicopat\u00eda en la infancia, validaci\u00f3n del Child Problematic Traits Inventory y relaci\u00f3n con otras entidades cl\u00ednicas.<\/em><br>Directores: L. L\u00f3pez-Romero, B. Molinuevo, R. Torrubia<\/p>\n\n\n\n<p>C.Schmidt. <em>The role of metacognition and emotion regulation in non-suicidal Self-injury: predictors and treatment<\/em>.<br>Directores: J. Soler, D. Vega<\/p>\n\n\n\n<p>S. Nicolaou. <em>The neural correlates of social reward in borderline personality disorder<\/em>.<br>Directores: J. Marco, D. Vega<\/p>\n","protected":false},"excerpt":{"rendered":"<p>Selected PhD dissertations A. Ivanova. Psychopathic traits in young clinical and forensic populations: assessment, and emotional and cognitive correlates. 2022. A.Cuquerella. Propiedades psicom\u00e9tricas de la adaptaci\u00f3n espa\u00f1ola del Psychopathy Checklist: Screening Version (PCL:SV). 2018. Y.Cruz. Exploring individual differences relations between executive function and parenting styles. 2015. D.Vega. Neurophysiological correlates of reward processing and cognitive control [&hellip;]<\/p>\n","protected":false},"author":544,"featured_media":0,"parent":0,"menu_order":5,"comment_status":"closed","ping_status":"closed","template":"","meta":{"footnotes":""},"class_list":["post-1160","page","type-page","status-publish","hentry"],"_links":{"self":[{"href":"https:\/\/webs.uab.cat\/labhuma\/wp-json\/wp\/v2\/pages\/1160","targetHints":{"allow":["GET"]}}],"collection":[{"href":"https:\/\/webs.uab.cat\/labhuma\/wp-json\/wp\/v2\/pages"}],"about":[{"href":"https:\/\/webs.uab.cat\/labhuma\/wp-json\/wp\/v2\/types\/page"}],"author":[{"embeddable":true,"href":"https:\/\/webs.uab.cat\/labhuma\/wp-json\/wp\/v2\/users\/544"}],"replies":[{"embeddable":true,"href":"https:\/\/webs.uab.cat\/labhuma\/wp-json\/wp\/v2\/comments?post=1160"}],"version-history":[{"count":1,"href":"https:\/\/webs.uab.cat\/labhuma\/wp-json\/wp\/v2\/pages\/1160\/revisions"}],"predecessor-version":[{"id":2151,"href":"https:\/\/webs.uab.cat\/labhuma\/wp-json\/wp\/v2\/pages\/1160\/revisions\/2151"}],"wp:attachment":[{"href":"https:\/\/webs.uab.cat\/labhuma\/wp-json\/wp\/v2\/media?parent=1160"}],"curies":[{"name":"wp","href":"https:\/\/api.w.org\/{rel}","templated":true}]}}