{"id":1170,"date":"2021-02-19T14:56:16","date_gmt":"2021-02-19T12:56:16","guid":{"rendered":"https:\/\/webs.uab.cat\/labhuma\/alumnado-de-doctorado\/"},"modified":"2026-03-20T17:28:15","modified_gmt":"2026-03-20T15:28:15","slug":"alumnado-de-doctorado","status":"publish","type":"page","link":"https:\/\/webs.uab.cat\/labhuma\/miembros\/alumnado-de-doctorado\/?lang=es","title":{"rendered":"Alumnado de doctorado"},"content":{"rendered":"\n<div class=\"wp-block-media-text alignfull is-stacked-on-mobile\" style=\"grid-template-columns:16% auto\"><figure class=\"wp-block-media-text__media\"><img loading=\"lazy\" decoding=\"async\" width=\"322\" height=\"405\" src=\"https:\/\/webs.uab.cat\/labhuma\/wp-content\/uploads\/sites\/245\/2026\/03\/mariona_foto.png\" alt=\"\" class=\"wp-image-2843 size-full\" srcset=\"https:\/\/webs.uab.cat\/labhuma\/wp-content\/uploads\/sites\/245\/2026\/03\/mariona_foto.png 322w, https:\/\/webs.uab.cat\/labhuma\/wp-content\/uploads\/sites\/245\/2026\/03\/mariona_foto-239x300.png 239w\" sizes=\"auto, (max-width: 322px) 100vw, 322px\" \/><\/figure><div class=\"wp-block-media-text__content\">\n<p><strong>Mariona Aparicio Mu\u00f1oz<\/strong><\/p>\n\n\n\n<p>Graduada en Psicolog\u00eda por la Universitat de Barcelona (2017), con un posgrado en Enfermedades Cr\u00f3nicas y Trastornos del Comportamiento Infantojuvenil por la Universitat Aut\u00f2noma de Barcelona (2020). Actualmente es residente de Psicolog\u00eda Cl\u00ednica en el Hospital Universitario\u00a0Parco\u00a0Taul\u00ed\u00a0de Sabadell, donde se dedica principalmente a la actividad asistencial tanto en poblaci\u00f3n infantojuvenil como en adultos. Paralelamente, est\u00e1 realizando su tesis dentro del proyecto\u00a0<em>Aggressive\u00a0Behaviour\u00a0and\u00a0Conduct\u00a0Disorder<\/em>\u00a0del grupo\u00a0Laboratorio\u00a0Humano, estudiando los perfiles y las trayectorias evolutivas de la sintomatolog\u00eda emocional y conductual. Ha presentado varios p\u00f3steres en congresos nacionales e internacionales y participa en proyectos de investigaci\u00f3n vinculados a la etapa infantojuvenil, as\u00ed como en la etapa perinatal. Adem\u00e1s, colabora como docente en el posgrado de Aprendizajes Espec\u00edficos, Dificultades de Aprendizaje y Trastornos del Neurodesarrollo (codirecci\u00f3n Fundaci\u00f3n\u00a0TDAH\u00a0Vall\u00e8s y Universitat de Barcelona).<\/p>\n\n\n\n<p><strong>Contacto:<\/strong><br>mariona.apariciom@autonoma.cat<\/p>\n<\/div><\/div>\n\n\n\n<div class=\"wp-block-media-text alignfull is-stacked-on-mobile\" style=\"grid-template-columns:16% auto\"><figure class=\"wp-block-media-text__media\"><img loading=\"lazy\" decoding=\"async\" width=\"593\" height=\"1024\" src=\"https:\/\/webs.uab.cat\/labhuma\/wp-content\/uploads\/sites\/245\/2026\/03\/Foto_Laura-593x1024.jpg\" alt=\"\" class=\"wp-image-2840 size-full\" srcset=\"https:\/\/webs.uab.cat\/labhuma\/wp-content\/uploads\/sites\/245\/2026\/03\/Foto_Laura-593x1024.jpg 593w, https:\/\/webs.uab.cat\/labhuma\/wp-content\/uploads\/sites\/245\/2026\/03\/Foto_Laura-174x300.jpg 174w, https:\/\/webs.uab.cat\/labhuma\/wp-content\/uploads\/sites\/245\/2026\/03\/Foto_Laura.jpg 625w\" sizes=\"auto, (max-width: 593px) 100vw, 593px\" \/><\/figure><div class=\"wp-block-media-text__content\">\n<p><strong>Laura Delgado Latorre<\/strong><\/p>\n\n\n\n<p>Graduada en Psicolog\u00eda por la Universitat Aut\u00f2noma de Barcelona (2024) y M\u00e1ster Universitario en Iniciaci\u00f3n en la Investigaci\u00f3n en Salud Mental (2025) de la red CIBERSAM, donde centr\u00f3 su Trabajo de M\u00e1ster en el estudio de la atenci\u00f3n visual en el reconocimiento de expresiones faciales. Actualmente cursa el Doctorado en Neurociencias en la Universitat Aut\u00f2noma de Barcelona, donde desarrolla su tesis doctoral dentro del proyecto ABCD al grupo Laboratorio Humano. Su investigaci\u00f3n se centra en el estudio de la conducta agresiva en poblaci\u00f3n infantojuvenil y su relaci\u00f3n con m\u00e9tricas de atenci\u00f3n visual, el reconocimiento emocional y la pupilometr\u00eda como biomarcador, integrando metodolog\u00edas experimentales y aplicadas en el \u00e1mbito de la salud mental. Paralelamente, ejerce como vetlladora en una residencia psiqui\u00e1trica de la Fundaci\u00f3n Salud Mental CPB \u2013 Dr. F\u00e0bregas, experiencia que complementa con su actividad investigadora.<\/p>\n\n\n\n<p><strong>Contacto:<\/strong><br>laura.delgado@uab.cat<\/p>\n<\/div><\/div>\n","protected":false},"excerpt":{"rendered":"<p>Mariona Aparicio Mu\u00f1oz Graduada en Psicolog\u00eda por la Universitat de Barcelona (2017), con un posgrado en Enfermedades Cr\u00f3nicas y Trastornos del Comportamiento Infantojuvenil por la Universitat Aut\u00f2noma de Barcelona (2020). Actualmente es residente de Psicolog\u00eda Cl\u00ednica en el Hospital Universitario\u00a0Parco\u00a0Taul\u00ed\u00a0de Sabadell, donde se dedica principalmente a la actividad asistencial tanto en poblaci\u00f3n infantojuvenil como en [&hellip;]<\/p>\n","protected":false},"author":544,"featured_media":0,"parent":1152,"menu_order":2,"comment_status":"closed","ping_status":"closed","template":"","meta":{"footnotes":""},"class_list":["post-1170","page","type-page","status-publish","hentry"],"_links":{"self":[{"href":"https:\/\/webs.uab.cat\/labhuma\/wp-json\/wp\/v2\/pages\/1170","targetHints":{"allow":["GET"]}}],"collection":[{"href":"https:\/\/webs.uab.cat\/labhuma\/wp-json\/wp\/v2\/pages"}],"about":[{"href":"https:\/\/webs.uab.cat\/labhuma\/wp-json\/wp\/v2\/types\/page"}],"author":[{"embeddable":true,"href":"https:\/\/webs.uab.cat\/labhuma\/wp-json\/wp\/v2\/users\/544"}],"replies":[{"embeddable":true,"href":"https:\/\/webs.uab.cat\/labhuma\/wp-json\/wp\/v2\/comments?post=1170"}],"version-history":[{"count":15,"href":"https:\/\/webs.uab.cat\/labhuma\/wp-json\/wp\/v2\/pages\/1170\/revisions"}],"predecessor-version":[{"id":3016,"href":"https:\/\/webs.uab.cat\/labhuma\/wp-json\/wp\/v2\/pages\/1170\/revisions\/3016"}],"up":[{"embeddable":true,"href":"https:\/\/webs.uab.cat\/labhuma\/wp-json\/wp\/v2\/pages\/1152"}],"wp:attachment":[{"href":"https:\/\/webs.uab.cat\/labhuma\/wp-json\/wp\/v2\/media?parent=1170"}],"curies":[{"name":"wp","href":"https:\/\/api.w.org\/{rel}","templated":true}]}}