{"id":1184,"date":"2021-03-03T21:58:39","date_gmt":"2021-03-03T19:58:39","guid":{"rendered":"https:\/\/webs.uab.cat\/labhuma\/join-us\/"},"modified":"2024-09-26T15:08:06","modified_gmt":"2024-09-26T13:08:06","slug":"join-us","status":"publish","type":"page","link":"https:\/\/webs.uab.cat\/labhuma\/join-us\/?lang=en","title":{"rendered":"Join us!"},"content":{"rendered":"<p style=\"text-align: center\"><strong>\u00bfTIENES GANAS DE INVESTIGAR EN NUESTRO LABORATORIO?<\/strong><\/p>\n<p>Disponemos en la actualidad de un contrato predoctoral con una convocatoria vigente.<\/p>\n<p>Escr\u00edbenos: <a class=\"text-entity-link\" dir=\"auto\" href=\"mailto:roser.nadal@uab.cat\" target=\"_blank\" rel=\"noopener noreferrer\" data-entity-type=\"MessageEntityEmail\">roser.nadal@uab.cat<\/a>\u00a0y\/o <a class=\"text-entity-link\" dir=\"auto\" href=\"mailto:beatriz.molinuevo@uab.cat\" target=\"_blank\" rel=\"noopener noreferrer\" data-entity-type=\"MessageEntityEmail\">beatriz.molinuevo@uab.cat<\/a><\/p>\n<p><strong>Aggressive Behavior and Conduct Disorders: Development and Heterogeneity in Children (ABCD)<\/strong><\/p>\n<p>Nuestro grupo ofrece un contrato predoctoral de una duraci\u00f3n de 4 a\u00f1os con incorporaci\u00f3n prevista a partir de enero del 2025.<\/p>\n<p>Las bases y caracter\u00edsticas del contrato se pueden consultar <a href=\"https:\/\/webs.uab.cat\/labhuma\/wp-content\/uploads\/sites\/245\/2024\/09\/Convocatoria-castellano.pdf\">aqu\u00ed<\/a> en castellano y\u00a0 <a href=\"https:\/\/webs.uab.cat\/labhuma\/wp-content\/uploads\/sites\/245\/2024\/09\/Convocatoria-catala.pdf\">aqu\u00ed<\/a> en catal\u00e1n.<\/p>\n<p>Los requisitos y el proyecto se pueden consultar <a href=\"https:\/\/webs.uab.cat\/labhuma\/wp-content\/uploads\/sites\/245\/2024\/09\/Oferta-predoctoral-LABORATORI-HUMA_castellano.pdf\">aqu\u00ed<\/a>\u00a0en castellano y <a href=\"https:\/\/webs.uab.cat\/labhuma\/wp-content\/uploads\/sites\/245\/2024\/09\/Oferta-predoctoral-LABORATORI-HUMA_catala.pdf\">aqu\u00ed<\/a> en catal\u00e1n.<\/p>\n<p>Las solicitudes deben presentarse del 23 de septiembre al 14 de octubre de 2024. La resoluci\u00f3n se publicar\u00e1 el mes de diciembre de 2024.<\/p>\n","protected":false},"excerpt":{"rendered":"<p>\u00bfTIENES GANAS DE INVESTIGAR EN NUESTRO LABORATORIO? Disponemos en la actualidad de un contrato predoctoral con una convocatoria vigente. Escr\u00edbenos: roser.nadal@uab.cat\u00a0y\/o beatriz.molinuevo@uab.cat Aggressive Behavior and Conduct Disorders: Development and Heterogeneity in Children (ABCD) Nuestro grupo ofrece un contrato predoctoral de una duraci\u00f3n de 4 a\u00f1os con incorporaci\u00f3n prevista a partir de enero del 2025. Las [&hellip;]<\/p>\n","protected":false},"author":544,"featured_media":0,"parent":0,"menu_order":8,"comment_status":"closed","ping_status":"closed","template":"","meta":{"footnotes":""},"class_list":["post-1184","page","type-page","status-publish","hentry"],"_links":{"self":[{"href":"https:\/\/webs.uab.cat\/labhuma\/wp-json\/wp\/v2\/pages\/1184","targetHints":{"allow":["GET"]}}],"collection":[{"href":"https:\/\/webs.uab.cat\/labhuma\/wp-json\/wp\/v2\/pages"}],"about":[{"href":"https:\/\/webs.uab.cat\/labhuma\/wp-json\/wp\/v2\/types\/page"}],"author":[{"embeddable":true,"href":"https:\/\/webs.uab.cat\/labhuma\/wp-json\/wp\/v2\/users\/544"}],"replies":[{"embeddable":true,"href":"https:\/\/webs.uab.cat\/labhuma\/wp-json\/wp\/v2\/comments?post=1184"}],"version-history":[{"count":2,"href":"https:\/\/webs.uab.cat\/labhuma\/wp-json\/wp\/v2\/pages\/1184\/revisions"}],"predecessor-version":[{"id":2612,"href":"https:\/\/webs.uab.cat\/labhuma\/wp-json\/wp\/v2\/pages\/1184\/revisions\/2612"}],"wp:attachment":[{"href":"https:\/\/webs.uab.cat\/labhuma\/wp-json\/wp\/v2\/media?parent=1184"}],"curies":[{"name":"wp","href":"https:\/\/api.w.org\/{rel}","templated":true}]}}