{"id":1188,"date":"2021-03-03T22:01:19","date_gmt":"2021-03-03T20:01:19","guid":{"rendered":"https:\/\/webs.uab.cat\/labhuma\/trabajos-de-fin-de-master\/"},"modified":"2025-01-30T13:27:02","modified_gmt":"2025-01-30T11:27:02","slug":"trabajos-de-fin-de-master","status":"publish","type":"page","link":"https:\/\/webs.uab.cat\/labhuma\/docencia\/trabajos-de-fin-de-master\/?lang=es","title":{"rendered":"Trabajos de fin de Master"},"content":{"rendered":"\n<figure class=\"wp-block-pullquote\"><blockquote><p>2025<\/p><\/blockquote><\/figure>\n\n\n\n<p><strong>M\u00e1ster Universitario en Psicolog\u00eda General Sanitaria (MUPGS, UAB)<\/strong><br>&#8220;The relationship between temperamental traits, prosocial traits and emotional regulation with internet addiction in children&#8221;<br>Supervisi\u00f3n: \u2002L. Ezpeleta, N. de la Osa,  E. Penelo<\/p>\n\n\n\n<figure class=\"wp-block-pullquote\"><blockquote><p>2023<\/p><\/blockquote><\/figure>\n\n\n\n<p><strong>M\u00e1ster en Iniciaci\u00f3n a la Investigaci\u00f3n en Salud Mental<\/strong><br>&#8220;The Triarchic Psychopathy Measure in justice-involved youth: content coverage of different\u00a0psychopathy measures and predictive validity with respect to institutional behavior and recidivism&#8221;<br>Supervisi\u00f3n: A. Bonillo, R. Torrubia\u00a0<\/p>\n\n\n\n<figure class=\"wp-block-pullquote\"><blockquote><p>2020<\/p><\/blockquote><\/figure>\n\n\n<p><strong>M\u00e1ster en psicolog\u00eda forense y criminal, Il3-UB<\/strong><br \/>&#8220;Estudio de las propiedades psicom\u00e9tricas del TriPM en poblaci\u00f3n juvenil interna en centros cerrados de Catalu\u00f1a&#8221;<br \/>Supervisi\u00f3n: A. Cuquerella, A. Pueyo, B. Molinuevo<\/p>\n<p><strong>M\u00e1ster Oficial en Neurociencias, UAB<\/strong><br \/>&#8220;Eye Vergence and Pupil Size During an Attention Task in Children and Early Adolescents: the Role of Externalizing Problems and ADHD&#8221;<br \/>Supervisi\u00f3n: B. Molinuevo, R. Torrubia<\/p>\n\n\n<hr class=\"wp-block-separator has-alpha-channel-opacity\" \/>\n","protected":false},"excerpt":{"rendered":"<p>2025 M\u00e1ster Universitario en Psicolog\u00eda General Sanitaria (MUPGS, UAB)&#8220;The relationship between temperamental traits, prosocial traits and emotional regulation with internet addiction in children&#8221;Supervisi\u00f3n: \u2002L. Ezpeleta, N. de la Osa, E. Penelo 2023 M\u00e1ster en Iniciaci\u00f3n a la Investigaci\u00f3n en Salud Mental&#8220;The Triarchic Psychopathy Measure in justice-involved youth: content coverage of different\u00a0psychopathy measures and predictive validity [&hellip;]<\/p>\n","protected":false},"author":544,"featured_media":0,"parent":1179,"menu_order":0,"comment_status":"closed","ping_status":"closed","template":"","meta":{"footnotes":""},"class_list":["post-1188","page","type-page","status-publish","hentry"],"_links":{"self":[{"href":"https:\/\/webs.uab.cat\/labhuma\/wp-json\/wp\/v2\/pages\/1188","targetHints":{"allow":["GET"]}}],"collection":[{"href":"https:\/\/webs.uab.cat\/labhuma\/wp-json\/wp\/v2\/pages"}],"about":[{"href":"https:\/\/webs.uab.cat\/labhuma\/wp-json\/wp\/v2\/types\/page"}],"author":[{"embeddable":true,"href":"https:\/\/webs.uab.cat\/labhuma\/wp-json\/wp\/v2\/users\/544"}],"replies":[{"embeddable":true,"href":"https:\/\/webs.uab.cat\/labhuma\/wp-json\/wp\/v2\/comments?post=1188"}],"version-history":[{"count":4,"href":"https:\/\/webs.uab.cat\/labhuma\/wp-json\/wp\/v2\/pages\/1188\/revisions"}],"predecessor-version":[{"id":2679,"href":"https:\/\/webs.uab.cat\/labhuma\/wp-json\/wp\/v2\/pages\/1188\/revisions\/2679"}],"up":[{"embeddable":true,"href":"https:\/\/webs.uab.cat\/labhuma\/wp-json\/wp\/v2\/pages\/1179"}],"wp:attachment":[{"href":"https:\/\/webs.uab.cat\/labhuma\/wp-json\/wp\/v2\/media?parent=1188"}],"curies":[{"name":"wp","href":"https:\/\/api.w.org\/{rel}","templated":true}]}}