{"id":1206,"date":"2021-07-30T17:58:18","date_gmt":"2021-07-30T15:58:18","guid":{"rendered":"https:\/\/webs.uab.cat\/labhuma\/alumnado-de-grado-y-master\/"},"modified":"2023-09-19T19:31:40","modified_gmt":"2023-09-19T17:31:40","slug":"fernandez-sebastian","status":"publish","type":"page","link":"https:\/\/webs.uab.cat\/labhuma\/miembros\/fernandez-sebastian\/?lang=es","title":{"rendered":"Fern\u00e1ndez, Sebasti\u00e1n"},"content":{"rendered":"<div class=\"wp-block-image\">\n<figure class=\"aligncenter size-large is-resized\"><img loading=\"lazy\" decoding=\"async\" src=\"https:\/\/webs.uab.cat\/labhuma\/wp-content\/uploads\/sites\/245\/2023\/03\/Fondo-de-DSC00833-eliminado-1024x576.png\" alt=\"\" class=\"wp-image-2328\" width=\"325\" height=\"182\" srcset=\"https:\/\/webs.uab.cat\/labhuma\/wp-content\/uploads\/sites\/245\/2023\/03\/Fondo-de-DSC00833-eliminado-1024x576.png 1024w, https:\/\/webs.uab.cat\/labhuma\/wp-content\/uploads\/sites\/245\/2023\/03\/Fondo-de-DSC00833-eliminado-300x169.png 300w, https:\/\/webs.uab.cat\/labhuma\/wp-content\/uploads\/sites\/245\/2023\/03\/Fondo-de-DSC00833-eliminado-768x432.png 768w, https:\/\/webs.uab.cat\/labhuma\/wp-content\/uploads\/sites\/245\/2023\/03\/Fondo-de-DSC00833-eliminado-1536x864.png 1536w, https:\/\/webs.uab.cat\/labhuma\/wp-content\/uploads\/sites\/245\/2023\/03\/Fondo-de-DSC00833-eliminado-2048x1152.png 2048w, https:\/\/webs.uab.cat\/labhuma\/wp-content\/uploads\/sites\/245\/2023\/03\/Fondo-de-DSC00833-eliminado-1200x675.png 1200w, https:\/\/webs.uab.cat\/labhuma\/wp-content\/uploads\/sites\/245\/2023\/03\/Fondo-de-DSC00833-eliminado-1980x1114.png 1980w\" sizes=\"auto, (max-width: 325px) 100vw, 325px\" \/><\/figure>\n<\/div>\n\n\n<p>Psic\u00f3logo Cl\u00ednico. M\u00e1ster en Neuropsiquiatr\u00eda y psicolog\u00eda de la infancia y adolescencia; postgrado en neuropsicolog\u00eda y neurolog\u00eda de la conducta infantil. Cursando el M\u00e1ster en Investigaci\u00f3n Cl\u00ednica Aplicada en Ciencias de la Salud. Colaboraci\u00f3n en varios proyectos de investigaci\u00f3n en la Universidad de Cuenca (Ecuador) relacionado con promoci\u00f3n de autonom\u00eda, autoconcepto y autorregulaci\u00f3n en poblaci\u00f3n infantojuvenil. Colaborador con el proyecto ABCD del Departamento de Psiquiatr\u00eda y Medicina legal (UAB).<\/p>\n\n\n\n<p><strong>Contacto:<\/strong><br>darwinsebastian.fernandez@autonoma.cat<\/p>\n","protected":false},"excerpt":{"rendered":"<p>Psic\u00f3logo Cl\u00ednico. M\u00e1ster en Neuropsiquiatr\u00eda y psicolog\u00eda de la infancia y adolescencia; postgrado en neuropsicolog\u00eda y neurolog\u00eda de la conducta infantil. Cursando el M\u00e1ster en Investigaci\u00f3n Cl\u00ednica Aplicada en Ciencias de la Salud. Colaboraci\u00f3n en varios proyectos de investigaci\u00f3n en la Universidad de Cuenca (Ecuador) relacionado con promoci\u00f3n de autonom\u00eda, autoconcepto y autorregulaci\u00f3n en poblaci\u00f3n [&hellip;]<\/p>\n","protected":false},"author":544,"featured_media":0,"parent":1152,"menu_order":4,"comment_status":"closed","ping_status":"closed","template":"","meta":{"footnotes":""},"class_list":["post-1206","page","type-page","status-publish","hentry"],"_links":{"self":[{"href":"https:\/\/webs.uab.cat\/labhuma\/wp-json\/wp\/v2\/pages\/1206","targetHints":{"allow":["GET"]}}],"collection":[{"href":"https:\/\/webs.uab.cat\/labhuma\/wp-json\/wp\/v2\/pages"}],"about":[{"href":"https:\/\/webs.uab.cat\/labhuma\/wp-json\/wp\/v2\/types\/page"}],"author":[{"embeddable":true,"href":"https:\/\/webs.uab.cat\/labhuma\/wp-json\/wp\/v2\/users\/544"}],"replies":[{"embeddable":true,"href":"https:\/\/webs.uab.cat\/labhuma\/wp-json\/wp\/v2\/comments?post=1206"}],"version-history":[{"count":10,"href":"https:\/\/webs.uab.cat\/labhuma\/wp-json\/wp\/v2\/pages\/1206\/revisions"}],"predecessor-version":[{"id":2399,"href":"https:\/\/webs.uab.cat\/labhuma\/wp-json\/wp\/v2\/pages\/1206\/revisions\/2399"}],"up":[{"embeddable":true,"href":"https:\/\/webs.uab.cat\/labhuma\/wp-json\/wp\/v2\/pages\/1152"}],"wp:attachment":[{"href":"https:\/\/webs.uab.cat\/labhuma\/wp-json\/wp\/v2\/media?parent=1206"}],"curies":[{"name":"wp","href":"https:\/\/api.w.org\/{rel}","templated":true}]}}