{"id":1211,"date":"2021-07-30T18:10:44","date_gmt":"2021-07-30T16:10:44","guid":{"rendered":"https:\/\/webs.uab.cat\/labhuma\/nadal-roser\/"},"modified":"2026-04-07T12:12:53","modified_gmt":"2026-04-07T10:12:53","slug":"nadal-roser","status":"publish","type":"page","link":"https:\/\/webs.uab.cat\/labhuma\/members\/researchers\/nadal-roser\/?lang=en","title":{"rendered":"Roser Nadal"},"content":{"rendered":"<div class=\"wp-block-image is-resized\">\n<figure class=\"aligncenter size-large\"><img loading=\"lazy\" decoding=\"async\" width=\"1024\" height=\"576\" src=\"https:\/\/webs.uab.cat\/labhuma\/wp-content\/uploads\/sites\/245\/2023\/03\/Fondo-de-DSC00809-eliminado-1024x576.png\" alt=\"\" class=\"wp-image-2315\" style=\"width:324px;height:auto\" srcset=\"https:\/\/webs.uab.cat\/labhuma\/wp-content\/uploads\/sites\/245\/2023\/03\/Fondo-de-DSC00809-eliminado-1024x576.png 1024w, https:\/\/webs.uab.cat\/labhuma\/wp-content\/uploads\/sites\/245\/2023\/03\/Fondo-de-DSC00809-eliminado-300x169.png 300w, https:\/\/webs.uab.cat\/labhuma\/wp-content\/uploads\/sites\/245\/2023\/03\/Fondo-de-DSC00809-eliminado-768x432.png 768w, https:\/\/webs.uab.cat\/labhuma\/wp-content\/uploads\/sites\/245\/2023\/03\/Fondo-de-DSC00809-eliminado-1536x864.png 1536w, https:\/\/webs.uab.cat\/labhuma\/wp-content\/uploads\/sites\/245\/2023\/03\/Fondo-de-DSC00809-eliminado-2048x1152.png 2048w, https:\/\/webs.uab.cat\/labhuma\/wp-content\/uploads\/sites\/245\/2023\/03\/Fondo-de-DSC00809-eliminado-1200x675.png 1200w, https:\/\/webs.uab.cat\/labhuma\/wp-content\/uploads\/sites\/245\/2023\/03\/Fondo-de-DSC00809-eliminado-1980x1114.png 1980w\" sizes=\"auto, (max-width: 1024px) 100vw, 1024px\" \/><figcaption class=\"wp-element-caption\">PhD. Roser Nadal         <\/figcaption><\/figure>\n<\/div>\n\n\n<p id=\"tw-target-text\">Graduated in Psychology in 1988 and awarded a PhD in Psychology in 1992 by the Universitat Aut\u00f2noma de Barcelona (UAB), she served as Associate Professor in the University\u2019s Unit of Psychobiology from 1998 to 2021, when she was promoted to Full Professor. She is a researcher at the Institute of Neurosciences (INc) at UAB and teaches in its Master\u2019s and Doctoral programmes. She has completed several research stays at leading international institutions, including Wake Forest University, North Carolina (1996\u20131997), the University of California, San Francisco (2000), the University of Colorado Boulder (2010), and the University of British Columbia, Canada (2013).<\/p>\n\n\n\n<p>She has authored or co-authored more than 110 publications in international journals and has supervised 13 doctoral theses, with a further 6 currently in progress. She received the ICREA Academia Award (Government of Catalonia) in the Behavioural Sciences category for the period 2015\u20132019, and served as Deputy Director of the INc from 2010 to 2016. She was a member of the Addictive Disorders Network (Instituto de Salud Carlos III, 2003\u20132017) and is currently a member of CIBERSAM (Instituto de Salud Carlos III), the TECSAM Network (Government of Catalonia), the Spanish Stress Research Network (Ministry of Science and Innovation), and the INc-UAB\/Taul\u00ed Mixed Translational Neuroscience Unit. She has participated in numerous international, national, and regional research projects, both as principal investigator and as a team member. She currently coordinates the consolidated Generalitat de Catalunya research group \u201cNeurobiology of Stress and Vulnerability to Psychopathology\u201d and is principal investigator of three funded projects supported by the Ministry of Science and Innovation, Fundaci\u00f3 La Marat\u00f3 de TV3, and Fundaci\u00f3n Alicia Koplowitz. She has also co-organised several scientific conferences, notably the FENS Congress (2012, Public Awareness Committee) and a B-Debate meeting organised by Biocat and Fundaci\u00f3 Obra Social La Caixa (2016). In 2019, she was included in the \u201cTop 100 Women Leaders in Spain\u201d ranking in the Academia category, awarded by Women and C\u00eda.<\/p>\n\n\n\n<p>In addition to her teaching and research activities, she has been actively involved in knowledge transfer and public engagement, as well as in initiatives promoting gender equality and mental health advocacy. Much of her career has focused on the neurobiology of stress in preclinical models, with particular emphasis on the role of early-life experiences in vulnerability and resilience, as well as on individual differences. More recently, her research has centred on the identification of biomarkers associated with vulnerability to developmental trajectories of externalising behaviour in boys and girls, including stress and fear responses.<\/p>\n\n\n\n<p><strong>Contact<\/strong>:<\/p>\n\n\n\n<p id=\"tw-target-text\">roser.nadal@uab.cat<br>School of Psychology (Psychobiology Unit) \u2013 Room b5-033<br>Neurosciences Institute \u2013 Room m1-123<br>Universitat Aut\u00f2noma de Barcelona<br>Cerdanyola del Vall\u00e8s, 08193, Spain<br><br><a href=\"https:\/\/orcid.org\/0000-0001-8972-2525\">ORCID<\/a><\/p>\n","protected":false},"excerpt":{"rendered":"<p>Graduated in Psychology in 1988 and awarded a PhD in Psychology in 1992 by the Universitat Aut\u00f2noma de Barcelona (UAB), she served as Associate Professor in the University\u2019s Unit of Psychobiology from 1998 to 2021, when she was promoted to Full Professor. She is a researcher at the Institute of Neurosciences (INc) at UAB and [&hellip;]<\/p>\n","protected":false},"author":544,"featured_media":0,"parent":1166,"menu_order":3,"comment_status":"closed","ping_status":"closed","template":"","meta":{"footnotes":""},"class_list":["post-1211","page","type-page","status-publish","hentry"],"_links":{"self":[{"href":"https:\/\/webs.uab.cat\/labhuma\/wp-json\/wp\/v2\/pages\/1211","targetHints":{"allow":["GET"]}}],"collection":[{"href":"https:\/\/webs.uab.cat\/labhuma\/wp-json\/wp\/v2\/pages"}],"about":[{"href":"https:\/\/webs.uab.cat\/labhuma\/wp-json\/wp\/v2\/types\/page"}],"author":[{"embeddable":true,"href":"https:\/\/webs.uab.cat\/labhuma\/wp-json\/wp\/v2\/users\/544"}],"replies":[{"embeddable":true,"href":"https:\/\/webs.uab.cat\/labhuma\/wp-json\/wp\/v2\/comments?post=1211"}],"version-history":[{"count":7,"href":"https:\/\/webs.uab.cat\/labhuma\/wp-json\/wp\/v2\/pages\/1211\/revisions"}],"predecessor-version":[{"id":3042,"href":"https:\/\/webs.uab.cat\/labhuma\/wp-json\/wp\/v2\/pages\/1211\/revisions\/3042"}],"up":[{"embeddable":true,"href":"https:\/\/webs.uab.cat\/labhuma\/wp-json\/wp\/v2\/pages\/1166"}],"wp:attachment":[{"href":"https:\/\/webs.uab.cat\/labhuma\/wp-json\/wp\/v2\/media?parent=1211"}],"curies":[{"name":"wp","href":"https:\/\/api.w.org\/{rel}","templated":true}]}}