{"id":1242,"date":"2021-08-07T12:38:10","date_gmt":"2021-08-07T10:38:10","guid":{"rendered":"https:\/\/webs.uab.cat\/labhuma\/ministerio-de-ciencia\/"},"modified":"2026-03-20T18:48:42","modified_gmt":"2026-03-20T16:48:42","slug":"ministerio-de-ciencia","status":"publish","type":"page","link":"https:\/\/webs.uab.cat\/labhuma\/proyectos\/ministerio-de-ciencia\/?lang=es","title":{"rendered":"Ministerio de Ciencia, Innovaci\u00f3n y Universidades"},"content":{"rendered":"\n<p><strong>Proyectos financiados por el Ministerio de Ciencia, Innovaci\u00f3n y Universidades<\/strong><\/p>\n\n\n\n<p><strong>Conducta agresiva y trastornos de conducta: desarrollo y heterogeneidad en la cohorte longitudinal ABCD en infancia media y tard\u00eda (ABCD-2)&nbsp;<\/strong><br>Referencia: PID2023-147470NB-I00<br>Duraci\u00f3n: 2024-2028.<br>IPs: Beatriz Molinuevo, Roser Nadal.<\/p>\n\n\n\n<p><strong>Autolesi\u00f3n no suicida en jovenes adultos: papel del procesamiento de la recompensa social, la impulsividad y la sensibilidad social.<\/strong><br>Referencia: PID2021-129109OB-I00<br>Duraci\u00f3n: 2022-2025.<br>IP: Daniel Vega.<\/p>\n\n\n\n<p><strong><a href=\"https:\/\/webs.uab.cat\/labhuma\/proyectos\/ministerio-de-ciencia\/abcd\/?lang=es\">Conducta agresiva y trastornos de conducta: heterogenidad y desarrollo en ninos y ni\u00f1as (ABCD)<\/a><\/strong><br>Referencia: PID2020-113697RB-I00<br>Duraci\u00f3n: 2021-2024<br>IPs: Beatriz Molinuevo i Roser Nadal<\/p>\n\n\n\n<p><a href=\"https:\/\/blogs.uab.cat\/labhuma\/projectes\/emprolimit\/\"><strong>Utilidad cl\u00ednica en ni\u00f1os del especificador con emociones prosociales limitadas del trastorno de conducta: evaluaci\u00f3n y correlatos atencionales y emocionales.<\/strong> (EMPROLIMIT).<\/a><br>Referencia: PSI2015-67441-R<br>Duraci\u00f3n: 2015-2021.<br>IPs: Rafael Torrubia i Beatriz Molinuevo<\/p>\n\n\n\n<p><strong>Papel del procesamiento de la recompensa en las conductas de autolesi\u00f3n no suicidas en j\u00f3venes adultos con y sin trastornos l\u00edmite de la personalidad .<\/strong><br>Referencia: PSI2016-79980-P<br>Duraci\u00f3n: 2016-2019<br>IP: Daniel Vega<\/p>\n\n\n\n<p><strong>Papel de la expectativa en la modulaci\u00f3n de los ritmos cerebrales asociados al procesamiento del castigo y la recompensa en humanos.<\/strong><br>Referencia: PSI2012-37472<br>Duraci\u00f3n: 2013\u20132015<br>IP: Josep Marco Pallar\u00e9s<\/p>\n\n\n\n<p><strong>Estudio de la sensibilidad gen\u00e9tica al ambiente en pacientes con trastorno l\u00edmite de la personalidad: estudio caso-control de la interacci\u00f3n gen-ambiente.<\/strong> Instituto de Salud Carlos III.<br>Referencia: PI10\/00253<br>Duraci\u00f3n: 2011\u20132013<br>IP: Juan Carlos Pascual<\/p>\n\n\n\n<p><strong>La generalizaci\u00f3n del miedo condicionado y el condicionamiento del miedo a est\u00edmulos socialmente relevantes como marcadores de vulnerabilidad a la ansiedad patol\u00f3gica.<\/strong><br>Referencia: PS09\/00307<br>Duraci\u00f3n: 2010-2012<br>IP: Rafael Torrubia<\/p>\n\n\n\n<p><strong>El condicionamiento cl\u00e1sico y los or\u00edgenes de la ansiedad patol\u00f3gica: una aproximaci\u00f3n a trav\u00e9s de la metodolog\u00eda del reflejo de sobresalto.<\/strong><br>Referencia: SEJ2006-10237<br>Duraci\u00f3n: 2006-2009. I<br>P: Rafael Torrubia<\/p>\n","protected":false},"excerpt":{"rendered":"<p>Proyectos financiados por el Ministerio de Ciencia, Innovaci\u00f3n y Universidades Conducta agresiva y trastornos de conducta: desarrollo y heterogeneidad en la cohorte longitudinal ABCD en infancia media y tard\u00eda (ABCD-2)&nbsp;Referencia: PID2023-147470NB-I00Duraci\u00f3n: 2024-2028.IPs: Beatriz Molinuevo, Roser Nadal. Autolesi\u00f3n no suicida en jovenes adultos: papel del procesamiento de la recompensa social, la impulsividad y la sensibilidad social.Referencia: [&hellip;]<\/p>\n","protected":false},"author":544,"featured_media":0,"parent":1140,"menu_order":0,"comment_status":"closed","ping_status":"closed","template":"","meta":{"footnotes":""},"class_list":["post-1242","page","type-page","status-publish","hentry"],"_links":{"self":[{"href":"https:\/\/webs.uab.cat\/labhuma\/wp-json\/wp\/v2\/pages\/1242","targetHints":{"allow":["GET"]}}],"collection":[{"href":"https:\/\/webs.uab.cat\/labhuma\/wp-json\/wp\/v2\/pages"}],"about":[{"href":"https:\/\/webs.uab.cat\/labhuma\/wp-json\/wp\/v2\/types\/page"}],"author":[{"embeddable":true,"href":"https:\/\/webs.uab.cat\/labhuma\/wp-json\/wp\/v2\/users\/544"}],"replies":[{"embeddable":true,"href":"https:\/\/webs.uab.cat\/labhuma\/wp-json\/wp\/v2\/comments?post=1242"}],"version-history":[{"count":6,"href":"https:\/\/webs.uab.cat\/labhuma\/wp-json\/wp\/v2\/pages\/1242\/revisions"}],"predecessor-version":[{"id":3031,"href":"https:\/\/webs.uab.cat\/labhuma\/wp-json\/wp\/v2\/pages\/1242\/revisions\/3031"}],"up":[{"embeddable":true,"href":"https:\/\/webs.uab.cat\/labhuma\/wp-json\/wp\/v2\/pages\/1140"}],"wp:attachment":[{"href":"https:\/\/webs.uab.cat\/labhuma\/wp-json\/wp\/v2\/media?parent=1242"}],"curies":[{"name":"wp","href":"https:\/\/api.w.org\/{rel}","templated":true}]}}