{"id":1251,"date":"2022-04-28T09:08:21","date_gmt":"2022-04-28T07:08:21","guid":{"rendered":"https:\/\/webs.uab.cat\/labhuma\/cpti\/"},"modified":"2024-12-13T15:59:47","modified_gmt":"2024-12-13T13:59:47","slug":"cpti","status":"publish","type":"page","link":"https:\/\/webs.uab.cat\/labhuma\/instrumentos\/cpti\/?lang=es","title":{"rendered":"Child Problematic Traits Inventory (CPTI)"},"content":{"rendered":"<p>El <a href=\"https:\/\/www.oru.se\/english\/research\/research-environments\/hs\/caps\/cpti\/\"><em>Child Problematic Traits Inventory<\/em><\/a> (CPTI) es un instrumento psicom\u00e9trico, dise\u00f1ado por el profesor Henrik Andershed de la \u00d6rebro University (Suecia), el objetivo del cual es evaluar los rasgos de personalidad psicop\u00e1tica en ni\u00f1os y ni\u00f1as de 3 a 12 a\u00f1os.<\/p>\n<p>Ha sido adaptado al castellano por los equipos de investigaci\u00f3n\u00a0<a href=\"https:\/\/www.stress.deusto.es\/\"><em>Deusto Stress Research<\/em><\/a> y Laboratorio Humano de la Universitat Aut\u00f2noma de Barcelona con autorizaci\u00f3n del autor.<\/p>\n<p>La versi\u00f3n para docentes y\/o padres\/madres se puede descargar <a href=\"https:\/\/cutt.ly\/sCIbXDZ\">aqu\u00ed<\/a>.<\/p>\n<p>Una parte de los estudios de validaci\u00f3n de la traducci\u00f3n al castellano se han hecho en colaboraci\u00f3n con el grupo de investigaci\u00f3n <a href=\"https:\/\/underisk.gal\/?lang=es\">Underisk<\/a> de la Universidad de Santiago de Compostela y con el grupo del Dr. Miquel Casas del <a href=\"https:\/\/www.sjdhospitalbarcelona.org\/es\/sjd-mind-escuelas\">Programa SJD MIND escuelas<\/a> y con el Dr. H. Andershed y el Dr. O.F. Colins.<\/p>\n<p><strong>Referencias de los trabajos de validaci\u00f3n realizados en colaboraci\u00f3n con otros grupos de investigaci\u00f3n:<\/strong><\/p>\n<ul>\n<li>Barrau, V., L\u00f3pez-Romero, L., Bosch, R., Torrubia, R., Casas, M., &amp; Molinuevo, B. (2022). Further Validation of the Spanish Pariente-Reported Child Problematic Traits Inventory: Discriminando Validity for Distinguishing Children Vulnerable tono Externalizing and Other Psychopathology Conditions. Journal of Psychopathology and Behavioral Assessment, 44(1), 245\u2013260. <a href=\"https:\/\/doi.org\/10.1007\/s10862-021-09921-z\">https:\/\/doi.org\/10.1007\/s10862-021-09921-z<\/a><\/li>\n<li>L\u00f3pez-Romero, L., Molinuevo, B., Bonillo, A., Andershed, H., Colins, O. F., Torrubia, R., &amp; Romero, E. (2019). Psychometric properties of the Spanish version of the Child Problematic Traits Inventory in 3- tono 12-year-old Spanish children. European Journal of Psychological Assessment, 35(6), 842\u2013854. <a href=\"https:\/\/doi.org\/10.1027\/1015-5759\/a000458\">https:\/\/doi.org\/10.1027\/1015-5759\/a000458<\/a><\/li>\n<\/ul>\n","protected":false},"excerpt":{"rendered":"<p>El Child Problematic Traits Inventory (CPTI) es un instrumento psicom\u00e9trico, dise\u00f1ado por el profesor Henrik Andershed de la \u00d6rebro University (Suecia), el objetivo del cual es evaluar los rasgos de personalidad psicop\u00e1tica en ni\u00f1os y ni\u00f1as de 3 a 12 a\u00f1os. Ha sido adaptado al castellano por los equipos de investigaci\u00f3n\u00a0Deusto Stress Research y Laboratorio [&hellip;]<\/p>\n","protected":false},"author":544,"featured_media":0,"parent":1164,"menu_order":0,"comment_status":"closed","ping_status":"closed","template":"","meta":{"footnotes":""},"class_list":["post-1251","page","type-page","status-publish","hentry"],"_links":{"self":[{"href":"https:\/\/webs.uab.cat\/labhuma\/wp-json\/wp\/v2\/pages\/1251","targetHints":{"allow":["GET"]}}],"collection":[{"href":"https:\/\/webs.uab.cat\/labhuma\/wp-json\/wp\/v2\/pages"}],"about":[{"href":"https:\/\/webs.uab.cat\/labhuma\/wp-json\/wp\/v2\/types\/page"}],"author":[{"embeddable":true,"href":"https:\/\/webs.uab.cat\/labhuma\/wp-json\/wp\/v2\/users\/544"}],"replies":[{"embeddable":true,"href":"https:\/\/webs.uab.cat\/labhuma\/wp-json\/wp\/v2\/comments?post=1251"}],"version-history":[{"count":3,"href":"https:\/\/webs.uab.cat\/labhuma\/wp-json\/wp\/v2\/pages\/1251\/revisions"}],"predecessor-version":[{"id":2621,"href":"https:\/\/webs.uab.cat\/labhuma\/wp-json\/wp\/v2\/pages\/1251\/revisions\/2621"}],"up":[{"embeddable":true,"href":"https:\/\/webs.uab.cat\/labhuma\/wp-json\/wp\/v2\/pages\/1164"}],"wp:attachment":[{"href":"https:\/\/webs.uab.cat\/labhuma\/wp-json\/wp\/v2\/media?parent=1251"}],"curies":[{"name":"wp","href":"https:\/\/api.w.org\/{rel}","templated":true}]}}