{"id":1254,"date":"2022-04-28T09:09:05","date_gmt":"2022-04-28T07:09:05","guid":{"rendered":"https:\/\/webs.uab.cat\/labhuma\/cape\/"},"modified":"2022-12-05T12:23:27","modified_gmt":"2022-12-05T10:23:27","slug":"cape","status":"publish","type":"page","link":"https:\/\/webs.uab.cat\/labhuma\/instrumentos\/cape\/?lang=es","title":{"rendered":"Clinical Assessment Prosocial Emotions (CAPE)"},"content":{"rendered":"<p>El <a href=\"https:\/\/faculty.lsu.edu\/pfricklab\/cape.php\">Clinical Assessment Prosocial Emotions, Version 1.1 (CAPO 1.1)<\/a> es un nuevo m\u00e9todo en desarrollo, dise\u00f1ado por el profesor <a href=\"https:\/\/faculty.lsu.edu\/pfricklab\/\">Paul Frick<\/a> de la University of New Orleans, el objetivo del cual es evaluar el nuevo especificador \u201c<em>con emociones prosociales limitadas<\/em>\u201d vinculado al diagn\u00f3stico de Trastorno de Conducta incorporado en la quinta edici\u00f3n del Manual Diagn\u00f3stico y Estad\u00edstico de Trastornos Mentales (DSM-5).<\/p>\n<p>El grupo de investigaci\u00f3n Laboratorio Humano pidi\u00f3 la autorizaci\u00f3n al autor Paul\u00a0Frick\u00a0para realizar la adaptaci\u00f3n catalana de la versi\u00f3n escrita de padres\/madres e hijos\/se y estudiar sus propiedades psicom\u00e9tricas. El manual se puede descargar <a href=\"https:\/\/faculty.lsu.edu\/pfricklab\/pdfs\/cape-manual.pdf\">aqu\u00ed<\/a>.<\/p>\n<p><strong>Referencia<\/strong>:<\/p>\n<ul>\n<li>Molinuevo, B., Mart\u00ednez-Membrives, E., Pera-Guardiola, V., Requena, A., Torrent, N., Bonillo, A., Batalla, I., Torrubia, R., &amp; Frick, P. J. (2020).\u00a0<strong><a href=\"https:\/\/doi.org\/10.1177\/0093854819892931\">Psychometric Properties of the Clinical Assessment of Prosocial Emotions: Version 1.1 (CAPE 1.1) in Young Males Who Were Incarcerated<\/a>.<\/strong>\u00a0<em>Criminal Justice and Behavior<\/em>,\u00a0<em>47<\/em>(5), 547\u2013563.<\/li>\n<\/ul>\n","protected":false},"excerpt":{"rendered":"<p>El Clinical Assessment Prosocial Emotions, Version 1.1 (CAPO 1.1) es un nuevo m\u00e9todo en desarrollo, dise\u00f1ado por el profesor Paul Frick de la University of New Orleans, el objetivo del cual es evaluar el nuevo especificador \u201ccon emociones prosociales limitadas\u201d vinculado al diagn\u00f3stico de Trastorno de Conducta incorporado en la quinta edici\u00f3n del Manual Diagn\u00f3stico [&hellip;]<\/p>\n","protected":false},"author":544,"featured_media":0,"parent":1164,"menu_order":0,"comment_status":"closed","ping_status":"closed","template":"","meta":{"footnotes":""},"class_list":["post-1254","page","type-page","status-publish","hentry"],"_links":{"self":[{"href":"https:\/\/webs.uab.cat\/labhuma\/wp-json\/wp\/v2\/pages\/1254","targetHints":{"allow":["GET"]}}],"collection":[{"href":"https:\/\/webs.uab.cat\/labhuma\/wp-json\/wp\/v2\/pages"}],"about":[{"href":"https:\/\/webs.uab.cat\/labhuma\/wp-json\/wp\/v2\/types\/page"}],"author":[{"embeddable":true,"href":"https:\/\/webs.uab.cat\/labhuma\/wp-json\/wp\/v2\/users\/544"}],"replies":[{"embeddable":true,"href":"https:\/\/webs.uab.cat\/labhuma\/wp-json\/wp\/v2\/comments?post=1254"}],"version-history":[{"count":2,"href":"https:\/\/webs.uab.cat\/labhuma\/wp-json\/wp\/v2\/pages\/1254\/revisions"}],"predecessor-version":[{"id":2171,"href":"https:\/\/webs.uab.cat\/labhuma\/wp-json\/wp\/v2\/pages\/1254\/revisions\/2171"}],"up":[{"embeddable":true,"href":"https:\/\/webs.uab.cat\/labhuma\/wp-json\/wp\/v2\/pages\/1164"}],"wp:attachment":[{"href":"https:\/\/webs.uab.cat\/labhuma\/wp-json\/wp\/v2\/media?parent=1254"}],"curies":[{"name":"wp","href":"https:\/\/api.w.org\/{rel}","templated":true}]}}