{"id":151,"date":"2021-02-20T13:26:44","date_gmt":"2021-02-20T11:26:44","guid":{"rendered":"https:\/\/blogs.uab.cat\/motme\/?page_id=151"},"modified":"2026-03-20T16:29:35","modified_gmt":"2026-03-20T14:29:35","slug":"lineas-de-investigacion","status":"publish","type":"page","link":"https:\/\/webs.uab.cat\/labhuma\/quisom\/lineas-de-investigacion\/","title":{"rendered":"L\u00ednies de recerca"},"content":{"rendered":"\n<details class=\"wp-block-mamaduka-toggles wp-block-toggles\"><summary><strong>Els problemes de conducta i els trets temperamentals de risc en poblaci\u00f3 infantojuvenil<\/strong><\/summary><div class=\"wp-block-toggles__content\">\n<p>Es contempla el desenvolupament i\/o adaptaci\u00f3 d&#8217;instruments psicom\u00e8trics d&#8217;avaluaci\u00f3, l&#8217;estudi dels precursors, l&#8217;an\u00e0lisi de la capacitat predictiva del diagn\u00f2stic de psicopatia i la contrastaci\u00f3 de les hip\u00f2tesis neurobiol\u00f2giques basades en el funcionament del Sistema d&#8217;Inhibici\u00f3 Conductual i del Sistema d&#8217;Activaci\u00f3 Conductual.<\/p>\n<\/div><\/details>\n\n\n\n<details class=\"wp-block-mamaduka-toggles wp-block-toggles\"><summary><strong>Els sistemes neurals aversiu i apetitiu com a dimensions de vulnerabilitat a la psicopatologia<\/strong><\/summary><div class=\"wp-block-toggles__content\">\n<p>Estudi del paper dels sistemes aversiu i apetitiu com factors de vulnerabilitat a diversos trastorns (obsessiu-compulsiu, depressi\u00f3 major, trastorn bipolar). Es fa servir metodologia psicom\u00e8trica en poblaci\u00f3 cl\u00ednica i subcl\u00ednica i, en alguns casos, proves de laboratori neuropsicol\u00f2giques i d&#8217;aprenentatge.<\/p>\n<\/div><\/details>\n\n\n\n<details class=\"wp-block-mamaduka-toggles wp-block-toggles\"><summary><strong>Adaptaci\u00f3 i estandarditzaci\u00f3 d&#8217;instruments per al diagn\u00f2stic i l&#8217;avaluaci\u00f3 psicol\u00f2gica dels trastorns externalitzats<\/strong><\/summary><div class=\"wp-block-toggles__content\">\n<p>Aquesta l\u00ednia d&#8217;investigaci\u00f3 pret\u00e9n posar a l&#8217;abast de la comunitat cient\u00edfica alguns instruments d&#8217;avaluaci\u00f3 rellevants per a la investigaci\u00f3 i la cl\u00ednica mitjan\u00e7ant l&#8217;adaptaci\u00f3 al nostre context cultural de q\u00fcestionaris ja publicats en altres pa\u00efsos o la construcci\u00f3 de nous instruments psicom\u00e8trics.<\/p>\n<\/div><\/details>\n\n\n\n<details class=\"wp-block-mamaduka-toggles wp-block-toggles\"><summary><strong>Psicofisiologia de la vulnerabilitat als trastorns d&#8217;ansietat<\/strong><\/summary><div class=\"wp-block-toggles__content\">\n<p>Investigaci\u00f3 en poblaci\u00f3 subcl\u00ednica dels mecanismes psicol\u00f2gics b\u00e0sics implicats en els processos d&#8217;adquisici\u00f3 de la por i de l&#8217;ansietat, utilitzant el reflex d&#8217;ensurt i l&#8217;activitat electrodermal com \u00edndexs de processament afectiu.<\/p>\n<\/div><\/details>\n\n\n\n<details class=\"wp-block-mamaduka-toggles wp-block-toggles\"><summary><strong>Correlats neurobiol\u00f2gics dels trastorns mentals mitjan\u00e7ant t\u00e8cniques de neuroimatge<\/strong><\/summary><div class=\"wp-block-toggles__content\">\n<p>Recerca, mitjan\u00e7ant t\u00e8cniques de resson\u00e0ncia magn\u00e8tica funcional, del funcionament cerebral associat a determinats trastorns mentals (fonamentalment d&#8217;ansietat) i de possibles factors de vulnerabilitat a sofrir aquests trastorns.<\/p>\n<\/div><\/details>\n\n\n\n<details class=\"wp-block-mamaduka-toggles wp-block-toggles\"><summary><strong>Biomarcadors de vulnerabilitat a desenvolupar aquestes problem\u00e0tiques, incloent-hi els relacionats amb els mecanismes de resposta a l&#8217;estr\u00e8s<\/strong><\/summary><div class=\"wp-block-toggles__content\">\n<p>Estudi de possibles biomarcadors relacionats amb la vulnerabilitat i resili\u00e8ncia a desenvolupar problemes de conducta i trets psicop\u00e0tics. S&#8217;inclouen marcadors de l&#8217;eix hipot\u00e0lem-pitu\u00eftari-adrenal, del sistema simp\u00e0tic-medulo-adrenal i de l&#8217;oxitocina.<\/p>\n<\/div><\/details>\n\n\n\n<p><\/p>\n","protected":false},"excerpt":{"rendered":"","protected":false},"author":544,"featured_media":0,"parent":1111,"menu_order":3,"comment_status":"closed","ping_status":"closed","template":"","meta":{"footnotes":""},"class_list":["post-151","page","type-page","status-publish","hentry"],"_links":{"self":[{"href":"https:\/\/webs.uab.cat\/labhuma\/wp-json\/wp\/v2\/pages\/151","targetHints":{"allow":["GET"]}}],"collection":[{"href":"https:\/\/webs.uab.cat\/labhuma\/wp-json\/wp\/v2\/pages"}],"about":[{"href":"https:\/\/webs.uab.cat\/labhuma\/wp-json\/wp\/v2\/types\/page"}],"author":[{"embeddable":true,"href":"https:\/\/webs.uab.cat\/labhuma\/wp-json\/wp\/v2\/users\/544"}],"replies":[{"embeddable":true,"href":"https:\/\/webs.uab.cat\/labhuma\/wp-json\/wp\/v2\/comments?post=151"}],"version-history":[{"count":8,"href":"https:\/\/webs.uab.cat\/labhuma\/wp-json\/wp\/v2\/pages\/151\/revisions"}],"predecessor-version":[{"id":2965,"href":"https:\/\/webs.uab.cat\/labhuma\/wp-json\/wp\/v2\/pages\/151\/revisions\/2965"}],"up":[{"embeddable":true,"href":"https:\/\/webs.uab.cat\/labhuma\/wp-json\/wp\/v2\/pages\/1111"}],"wp:attachment":[{"href":"https:\/\/webs.uab.cat\/labhuma\/wp-json\/wp\/v2\/media?parent=151"}],"curies":[{"name":"wp","href":"https:\/\/api.w.org\/{rel}","templated":true}]}}