{"id":1710,"date":"2022-04-28T09:07:09","date_gmt":"2022-04-28T07:07:09","guid":{"rendered":"https:\/\/webs.uab.cat\/labhuma\/?page_id=1710"},"modified":"2022-12-05T12:23:11","modified_gmt":"2022-12-05T10:23:11","slug":"apq","status":"publish","type":"page","link":"https:\/\/webs.uab.cat\/labhuma\/instrumentos\/apq\/?lang=es","title":{"rendered":"Alabama Parenting Questionnaire (APQ)"},"content":{"rendered":"\n<p>El <a href=\"https:\/\/faculty.lsu.edu\/pfricklab\/alabamaparenting.php\">Alabama Parenting Questionnaire<\/a> (APQ) es un instrumento dise\u00f1ado por el <a href=\"https:\/\/faculty.lsu.edu\/pfricklab\/\">Dr. Paul Frick<\/a> con el objetivo de medir varias dimensiones de pr\u00e1cticas educativas parentales que han demostrado ser importantes para entender el desarrollo de los problemas de conducta y la delincuencia en poblaci\u00f3n infantojuvenil: implicaci\u00f3n, estilo educativo positivo, inconsistencia en la disciplina, escasa monitorizaci\u00f3n\/supervisi\u00f3n y castigo corporal.<\/p>\n\n\n<p><\/p>\n<p>Hay varias versiones:<\/p>\n<p> <\/p>\n<ol class=\"wp-block-list\">\n<li>APQ Child Global Report.<\/li>\n<li>APQ Child Telephone Interview.<\/li>\n<li>APQ Parent Global Report.<\/li>\n<li>APQ Parent Telephone Interview.<\/li>\n<\/ol>\n\n\n<p>El grupo de investigaci\u00f3n Laboratori Hum\u00e0 pidi\u00f3 la autorizaci\u00f3n al autor Paul Frick para realizar la adaptaci\u00f3n catalana de la versi\u00f3n escrita de padres\/madres e hijos\/as y estudiar sus propiedades psicom\u00e9tricas.<\/p>\n\n\n\n<p>La versi\u00f3n del autoinforme para padres\/madres se puede descargar <a href=\"https:\/\/webs.uab.cat\/labhuma\/wp-content\/uploads\/sites\/245\/2022\/05\/APQ-Catalan-Version-parents-SJPsychology-1.pdf\">aqu\u00ed<\/a> y la versi\u00f3n para hijos\/as <a href=\"https:\/\/webs.uab.cat\/labhuma\/wp-content\/uploads\/sites\/245\/2022\/05\/APQ-Catalan-version-nen-SJPsychology.pdf\">aqu\u00ed<\/a>.<\/p>\n\n\n\n<p><strong>Referencias<\/strong>:<\/p>\n\n\n\n<ul class=\"wp-block-list\"><li>Molinuevo, B., Pardo, Y. &amp; R. Torrubia (2011). <a href=\"https:\/\/www.cambridge.org\/core\/journals\/spanish-journal-of-psychology\/article\/abs\/psychometric-analysis-of-the-catalan-version-of-the-alabama-parenting-questionnaire-apq-in-a-community-sample\/1DBA580BFEE868432022F8C68F380153\">Psychometric analysis of the Catalan version of the Alabama Parenting Questionnaire (APQ) in a community sample<\/a>. <em>Spanish Journal of Psychology, 14<\/em>, 944-955.<\/li><li>Molinuevo, B., Bonillo, A., Pardo, Y., Doval, E., &amp; Torrubia, R. (2010). <a href=\"https:\/\/onlinelibrary.wiley.com\/doi\/10.1002\/jcop.20399\">Participation in Extracurricular Activities and Emotional and Behavioral Adjustment in Middle Childhood in Spanish Boys and Girls<\/a>. Journal of Community Psychology, 38(7), 842\u2013857.<\/li><li>Torrubia, R. &amp; Doval, E. (eds.) (2009). <a href=\"https:\/\/fundaciobofill.cat\/uploads\/docs\/v\/d\/l\/v\/t\/8\/g\/o\/o\/496.pdf\"><em>Fam\u00edlia i Educaci\u00f3 a Catalunya<\/em><\/a>. Barcelona: Fundaci\u00f3 Jaume Bofill. ISBN: 784-84-85557-78-3.<\/li><li>Molinuevo, B. (2008). <a href=\"https:\/\/www.tdx.cat\/handle\/10803\/5578#page=1\">Actividades extraescolares y salud mental: estudio de su relaci\u00f3n en poblaci\u00f3n escolar de primaria.<\/a> Tesi Doctoral del programa de Doctorat en Psiquiatria i Psicologia M\u00e8dica del Departament de Psiquiatria i Medicina.<\/li><\/ul>\n","protected":false},"excerpt":{"rendered":"<p>El Alabama Parenting Questionnaire (APQ) es un instrumento dise\u00f1ado por el Dr. Paul Frick con el objetivo de medir varias dimensiones de pr\u00e1cticas educativas parentales que han demostrado ser importantes para entender el desarrollo de los problemas de conducta y la delincuencia en poblaci\u00f3n infantojuvenil: implicaci\u00f3n, estilo educativo positivo, inconsistencia en la disciplina, escasa monitorizaci\u00f3n\/supervisi\u00f3n [&hellip;]<\/p>\n","protected":false},"author":1806,"featured_media":0,"parent":1164,"menu_order":0,"comment_status":"closed","ping_status":"closed","template":"","meta":{"footnotes":""},"class_list":["post-1710","page","type-page","status-publish","hentry"],"_links":{"self":[{"href":"https:\/\/webs.uab.cat\/labhuma\/wp-json\/wp\/v2\/pages\/1710","targetHints":{"allow":["GET"]}}],"collection":[{"href":"https:\/\/webs.uab.cat\/labhuma\/wp-json\/wp\/v2\/pages"}],"about":[{"href":"https:\/\/webs.uab.cat\/labhuma\/wp-json\/wp\/v2\/types\/page"}],"author":[{"embeddable":true,"href":"https:\/\/webs.uab.cat\/labhuma\/wp-json\/wp\/v2\/users\/1806"}],"replies":[{"embeddable":true,"href":"https:\/\/webs.uab.cat\/labhuma\/wp-json\/wp\/v2\/comments?post=1710"}],"version-history":[{"count":5,"href":"https:\/\/webs.uab.cat\/labhuma\/wp-json\/wp\/v2\/pages\/1710\/revisions"}],"predecessor-version":[{"id":2168,"href":"https:\/\/webs.uab.cat\/labhuma\/wp-json\/wp\/v2\/pages\/1710\/revisions\/2168"}],"up":[{"embeddable":true,"href":"https:\/\/webs.uab.cat\/labhuma\/wp-json\/wp\/v2\/pages\/1164"}],"wp:attachment":[{"href":"https:\/\/webs.uab.cat\/labhuma\/wp-json\/wp\/v2\/media?parent=1710"}],"curies":[{"name":"wp","href":"https:\/\/api.w.org\/{rel}","templated":true}]}}