{"id":2185,"date":"2022-12-13T12:11:00","date_gmt":"2022-12-13T10:11:00","guid":{"rendered":"https:\/\/webs.uab.cat\/labhuma\/?page_id=2185"},"modified":"2026-03-20T17:32:36","modified_gmt":"2026-03-20T15:32:36","slug":"becaris-predoctorals","status":"publish","type":"page","link":"https:\/\/webs.uab.cat\/labhuma\/becaris-predoctorals\/","title":{"rendered":"Becaris predoctorals"},"content":{"rendered":"\n<div class=\"wp-block-media-text alignfull is-stacked-on-mobile\" style=\"grid-template-columns:18% auto\"><figure class=\"wp-block-media-text__media\"><img loading=\"lazy\" decoding=\"async\" width=\"636\" height=\"572\" src=\"https:\/\/webs.uab.cat\/labhuma\/wp-content\/uploads\/sites\/245\/2026\/03\/bernat.png\" alt=\"\" class=\"wp-image-2817 size-full\" srcset=\"https:\/\/webs.uab.cat\/labhuma\/wp-content\/uploads\/sites\/245\/2026\/03\/bernat.png 636w, https:\/\/webs.uab.cat\/labhuma\/wp-content\/uploads\/sites\/245\/2026\/03\/bernat-300x270.png 300w\" sizes=\"auto, (max-width: 636px) 100vw, 636px\" \/><\/figure><div class=\"wp-block-media-text__content\">\n<p><strong>Bernat Soley Mateu<\/strong><\/p>\n\n\n\n<p>Graduat en Psicologia (2019) i M\u00e0ster en Neuroci\u00e8ncies (2020), ambd\u00f3s a la Universitat Aut\u00f2noma de Barcelona. En el passat ha treballat en diferents patologies en models animals, com les lesions traum\u00e0tiques cerebrals o l\u2019esquizofr\u00e8nia. Actualment, es troba realitzant la seva tesi dins el projecte Aggressive&nbsp;Behaviour and Conduct Disorder del grup Laboratori Hum\u00e0 estudiant la correlaci\u00f3 entre les conductes agressives, les seves traject\u00f2ries d\u2019evoluci\u00f3 i biomarcadors d\u2019estr\u00e8s. Tamb\u00e9 participa en projectes vinculats al Centro de Investigaci\u00f3n Biom\u00e9dica en Red (CIBERSAM) relacionats amb la depressi\u00f3 i la prevenci\u00f3 de su\u00efcidi al Parc Hospital Taul\u00ed.&nbsp;<\/p>\n\n\n\n<p><strong>Contacte:<\/strong><br>bernat.soley@autonoma.cat<\/p>\n<\/div><\/div>\n\n\n\n<div class=\"wp-block-media-text alignfull is-stacked-on-mobile\" style=\"grid-template-columns:18% auto\"><figure class=\"wp-block-media-text__media\"><img loading=\"lazy\" decoding=\"async\" width=\"339\" height=\"352\" src=\"https:\/\/webs.uab.cat\/labhuma\/wp-content\/uploads\/sites\/245\/2025\/10\/Foto_David_1-1.png\" alt=\"\" class=\"wp-image-2777 size-full\" srcset=\"https:\/\/webs.uab.cat\/labhuma\/wp-content\/uploads\/sites\/245\/2025\/10\/Foto_David_1-1.png 339w, https:\/\/webs.uab.cat\/labhuma\/wp-content\/uploads\/sites\/245\/2025\/10\/Foto_David_1-1-289x300.png 289w\" sizes=\"auto, (max-width: 339px) 100vw, 339px\" \/><\/figure><div class=\"wp-block-media-text__content\">\n<p><strong>David Quevedo Barber<\/strong><\/p>\n\n\n\n<p>Psic\u00f2leg graduat per la Universitat Aut\u00f2noma de Barcelona (2022) amb doble menci\u00f3 al camp de la cl\u00ednica infantojuvenil i d\u2019adults. Ha cursat el M\u00e0ster en Iniciaci\u00f3 a la Recerca en Salut Mental (2023) de la xarxa CIBERSAM focalitzant-se en els trets temperamentals de risc en el seu Treball Final de M\u00e0ster. Actualment realitza la seva tesi doctoral centrant-se en l&#8217;estudi de trets de temperament de risc, la seva associaci\u00f3 amb problemes de conducta i altres indicadors psicol\u00f2gics i psicofisiol\u00f2gics relacionats amb processos d&#8217;aprenentatge. \u00c9s beneficiari del programa predoctoral AGAUR-FI ajuts (2024 FI-1 00558) Joan Or\u00f3 de la Secretaria d\u2019Universitats i Recerca del Departament de Recerca i Universitats de la Generalitat de Catalunya i Fons Social Europeu Plus. Col\u00b7labora amb el grup Laboratori Hum\u00e0 en el projecte ABCD.<\/p>\n\n\n\n<p><strong>Contacte:<\/strong><br>david.quevedo@uab.cat<\/p>\n<\/div><\/div>\n\n\n\n<div class=\"wp-block-media-text alignfull is-stacked-on-mobile\" style=\"grid-template-columns:18% auto\"><figure class=\"wp-block-media-text__media\"><img loading=\"lazy\" decoding=\"async\" width=\"410\" height=\"477\" src=\"https:\/\/webs.uab.cat\/labhuma\/wp-content\/uploads\/sites\/245\/2026\/03\/sebas.png\" alt=\"\" class=\"wp-image-2820 size-full\" srcset=\"https:\/\/webs.uab.cat\/labhuma\/wp-content\/uploads\/sites\/245\/2026\/03\/sebas.png 410w, https:\/\/webs.uab.cat\/labhuma\/wp-content\/uploads\/sites\/245\/2026\/03\/sebas-258x300.png 258w\" sizes=\"auto, (max-width: 410px) 100vw, 410px\" \/><\/figure><div class=\"wp-block-media-text__content\">\n<p><strong>Sebasti\u00e1n Fern\u00e1ndez Ortiz<\/strong><\/p>\n\n\n\n<p>Graduat en Psicologia Cl\u00ednica (2020). M\u00e0ster en\u00a0Neuropsiquiatr\u00eda\u00a0i Psicologia de la Inf\u00e0ncia i l&#8217;Adolesc\u00e8ncia (2021), Postgrau en Neuropsicologia i Neurologia de la Conducta Infantil (2022) i M\u00e0ster en Recerca Cl\u00ednica Aplicada en Ci\u00e8ncies de la Salut (2023). Investigador predoctoral finan\u00e7at per les Ajudes de suport a departaments i unitats de recerca universitaris per a la contractaci\u00f3 de personal investigador predoctoral en formaci\u00f3 (FI-*SDUR\u00a02024). Actualment forma part de l&#8217;equip de recerca del\u00a0Laboratori\u00a0Hum\u00e0\u00a0i desenvolupa la seva tesi doctoral centrada en l&#8217;avaluaci\u00f3 de la conducta agressiva en poblaci\u00f3 infantojuvenil i l&#8217;estudi dels seus correlats cognitius associats al funcionament executiu. Ha participat en col\u00b7laboracions internacionals de recerca amb la Universitat de Conca (l&#8217;Equador), en projectes orientats a la promoci\u00f3 de l&#8217;autonomia, l&#8217;autoconcepte i l&#8217;autoregulaci\u00f3 en poblaci\u00f3 infantojuvenil.<\/p>\n\n\n\n<p><strong>Contacte:<\/strong><\/p>\n\n\n\n<p>darwinsebastian.fernandez@autonoma.cat<\/p>\n<\/div><\/div>\n\n\n\n<div class=\"wp-block-media-text alignfull is-stacked-on-mobile\" style=\"grid-template-columns:18% auto\"><figure class=\"wp-block-media-text__media\"><img loading=\"lazy\" decoding=\"async\" width=\"318\" height=\"398\" src=\"https:\/\/webs.uab.cat\/labhuma\/wp-content\/uploads\/sites\/245\/2026\/03\/mafer.png\" alt=\"\" class=\"wp-image-2823 size-full\" srcset=\"https:\/\/webs.uab.cat\/labhuma\/wp-content\/uploads\/sites\/245\/2026\/03\/mafer.png 318w, https:\/\/webs.uab.cat\/labhuma\/wp-content\/uploads\/sites\/245\/2026\/03\/mafer-240x300.png 240w\" sizes=\"auto, (max-width: 318px) 100vw, 318px\" \/><\/figure><div class=\"wp-block-media-text__content\">\n<p><strong>Maria Fernanda Barreiro <\/strong><\/p>\n\n\n\n<p>Graduada en Biologia per la UAB (2020) i M\u00e0ster en Nutrici\u00f3 i Salut (2023) per la UOC. Ha participat en projectes vinculats a la salut en poblacions infantojuvenils, investigant sobre importants aspectes relacionats en conductes aliment\u00e0ries, estigma corporal i benestar psicol\u00f2gic en adolescents.<br>Actualment, est\u00e0 realitzant la seva tesi doctoral com a bec\u00e0ria FPI dins del projecte ABCD al grup Laboratori Hum\u00e0 per investigar la conducta agressiva en la poblaci\u00f3 infantojuvenil i la seva relaci\u00f3 amb biomarcadors de l\u2019estr\u00e8s.<\/p>\n\n\n\n<p><strong>Contacte:<\/strong><br>mariafernanda.barreiro@uab.cat<\/p>\n<\/div><\/div>\n\n\n\n<div class=\"wp-block-media-text alignfull is-stacked-on-mobile\" style=\"grid-template-columns:18% auto\"><figure class=\"wp-block-media-text__media\"><img loading=\"lazy\" decoding=\"async\" width=\"537\" height=\"773\" src=\"https:\/\/webs.uab.cat\/labhuma\/wp-content\/uploads\/sites\/245\/2025\/10\/photo_2025-10-15_11-39-21-1.png\" alt=\"\" class=\"wp-image-2755 size-full\" srcset=\"https:\/\/webs.uab.cat\/labhuma\/wp-content\/uploads\/sites\/245\/2025\/10\/photo_2025-10-15_11-39-21-1.png 537w, https:\/\/webs.uab.cat\/labhuma\/wp-content\/uploads\/sites\/245\/2025\/10\/photo_2025-10-15_11-39-21-1-208x300.png 208w\" sizes=\"auto, (max-width: 537px) 100vw, 537px\" \/><\/figure><div class=\"wp-block-media-text__content\">\n<p><strong>Gentzane Compte<\/strong><\/p>\n\n\n\n<p>Graduada en Ci\u00e8ncies Biom\u00e8diques (2023) i M\u00e0ster en Neuroci\u00e8ncies (2024) per la Universitat Aut\u00f2noma de Barcelona. Ha col\u00b7laborat en projectes centrats en la neuroplasticitat de l&#8217;hipocamp i els canvis neuropsicol\u00f2gics que ocorren durant l&#8217;embar\u00e0s i la lact\u00e0ncia. Sent benefici\u00e0ria del programa predoctoral FI-Joan Or\u00f3 2025, en aquest moment est\u00e0 treballant en la seva tesi doctoral com a part del projecte ABCD en el grup Laboratori Hum\u00e0, investigant la conducta agressiva i la seva associaci\u00f3 amb biomarcadores d&#8217;estr\u00e8s mitjan\u00e7ant un estudi longitudinal.<\/p>\n\n\n\n<p><strong>Contacte:<\/strong><\/p>\n\n\n\n<p>gentzane.compte@uab.cat<\/p>\n<\/div><\/div>\n","protected":false},"excerpt":{"rendered":"<p>Bernat Soley Mateu Graduat en Psicologia (2019) i M\u00e0ster en Neuroci\u00e8ncies (2020), ambd\u00f3s a la Universitat Aut\u00f2noma de Barcelona. En el passat ha treballat en diferents patologies en models animals, com les lesions traum\u00e0tiques cerebrals o l\u2019esquizofr\u00e8nia. Actualment, es troba realitzant la seva tesi dins el projecte Aggressive&nbsp;Behaviour and Conduct Disorder del grup Laboratori Hum\u00e0 [&hellip;]<\/p>\n","protected":false},"author":1806,"featured_media":0,"parent":0,"menu_order":0,"comment_status":"closed","ping_status":"closed","template":"","meta":{"footnotes":""},"class_list":["post-2185","page","type-page","status-publish","hentry"],"_links":{"self":[{"href":"https:\/\/webs.uab.cat\/labhuma\/wp-json\/wp\/v2\/pages\/2185","targetHints":{"allow":["GET"]}}],"collection":[{"href":"https:\/\/webs.uab.cat\/labhuma\/wp-json\/wp\/v2\/pages"}],"about":[{"href":"https:\/\/webs.uab.cat\/labhuma\/wp-json\/wp\/v2\/types\/page"}],"author":[{"embeddable":true,"href":"https:\/\/webs.uab.cat\/labhuma\/wp-json\/wp\/v2\/users\/1806"}],"replies":[{"embeddable":true,"href":"https:\/\/webs.uab.cat\/labhuma\/wp-json\/wp\/v2\/comments?post=2185"}],"version-history":[{"count":30,"href":"https:\/\/webs.uab.cat\/labhuma\/wp-json\/wp\/v2\/pages\/2185\/revisions"}],"predecessor-version":[{"id":3019,"href":"https:\/\/webs.uab.cat\/labhuma\/wp-json\/wp\/v2\/pages\/2185\/revisions\/3019"}],"wp:attachment":[{"href":"https:\/\/webs.uab.cat\/labhuma\/wp-json\/wp\/v2\/media?parent=2185"}],"curies":[{"name":"wp","href":"https:\/\/api.w.org\/{rel}","templated":true}]}}