{"id":2191,"date":"2022-12-13T12:11:00","date_gmt":"2022-12-13T10:11:00","guid":{"rendered":"https:\/\/webs.uab.cat\/labhuma\/?page_id=2191"},"modified":"2026-03-20T17:31:24","modified_gmt":"2026-03-20T15:31:24","slug":"becarios-predoctorales","status":"publish","type":"page","link":"https:\/\/webs.uab.cat\/labhuma\/becarios-predoctorales\/?lang=es","title":{"rendered":"Becarios predoctorales"},"content":{"rendered":"\n<div class=\"wp-block-media-text alignfull is-stacked-on-mobile\" style=\"grid-template-columns:18% auto\"><figure class=\"wp-block-media-text__media\"><img loading=\"lazy\" decoding=\"async\" width=\"636\" height=\"572\" src=\"https:\/\/webs.uab.cat\/labhuma\/wp-content\/uploads\/sites\/245\/2026\/03\/bernat.png\" alt=\"\" class=\"wp-image-2817 size-full\" srcset=\"https:\/\/webs.uab.cat\/labhuma\/wp-content\/uploads\/sites\/245\/2026\/03\/bernat.png 636w, https:\/\/webs.uab.cat\/labhuma\/wp-content\/uploads\/sites\/245\/2026\/03\/bernat-300x270.png 300w\" sizes=\"auto, (max-width: 636px) 100vw, 636px\" \/><\/figure><div class=\"wp-block-media-text__content\">\n<p><strong>Bernat Soley Mateu<\/strong><\/p>\n\n\n\n<p>Graduado en Psicolog\u00eda (2019) y M\u00e1ster en Neurociencias (2020), ambos en la Universidad Aut\u00f3noma de Barcelona. En el pasado ha trabajado en diferentes patolog\u00edas en modelos animales como las lesiones traum\u00e1ticas cerebrales o la esquizofrenia. Actualmente, se encuentra realizando su tesis dentro del proyecto Aggressive&nbsp;Behaviour and Conduct Disorder del grupo Laborat\u00f2ri Hum\u00e0 estudiando la correlaci\u00f3n entre las conductas agresivas, sus trayectorias de evoluci\u00f3n y biomarcadores de estr\u00e9s. Tambi\u00e9n participa en proyectos vinculados al Centro de Investigaci\u00f3n Biom\u00e9dica en Red (CIBERSAM) relacionados con la depresi\u00f3n y prevenci\u00f3n de suicidio en el Parc Hospital Taul\u00ed.<\/p>\n\n\n\n<p><strong>Contacto:<\/strong><br>bernat.soley@autonoma.cat<\/p>\n<\/div><\/div>\n\n\n\n<div class=\"wp-block-media-text alignfull is-stacked-on-mobile\" style=\"grid-template-columns:18% auto\"><figure class=\"wp-block-media-text__media\"><img loading=\"lazy\" decoding=\"async\" width=\"339\" height=\"352\" src=\"https:\/\/webs.uab.cat\/labhuma\/wp-content\/uploads\/sites\/245\/2025\/10\/Foto_David_1-1.png\" alt=\"\" class=\"wp-image-2777 size-full\" srcset=\"https:\/\/webs.uab.cat\/labhuma\/wp-content\/uploads\/sites\/245\/2025\/10\/Foto_David_1-1.png 339w, https:\/\/webs.uab.cat\/labhuma\/wp-content\/uploads\/sites\/245\/2025\/10\/Foto_David_1-1-289x300.png 289w\" sizes=\"auto, (max-width: 339px) 100vw, 339px\" \/><\/figure><div class=\"wp-block-media-text__content\">\n<p><strong>David Quevedo Barber<\/strong><\/p>\n\n\n\n<p>Psic\u00f3logo graduado por la <strong>Universitat Aut\u00f2noma de Barcelona<\/strong> (2022) con doble menci\u00f3n en el \u00e1mbito de la cl\u00ednica infantojuvenil y de adultos. Ha cursado el M\u00e1ster en Iniciaci\u00f3n a la Investigaci\u00f3n en Salud Mental (2023) de la red <strong>CIBERSAM<\/strong>, centrando su Trabajo Final de M\u00e1ster en los rasgos temperamentales de riesgo. Actualmente realiza su tesis doctoral centr\u00e1ndose en el estudio de rasgos de temperamento de riesgo, su asociaci\u00f3n con problemas de conducta y otros indicadores psicol\u00f3gicos y psicofisiol\u00f3gicos relacionados con procesos de aprendizaje. Es beneficiario del programa predoctoral AGAUR-FI (2024 FI-1 00558) Joan Or\u00f3 de la Secretar\u00eda de Universidades e Investigaci\u00f3n del Departamento de Investigaci\u00f3n y Universidades de la <strong>Generalitat de Catalunya<\/strong> y del Fondo Social Europeo Plus. Colabora con el grupo Laboratori Hum\u00e0 en el proyecto ABCD.<\/p>\n\n\n\n<p><strong>Contacto:<\/strong><br>david.quevedo@uab.cat<\/p>\n<\/div><\/div>\n\n\n\n<div class=\"wp-block-media-text alignfull is-stacked-on-mobile\" style=\"grid-template-columns:18% auto\"><figure class=\"wp-block-media-text__media\"><img loading=\"lazy\" decoding=\"async\" width=\"410\" height=\"477\" src=\"https:\/\/webs.uab.cat\/labhuma\/wp-content\/uploads\/sites\/245\/2026\/03\/sebas.png\" alt=\"\" class=\"wp-image-2820 size-full\" srcset=\"https:\/\/webs.uab.cat\/labhuma\/wp-content\/uploads\/sites\/245\/2026\/03\/sebas.png 410w, https:\/\/webs.uab.cat\/labhuma\/wp-content\/uploads\/sites\/245\/2026\/03\/sebas-258x300.png 258w\" sizes=\"auto, (max-width: 410px) 100vw, 410px\" \/><\/figure><div class=\"wp-block-media-text__content\">\n<p><strong>Sebasti\u00e1n Fern\u00e1ndez Ortiz<\/strong><\/p>\n\n\n\n<p>Graduado en Psicolog\u00eda Cl\u00ednica (2020). M\u00e1ster en Neuropsiquiatr\u00eda y Psicolog\u00eda de la Infancia y la Adolescencia (2021), Postgrado en Neuropsicolog\u00eda y Neurolog\u00eda de la Conducta Infantil (2022) y M\u00e1ster en Investigaci\u00f3n Cl\u00ednica Aplicada en Ciencias de la Salud (2023). Investigador predoctoral financiado por las Ayudas de apoyo a departamentos y unidades de investigaci\u00f3n universitarios para la contrataci\u00f3n de personal investigador predoctoral en formaci\u00f3n (FI-SDUR 2024). Actualmente forma parte del equipo de investigaci\u00f3n del <em>Laboratori Hum\u00e0<\/em> y desarrolla su tesis doctoral centrada en la evaluaci\u00f3n de la conducta agresiva en poblaci\u00f3n infantojuvenil y el estudio de sus correlatos cognitivos asociados al funcionamiento ejecutivo. Ha participado en colaboraciones internacionales de investigaci\u00f3n con la Universidad de Cuenca (Ecuador), en proyectos orientados a la promoci\u00f3n de la autonom\u00eda, el autoconcepto y la autorregulaci\u00f3n en poblaci\u00f3n infantojuvenil.<\/p>\n\n\n\n<p><strong>Contacto:<\/strong><\/p>\n\n\n\n<p>darwinsebastian.fernandez@autonoma.cat<\/p>\n<\/div><\/div>\n\n\n\n<div class=\"wp-block-media-text alignfull is-stacked-on-mobile\" style=\"grid-template-columns:18% auto\"><figure class=\"wp-block-media-text__media\"><img loading=\"lazy\" decoding=\"async\" width=\"318\" height=\"398\" src=\"https:\/\/webs.uab.cat\/labhuma\/wp-content\/uploads\/sites\/245\/2026\/03\/mafer.png\" alt=\"\" class=\"wp-image-2823 size-full\" srcset=\"https:\/\/webs.uab.cat\/labhuma\/wp-content\/uploads\/sites\/245\/2026\/03\/mafer.png 318w, https:\/\/webs.uab.cat\/labhuma\/wp-content\/uploads\/sites\/245\/2026\/03\/mafer-240x300.png 240w\" sizes=\"auto, (max-width: 318px) 100vw, 318px\" \/><\/figure><div class=\"wp-block-media-text__content\">\n<p><strong>Maria Fernanda Barreiro \u00c1lvarez<\/strong><\/p>\n\n\n\n<p>Graduada en Biolog\u00eda por la UAB (2020) y M\u00e1ster en Nutrici\u00f3n y Salud (2023) por la UOC. Ha participado en proyectos vinculados a la salud en poblaci\u00f3n infantojuvenil, investigando sobre importantes aspectos relacionados con conductas alimentarias, estigma corporal, y bienestar psicol\u00f3gico en adolescentes. Actualmente, est\u00e1 realizando su tesis doctoral dentro como becaria FPI del proyecto ABCD en el grupo Laboratorio Humano para investigar la conducta agresiva en poblaci\u00f3n infantojuvenil y su relaci\u00f3n con biomarcadores del estr\u00e9s.&nbsp;<\/p>\n\n\n\n<p><strong>Contacto:<\/strong><br>mariafernanda.barreiro@uab.cat<\/p>\n<\/div><\/div>\n\n\n\n<div class=\"wp-block-media-text alignfull is-stacked-on-mobile\" style=\"grid-template-columns:18% auto\"><figure class=\"wp-block-media-text__media\"><img loading=\"lazy\" decoding=\"async\" width=\"537\" height=\"773\" src=\"https:\/\/webs.uab.cat\/labhuma\/wp-content\/uploads\/sites\/245\/2025\/10\/photo_2025-10-15_11-39-21-1.png\" alt=\"\" class=\"wp-image-2755 size-full\" srcset=\"https:\/\/webs.uab.cat\/labhuma\/wp-content\/uploads\/sites\/245\/2025\/10\/photo_2025-10-15_11-39-21-1.png 537w, https:\/\/webs.uab.cat\/labhuma\/wp-content\/uploads\/sites\/245\/2025\/10\/photo_2025-10-15_11-39-21-1-208x300.png 208w\" sizes=\"auto, (max-width: 537px) 100vw, 537px\" \/><\/figure><div class=\"wp-block-media-text__content\">\n<p><strong>Gentzane Compte<\/strong> <\/p>\n\n\n\n<p>Graduada en Ciencias Biom\u00e9dicas (2023) y M\u00e1ster en Neurociencias (2024) por la Universitat Aut\u00f2noma de Barcelona. Ha colaborado en proyectos centrados en la&nbsp;neuroplasticitat&nbsp;del hipocampo y los cambios neuropsicol\u00f3gicos que ocurren durante el embarazo y la lactancia. Siendo beneficiaria del programa predoctoral FINO-Joan&nbsp;Or\u00f3&nbsp;2025, en este momento est\u00e1 trabajando en su tesis doctoral como parte del proyecto&nbsp;ABCD&nbsp;en el grupo Laboratorio Humano, investigando la conducta agresiva y su asociaci\u00f3n con&nbsp;biomarcadores&nbsp;de estr\u00e9s mediante un estudio longitudinal.<\/p>\n\n\n\n<p><strong>Contacto:<\/strong><\/p>\n\n\n\n<p>gentzane.compte@uab.cat<\/p>\n<\/div><\/div>\n\n\n\n<p><\/p>\n","protected":false},"excerpt":{"rendered":"<p>Bernat Soley Mateu Graduado en Psicolog\u00eda (2019) y M\u00e1ster en Neurociencias (2020), ambos en la Universidad Aut\u00f3noma de Barcelona. En el pasado ha trabajado en diferentes patolog\u00edas en modelos animales como las lesiones traum\u00e1ticas cerebrales o la esquizofrenia. Actualmente, se encuentra realizando su tesis dentro del proyecto Aggressive&nbsp;Behaviour and Conduct Disorder del grupo Laborat\u00f2ri Hum\u00e0 [&hellip;]<\/p>\n","protected":false},"author":1806,"featured_media":0,"parent":0,"menu_order":0,"comment_status":"closed","ping_status":"closed","template":"","meta":{"footnotes":""},"class_list":["post-2191","page","type-page","status-publish","hentry"],"_links":{"self":[{"href":"https:\/\/webs.uab.cat\/labhuma\/wp-json\/wp\/v2\/pages\/2191","targetHints":{"allow":["GET"]}}],"collection":[{"href":"https:\/\/webs.uab.cat\/labhuma\/wp-json\/wp\/v2\/pages"}],"about":[{"href":"https:\/\/webs.uab.cat\/labhuma\/wp-json\/wp\/v2\/types\/page"}],"author":[{"embeddable":true,"href":"https:\/\/webs.uab.cat\/labhuma\/wp-json\/wp\/v2\/users\/1806"}],"replies":[{"embeddable":true,"href":"https:\/\/webs.uab.cat\/labhuma\/wp-json\/wp\/v2\/comments?post=2191"}],"version-history":[{"count":14,"href":"https:\/\/webs.uab.cat\/labhuma\/wp-json\/wp\/v2\/pages\/2191\/revisions"}],"predecessor-version":[{"id":3018,"href":"https:\/\/webs.uab.cat\/labhuma\/wp-json\/wp\/v2\/pages\/2191\/revisions\/3018"}],"wp:attachment":[{"href":"https:\/\/webs.uab.cat\/labhuma\/wp-json\/wp\/v2\/media?parent=2191"}],"curies":[{"name":"wp","href":"https:\/\/api.w.org\/{rel}","templated":true}]}}