{"id":2193,"date":"2022-12-13T12:11:00","date_gmt":"2022-12-13T10:11:00","guid":{"rendered":"https:\/\/webs.uab.cat\/labhuma\/?page_id=2193"},"modified":"2026-03-20T17:33:01","modified_gmt":"2026-03-20T15:33:01","slug":"predoctoral-fellows","status":"publish","type":"page","link":"https:\/\/webs.uab.cat\/labhuma\/predoctoral-fellows\/?lang=en","title":{"rendered":"Predoctoral fellows"},"content":{"rendered":"\n<div class=\"wp-block-media-text alignfull is-stacked-on-mobile\" style=\"grid-template-columns:18% auto\"><figure class=\"wp-block-media-text__media\"><img loading=\"lazy\" decoding=\"async\" width=\"636\" height=\"572\" src=\"https:\/\/webs.uab.cat\/labhuma\/wp-content\/uploads\/sites\/245\/2026\/03\/bernat.png\" alt=\"\" class=\"wp-image-2817 size-full\" srcset=\"https:\/\/webs.uab.cat\/labhuma\/wp-content\/uploads\/sites\/245\/2026\/03\/bernat.png 636w, https:\/\/webs.uab.cat\/labhuma\/wp-content\/uploads\/sites\/245\/2026\/03\/bernat-300x270.png 300w\" sizes=\"auto, (max-width: 636px) 100vw, 636px\" \/><\/figure><div class=\"wp-block-media-text__content\">\n<p><strong>Bernat Soley Mateu<\/strong><\/p>\n\n\n\n<p>Graduated in Psychology (2019) and has coursed a Master in Neurosciences (2020), both at the Autonomous University of Barcelona. In the past, he has worked on different pathologies in animal models, such as traumatic brain injuries or schizophrenia. He is currently completing his thesis within the Human Lab group\u2019s Aggressive Behavior and Conduct Disorder project, studying the correlation between aggressive behaviours, their evolutionary trajectories and biomarkers of stress. He also participates in projects linked to the Centro de Investigaci\u00f3n Biom\u00e9dica en Red (CIBERSAM) related to depression and suicide prevention at Park Hospital Taul\u00ed.<\/p>\n\n\n\n<p><strong>E-mail:<\/strong><br>bernat.soley@autonoma.cat<\/p>\n<\/div><\/div>\n\n\n\n<div class=\"wp-block-media-text alignfull is-stacked-on-mobile\" style=\"grid-template-columns:18% auto\"><figure class=\"wp-block-media-text__media\"><img loading=\"lazy\" decoding=\"async\" width=\"339\" height=\"352\" src=\"https:\/\/webs.uab.cat\/labhuma\/wp-content\/uploads\/sites\/245\/2025\/10\/Foto_David_1-1.png\" alt=\"\" class=\"wp-image-2777 size-full\" srcset=\"https:\/\/webs.uab.cat\/labhuma\/wp-content\/uploads\/sites\/245\/2025\/10\/Foto_David_1-1.png 339w, https:\/\/webs.uab.cat\/labhuma\/wp-content\/uploads\/sites\/245\/2025\/10\/Foto_David_1-1-289x300.png 289w\" sizes=\"auto, (max-width: 339px) 100vw, 339px\" \/><\/figure><div class=\"wp-block-media-text__content\">\n<p><strong>David Quevedo Barber<\/strong><\/p>\n\n\n\n<p>Psychologist graduated from the Universitat Aut\u00f2noma de Barcelona (2022) with a double specialization in child and adolescent clinical psychology and adult clinical psychology. He completed the Master\u2019s Degree in Introduction to Research in Mental Health (2023) within the CIBERSAM network, focusing his Master\u2019s Thesis on temperamental risk traits. He is currently pursuing his PhD, focusing on the study of temperamental risk traits, their association with behavioral problems, and other psychological and psychophysiological indicators related to learning processes. He is a recipient of the AGAUR-FI predoctoral fellowship (2024 FI-1 00558) Joan Or\u00f3 from the Secretariat for Universities and Research of the Department of Research and Universities of the Generalitat de Catalunya, co-funded by the European Social Fund Plus. He collaborates with the Laboratori Hum\u00e0 group on the ABCD project.<\/p>\n\n\n\n<p><strong>E-mail:<\/strong><br>david.quevedo@uab.cat<\/p>\n<\/div><\/div>\n\n\n\n<div class=\"wp-block-media-text alignfull is-stacked-on-mobile\" style=\"grid-template-columns:18% auto\"><figure class=\"wp-block-media-text__media\"><img loading=\"lazy\" decoding=\"async\" width=\"410\" height=\"477\" src=\"https:\/\/webs.uab.cat\/labhuma\/wp-content\/uploads\/sites\/245\/2026\/03\/sebas.png\" alt=\"\" class=\"wp-image-2820 size-full\" srcset=\"https:\/\/webs.uab.cat\/labhuma\/wp-content\/uploads\/sites\/245\/2026\/03\/sebas.png 410w, https:\/\/webs.uab.cat\/labhuma\/wp-content\/uploads\/sites\/245\/2026\/03\/sebas-258x300.png 258w\" sizes=\"auto, (max-width: 410px) 100vw, 410px\" \/><\/figure><div class=\"wp-block-media-text__content\">\n<p><strong>Sebasti\u00e1n Fern\u00e1ndez Ortiz<\/strong><\/p>\n\n\n\n<p>Graduate in Clinical Psychology (2020). Master in Neuropsychiatry and Psychology of Childhood and Adolescent (2021), Postgraduate in Neuropsychology and Neurology of Childhood Behaviour (2022) and Master in Applied Clinical Research in Health Sciences (2023). Predoctoral researcher funded by the Support Grants to university departments and research units for the hiring of predoctoral research personnel in training (FI-SDUR 2024). She is currently part of the Human Laboratory research team and develops her doctoral thesis focused on the evaluation of aggressive behavior in the infant-juvenile population and the study of their cognitive correlates associated with executive functioning. She has participated in international research collaborations with the University of Cuenca (Ecuador), in projects aimed at promoting autonomy, self-concept and self-regulation in the child-juvenile population.<\/p>\n\n\n\n<p><strong>Contacte:<\/strong><\/p>\n\n\n\n<p>darwinsebastian.fernandez@autonoma.cat<\/p>\n<\/div><\/div>\n\n\n\n<div class=\"wp-block-media-text alignfull is-stacked-on-mobile\" style=\"grid-template-columns:18% auto\"><figure class=\"wp-block-media-text__media\"><img loading=\"lazy\" decoding=\"async\" width=\"318\" height=\"398\" src=\"https:\/\/webs.uab.cat\/labhuma\/wp-content\/uploads\/sites\/245\/2026\/03\/mafer.png\" alt=\"\" class=\"wp-image-2823 size-full\" srcset=\"https:\/\/webs.uab.cat\/labhuma\/wp-content\/uploads\/sites\/245\/2026\/03\/mafer.png 318w, https:\/\/webs.uab.cat\/labhuma\/wp-content\/uploads\/sites\/245\/2026\/03\/mafer-240x300.png 240w\" sizes=\"auto, (max-width: 318px) 100vw, 318px\" \/><\/figure><div class=\"wp-block-media-text__content\">\n<p><strong>Maria Fernanda Barreiro <\/strong><\/p>\n\n\n\n<p>Graduated in Biology from UAB (2020) and holds a Master&#8217;s in Nutrition and Health from UOC (2023). She has participated in projects related to health in child and adolescent populations, researching key aspects of eating behaviors, body stigma, and psychological well-being in adolescents. Currently, she is pursuing her doctoral thesis within the ABCD project in the Human Laboratory group, investigating aggressive behavior in children and adolescents and its relationship with stress biomarkers.<\/p>\n\n\n\n<p><strong>E-mail:<\/strong><br>mariafernanda.barreiro@uab.cat<\/p>\n<\/div><\/div>\n\n\n\n<div class=\"wp-block-media-text alignfull is-stacked-on-mobile\" style=\"grid-template-columns:18% auto\"><figure class=\"wp-block-media-text__media\"><img loading=\"lazy\" decoding=\"async\" width=\"537\" height=\"773\" src=\"https:\/\/webs.uab.cat\/labhuma\/wp-content\/uploads\/sites\/245\/2025\/10\/photo_2025-10-15_11-39-21-1.png\" alt=\"\" class=\"wp-image-2755 size-full\" srcset=\"https:\/\/webs.uab.cat\/labhuma\/wp-content\/uploads\/sites\/245\/2025\/10\/photo_2025-10-15_11-39-21-1.png 537w, https:\/\/webs.uab.cat\/labhuma\/wp-content\/uploads\/sites\/245\/2025\/10\/photo_2025-10-15_11-39-21-1-208x300.png 208w\" sizes=\"auto, (max-width: 537px) 100vw, 537px\" \/><\/figure><div class=\"wp-block-media-text__content\">\n<p><strong>Gentzane Compte<\/strong><\/p>\n\n\n\n<p>Graduada en Ci\u00e8ncies Biom\u00e8diques (2023) i M\u00e0ster en Neuroci\u00e8ncies (2024) per la Universitat Aut\u00f2noma de Barcelona. Ha col\u00b7laborat en projectes centrats en la neuroplasticitat de l&#8217;hipocamp i els canvis neuropsicol\u00f2gics que ocorren durant l&#8217;embar\u00e0s i la lact\u00e0ncia. Sent benefici\u00e0ria del programa predoctoral FI-Joan Or\u00f3 2025, en aquest moment est\u00e0 treballant en la seva tesi doctoral com a part del projecte ABCD en el grup Laboratori Hum\u00e0, investigant la conducta agressiva i la seva associaci\u00f3 amb biomarcadores d&#8217;estr\u00e8s mitjan\u00e7ant un estudi longitudinal.<\/p>\n\n\n\n<p><strong>E-mail:<\/strong><\/p>\n\n\n\n<p>gentzane.compte@uab.cat<\/p>\n<\/div><\/div>\n","protected":false},"excerpt":{"rendered":"<p>Bernat Soley Mateu Graduated in Psychology (2019) and has coursed a Master in Neurosciences (2020), both at the Autonomous University of Barcelona. In the past, he has worked on different pathologies in animal models, such as traumatic brain injuries or schizophrenia. He is currently completing his thesis within the Human Lab group\u2019s Aggressive Behavior and [&hellip;]<\/p>\n","protected":false},"author":1806,"featured_media":0,"parent":0,"menu_order":0,"comment_status":"closed","ping_status":"closed","template":"","meta":{"footnotes":""},"class_list":["post-2193","page","type-page","status-publish","hentry"],"_links":{"self":[{"href":"https:\/\/webs.uab.cat\/labhuma\/wp-json\/wp\/v2\/pages\/2193","targetHints":{"allow":["GET"]}}],"collection":[{"href":"https:\/\/webs.uab.cat\/labhuma\/wp-json\/wp\/v2\/pages"}],"about":[{"href":"https:\/\/webs.uab.cat\/labhuma\/wp-json\/wp\/v2\/types\/page"}],"author":[{"embeddable":true,"href":"https:\/\/webs.uab.cat\/labhuma\/wp-json\/wp\/v2\/users\/1806"}],"replies":[{"embeddable":true,"href":"https:\/\/webs.uab.cat\/labhuma\/wp-json\/wp\/v2\/comments?post=2193"}],"version-history":[{"count":17,"href":"https:\/\/webs.uab.cat\/labhuma\/wp-json\/wp\/v2\/pages\/2193\/revisions"}],"predecessor-version":[{"id":3020,"href":"https:\/\/webs.uab.cat\/labhuma\/wp-json\/wp\/v2\/pages\/2193\/revisions\/3020"}],"wp:attachment":[{"href":"https:\/\/webs.uab.cat\/labhuma\/wp-json\/wp\/v2\/media?parent=2193"}],"curies":[{"name":"wp","href":"https:\/\/api.w.org\/{rel}","templated":true}]}}