{"id":2412,"date":"2023-09-22T09:54:57","date_gmt":"2023-09-22T07:54:57","guid":{"rendered":"https:\/\/webs.uab.cat\/labhuma\/?page_id=2412"},"modified":"2026-03-20T16:57:13","modified_gmt":"2026-03-20T14:57:13","slug":"penelo-eva","status":"publish","type":"page","link":"https:\/\/webs.uab.cat\/labhuma\/penelo-eva\/","title":{"rendered":"Eva Penelo"},"content":{"rendered":"<div class=\"wp-block-image\">\n<figure class=\"aligncenter size-full is-resized\"><img loading=\"lazy\" decoding=\"async\" width=\"323\" height=\"399\" src=\"https:\/\/webs.uab.cat\/labhuma\/wp-content\/uploads\/sites\/245\/2023\/10\/Eva-Penelo_web.jpg\" alt=\"\" class=\"wp-image-2458\" style=\"width:163px;height:202px\" srcset=\"https:\/\/webs.uab.cat\/labhuma\/wp-content\/uploads\/sites\/245\/2023\/10\/Eva-Penelo_web.jpg 323w, https:\/\/webs.uab.cat\/labhuma\/wp-content\/uploads\/sites\/245\/2023\/10\/Eva-Penelo_web-243x300.jpg 243w\" sizes=\"auto, (max-width: 323px) 100vw, 323px\" \/><\/figure>\n<\/div>\n\n\n<p class=\"has-text-align-center\">Dra. Eva Penelo<\/p>\n\n\n\n<p>Llicenciada (1997) i Doctora (2009) en Psicologia per la UAB. Postgrau en \u201c<em>Estad\u00edstica en Ciencias de la Salud<\/em>\u201d (2006) i M\u00e0ster en \u201c<em>Metodolog\u00eda de la Investigaci\u00f3n en Ciencias de la Salud<\/em>\u201d (2008) pel Laboratori d\u2019Estad\u00edstica Aplicada i de Modelitzaci\u00f3 de la UAB. \u00c9s professora de la UAB des de 1997, impartint assignatures de Psicometria i de Models Estad\u00edstics i Psicom\u00e8trics i dirigint Treballs de Fi d\u2019Estudis al grau en Psicologia i als m\u00e0sters oficials en Recerca en Psicologia Cl\u00ednica i de la Salut i en Psicologia General Sanit\u00e0ria. Ha co-dirigit vuit tesis doctorals dins dels programes de doctorat en Psicologia Cl\u00ednica i de la Salut i en Psicologia de la Salut i Psicologia de l&#8217;Esport de la UAB. Ha realitzat estades de recerca a la Corporaci\u00f3 Sanit\u00e0ria Parc Taul\u00ed (2006), Universitat M\u00e8dica de Viena (2010) i Universitat de Leiden (2012). Ha participat en m\u00e9s de 120 publicacions en revistes indexades, principalment de primer o segon quartil. Les seves l\u00ednies investigadores principals es centren en la validaci\u00f3 de test i en el modelat de corbes de creixement. A m\u00e9s de dedicar-se a la doc\u00e8ncia i a la recerca, des de 2011 ha estat involucrada en tasques de gesti\u00f3 universit\u00e0ria tant a nivell d\u2019Unitat com de la Facultat de Psicologia.<\/p>\n\n\n\n<p><strong>Contacte:<\/strong><br>eva.penelo@uab.cat<br>Facultat de Psicologia (Unitat de Metodologia de les Ci\u00e8ncies del Comportament, Departament de Psicobiologia i de Metodologia de les Ci\u00e8ncies de la Salut)<br>Despatx B5\/061<br>Universitat Aut\u00f2noma de Barcelona<br>Cerdanyola del Vall\u00e8s, 08193<\/p>\n\n\n\n<p><a href=\"https:\/\/orcid.org\/0000-0001-6796-7660\">ORCID<\/a><\/p>\n","protected":false},"excerpt":{"rendered":"<p>Dra. Eva Penelo Llicenciada (1997) i Doctora (2009) en Psicologia per la UAB. Postgrau en \u201cEstad\u00edstica en Ciencias de la Salud\u201d (2006) i M\u00e0ster en \u201cMetodolog\u00eda de la Investigaci\u00f3n en Ciencias de la Salud\u201d (2008) pel Laboratori d\u2019Estad\u00edstica Aplicada i de Modelitzaci\u00f3 de la UAB. \u00c9s professora de la UAB des de 1997, impartint assignatures [&hellip;]<\/p>\n","protected":false},"author":1806,"featured_media":0,"parent":0,"menu_order":0,"comment_status":"closed","ping_status":"closed","template":"","meta":{"footnotes":""},"class_list":["post-2412","page","type-page","status-publish","hentry"],"_links":{"self":[{"href":"https:\/\/webs.uab.cat\/labhuma\/wp-json\/wp\/v2\/pages\/2412","targetHints":{"allow":["GET"]}}],"collection":[{"href":"https:\/\/webs.uab.cat\/labhuma\/wp-json\/wp\/v2\/pages"}],"about":[{"href":"https:\/\/webs.uab.cat\/labhuma\/wp-json\/wp\/v2\/types\/page"}],"author":[{"embeddable":true,"href":"https:\/\/webs.uab.cat\/labhuma\/wp-json\/wp\/v2\/users\/1806"}],"replies":[{"embeddable":true,"href":"https:\/\/webs.uab.cat\/labhuma\/wp-json\/wp\/v2\/comments?post=2412"}],"version-history":[{"count":5,"href":"https:\/\/webs.uab.cat\/labhuma\/wp-json\/wp\/v2\/pages\/2412\/revisions"}],"predecessor-version":[{"id":2986,"href":"https:\/\/webs.uab.cat\/labhuma\/wp-json\/wp\/v2\/pages\/2412\/revisions\/2986"}],"wp:attachment":[{"href":"https:\/\/webs.uab.cat\/labhuma\/wp-json\/wp\/v2\/media?parent=2412"}],"curies":[{"name":"wp","href":"https:\/\/api.w.org\/{rel}","templated":true}]}}